{"id":72895,"date":"2026-02-10T08:09:55","date_gmt":"2026-02-10T07:09:55","guid":{"rendered":"https:\/\/www.fleurop-home.ch\/de-ch\/p\/fuer-die-frischgebackene-mama-geschenkbox-liverpool"},"modified":"2026-02-10T08:09:55","modified_gmt":"2026-02-10T07:09:55","slug":"fuer-die-frischgebackene-mama-geschenkbox-liverpool","status":"publish","type":"product","link":"https:\/\/www.fleurop-home.ch\/de-ch\/p\/fuer-die-frischgebackene-mama-geschenkbox-liverpool","title":{"rendered":"F\u00fcr die frischgebackene Mama Geschenkbox &#171;Liverpool&#187;"},"content":{"rendered":"<p>Erlebe Freude und Zuwendung mit unserer liebevollen &#171;Frischgebackene Mama&#187; Geschenkbox.<\/p>\n<p>Schenke der neuen Mama ein wenig Ruhe und Gl\u00fcck in dieser besonderen Zeit mit unserer exklusiven &#171;Frischgebackene Mama&#187; Geschenkbox. Sie wurde mit viel Liebe und Bedacht zusammengestellt, um der frischgebackenen Mutter ein L\u00e4cheln zu schenken und sie in den ersten Tagen nach der Geburt zu verw\u00f6hnen. Jede Box enth\u00e4lt sorgf\u00e4ltig ausgew\u00e4hlte, hochwertige Produkte, die ihr helfen, sich zu entspannen, Kraft zu tanken und diesen besonderen Moment zu geniessen. Vom ersten Auspacken bis zum letzten Detail \u2013 diese Box ist das perfekte Geschenk, um einer neuen Mama zu zeigen, wie besonders sie ist.<\/p>\n<p>Unsere &#171;Frischgebackene Mama&#187; Geschenkbox beinhaltet:<br \/>\n&#8211; Weisse kuschelige Socken<br \/>\n&#8211; 2 Haar-Scrunchies<br \/>\n&#8211; kleine Kerze<br \/>\n&#8211; Baby Rassel &#171;Hase&#187; mit Glocke<br \/>\n&#8211; Edle Glasflasche &#171;Mama&#187; mit Strohhalm aus Glas<\/p>\n<p>Das Geschenk wird in einem sch\u00f6nen weissen Karton inklusive Geschenkschleife geliefert und kann sofort verschenkt werden.<\/p>\n<p>Zus\u00e4tzliche Informationen:<br \/>\nPflegehinweis:<br \/>\n&#8211; Nicht sp\u00fclmaschinenfest \u2013 bitte von Hand sp\u00fclen, um den Print zu schonen.<br \/>\n&#8211; Holzart: Buchenholz der Qualit\u00e4tsstufe A<br \/>\n&#8211; Masse Geschenkbox: T: 23cm \/ B: 23cm \/ H: 8cm<\/p>\n","protected":false},"excerpt":{"rendered":"<p>Erlebe Freude und Zuwendung mit unserer liebevollen &#171;Frischgebackene Mama&#187; Geschenkbox. Schenke der neuen Mama ein wenig Ruhe und Gl\u00fcck in dieser besonderen Zeit mit unserer exklusiven &#171;Frischgebackene Mama&#187; Geschenkbox.<\/p>\n","protected":false},"featured_media":72894,"template":"","meta":[],"product_brand":[],"product_cat":[53,1232,1228,1227,52],"product_tag":[1222],"woo-feed-brand":[],"class_list":{"0":"post-72895","1":"product","2":"type-product","3":"status-publish","4":"has-post-thumbnail","6":"product_cat-geschenksets","7":"product_cat-mama-baby","8":"product_cat-babys","9":"product_cat-geschenkboxen","10":"product_cat-geschenke","11":"product_tag-oykami-in-a-box","13":"first","14":"instock","15":"taxable","16":"shipping-taxable","17":"purchasable","18":"product-type-simple"},"_links":{"self":[{"href":"https:\/\/www.fleurop-home.ch\/de-ch\/wp-json\/wp\/v2\/product\/72895","targetHints":{"allow":["GET"]}}],"collection":[{"href":"https:\/\/www.fleurop-home.ch\/de-ch\/wp-json\/wp\/v2\/product"}],"about":[{"href":"https:\/\/www.fleurop-home.ch\/de-ch\/wp-json\/wp\/v2\/types\/product"}],"wp:featuredmedia":[{"embeddable":true,"href":"https:\/\/www.fleurop-home.ch\/de-ch\/wp-json\/wp\/v2\/media\/72894"}],"wp:attachment":[{"href":"https:\/\/www.fleurop-home.ch\/de-ch\/wp-json\/wp\/v2\/media?parent=72895"}],"wp:term":[{"taxonomy":"product_brand","embeddable":true,"href":"https:\/\/www.fleurop-home.ch\/de-ch\/wp-json\/wp\/v2\/product_brand?post=72895"},{"taxonomy":"product_cat","embeddable":true,"href":"https:\/\/www.fleurop-home.ch\/de-ch\/wp-json\/wp\/v2\/product_cat?post=72895"},{"taxonomy":"product_tag","embeddable":true,"href":"https:\/\/www.fleurop-home.ch\/de-ch\/wp-json\/wp\/v2\/product_tag?post=72895"},{"taxonomy":"woo-feed-brand","embeddable":true,"href":"https:\/\/www.fleurop-home.ch\/de-ch\/wp-json\/wp\/v2\/woo-feed-brand?post=72895"}],"curies":[{"name":"wp","href":"https:\/\/api.w.org\/{rel}","templated":true}]}}