{"id":72856,"date":"2026-02-10T08:09:57","date_gmt":"2026-02-10T07:09:57","guid":{"rendered":"https:\/\/www.fleurop-home.ch\/de-ch\/p\/baby-geschenkbox-weiss-paris-robbe-weiss"},"modified":"2026-02-17T09:09:53","modified_gmt":"2026-02-17T08:09:53","slug":"baby-geschenkbox-weiss-paris-robbe-weiss","status":"publish","type":"product","link":"https:\/\/www.fleurop-home.ch\/de-ch\/p\/baby-geschenkbox-weiss-paris-robbe-weiss","title":{"rendered":"Baby Geschenkbox Weiss &#171;Paris&#187; Robbe Weiss"},"content":{"rendered":"<p>Willkommen in der Welt, kleiner Schatz! Feier mit unserer Baby-Geschenkbox die Ankunft eines neuen Lebens.<\/p>\n<p>Die Geburt eines Babys ist ein wundervolles Ereignis, das mit Freude und Liebe gefeiert werden sollte. Unsere Baby-Geschenkbox ist eine liebevolle Geste, um die Eltern zu begl\u00fcckw\u00fcnschen und das Neugeborene willkommen zu heissen.<\/p>\n<p>In unserer sorgf\u00e4ltig zusammengestellten Box findest du eine Vielzahl von liebevollen Geschenken f\u00fcr das Baby und seine stolzen Eltern. Unsere Baby-Geschenkbox ist vollgepackt mit allem, was das Herz begehrt, um den Start ins Leben zu vers\u00fcssen.<\/p>\n<p>Unsere Baby Geschenkbox XL enth\u00e4lt:<br \/>\n&#8211; Wiederaufladbares LED Wal Nachtlicht aus weichem Silikon der d\u00e4nischen Marke &#171;Filibabba&#187;<br \/>\n&#8211; Kuscheltier &#171;Weisse Robbe&#187; der Schwedischen Marke &#171;Bukowski Design&#187;<br \/>\n&#8211; Schnullerkette aus hochwertigem Holz in Weiss<br \/>\n&#8211; Nuscheli Tuch in Weiss aus 100% Baumwolle<br \/>\n&#8211; geh\u00e4kelte Baby-Schuhe in Weiss<br \/>\n&#8211; geh\u00e4kelte Baby M\u00fctze in Weiss<br \/>\n&#8211; Holz Plaquette &#171;hello World&#187;<br \/>\n&#8211; Kreativspielzeug aus Holz<br \/>\n&#8211; Holz-Herz<br \/>\n&#8211; 2er Set Haarb\u00fcrste und Kamm aus hochwertigem Buchenholz<br \/>\n&#8211; \u00dcberraschungspostkarte<\/p>\n<p>All unsere Geschenkboxen wurde mit viel Liebe und gr\u00f6sster Sorgfalt zusammengestellt, um den Bed\u00fcrfnissen des Kindes gerecht zu werden und den Eltern viel Freude zu schenken. Sie eignen sich ideal zur Geburt, f\u00fcr Baby-Partys oder einfach, um frischgebackenen Eltern zu zeigen, dass man an sie denkt \u2661<\/p>\n<p>Verpackt in einem hochwertigen, stabilen Magnetkarton mit sch\u00f6ner Schleife, ist sie sofort bereit zum Verschenken und bleibt als Erinnerungsbox lange erhalten \u2661<\/p>\n<p>Zus\u00e4tzliche Informationen:<br \/>\n&#8211; Holzart: Buchenholz der Qualit\u00e4tsstufe A<br \/>\n&#8211; Masse Geschenkbox: T: 35cm \/ B: 28cm \/ H: 11cm<br \/>\n&#8211; F\u00fcr Babys geeignet<\/p>\n","protected":false},"excerpt":{"rendered":"<p>Willkommen in der Welt, kleiner Schatz! Feier mit unserer Baby-Geschenkbox die Ankunft eines neuen Lebens.<\/p>\n","protected":false},"featured_media":72855,"template":"","meta":[],"product_brand":[],"product_cat":[1233,59,1228,1227,52,53],"product_tag":[1222],"woo-feed-brand":[],"class_list":{"0":"post-72856","1":"product","2":"type-product","3":"status-publish","4":"has-post-thumbnail","6":"product_cat-neutral","7":"product_cat-kids","8":"product_cat-babys","9":"product_cat-geschenkboxen","10":"product_cat-geschenke","11":"product_cat-geschenksets","12":"product_tag-oykami-in-a-box","14":"first","15":"instock","16":"taxable","17":"shipping-taxable","18":"purchasable","19":"product-type-simple"},"_links":{"self":[{"href":"https:\/\/www.fleurop-home.ch\/de-ch\/wp-json\/wp\/v2\/product\/72856","targetHints":{"allow":["GET"]}}],"collection":[{"href":"https:\/\/www.fleurop-home.ch\/de-ch\/wp-json\/wp\/v2\/product"}],"about":[{"href":"https:\/\/www.fleurop-home.ch\/de-ch\/wp-json\/wp\/v2\/types\/product"}],"wp:featuredmedia":[{"embeddable":true,"href":"https:\/\/www.fleurop-home.ch\/de-ch\/wp-json\/wp\/v2\/media\/72855"}],"wp:attachment":[{"href":"https:\/\/www.fleurop-home.ch\/de-ch\/wp-json\/wp\/v2\/media?parent=72856"}],"wp:term":[{"taxonomy":"product_brand","embeddable":true,"href":"https:\/\/www.fleurop-home.ch\/de-ch\/wp-json\/wp\/v2\/product_brand?post=72856"},{"taxonomy":"product_cat","embeddable":true,"href":"https:\/\/www.fleurop-home.ch\/de-ch\/wp-json\/wp\/v2\/product_cat?post=72856"},{"taxonomy":"product_tag","embeddable":true,"href":"https:\/\/www.fleurop-home.ch\/de-ch\/wp-json\/wp\/v2\/product_tag?post=72856"},{"taxonomy":"woo-feed-brand","embeddable":true,"href":"https:\/\/www.fleurop-home.ch\/de-ch\/wp-json\/wp\/v2\/woo-feed-brand?post=72856"}],"curies":[{"name":"wp","href":"https:\/\/api.w.org\/{rel}","templated":true}]}}