{"id":72544,"date":"2026-02-10T08:10:17","date_gmt":"2026-02-10T07:10:17","guid":{"rendered":"https:\/\/www.fleurop-home.ch\/de-ch\/p\/mama-baby-geschenkbox-braune-decke-kapstadt"},"modified":"2026-02-17T09:03:24","modified_gmt":"2026-02-17T08:03:24","slug":"mama-baby-geschenkbox-braune-decke-kapstadt","status":"publish","type":"product","link":"https:\/\/www.fleurop-home.ch\/de-ch\/p\/mama-baby-geschenkbox-braune-decke-kapstadt","title":{"rendered":"Mama &amp; Baby Geschenkbox braune Decke &#171;Kapstadt&#187;"},"content":{"rendered":"<p>Willkommen in der Welt, kleiner Schatz! Feier mit unserer Mama- und Baby-Geschenkbox die Ankunft eines neuen Lebens.<\/p>\n<p>Die Geburt eines Babys ist ein wundervolles Ereignis, das mit Freude und Liebe gefeiert werden sollte. Unsere Mama-Baby-Geschenkbox ist eine liebevolle Geste, um die Eltern zu begl\u00fcckw\u00fcnschen und das Neugeborene willkommen zu heissen. In unserer sorgf\u00e4ltig zusammengestellten Box f\u00fcr Mama &amp; Baby findest du eine Vielzahl von liebevollen Geschenken f\u00fcr das Baby und seine stolzen Eltern. Unsere Baby-Geschenkbox ist vollgepackt mit allem, was das Herz begehrt, um den Start ins Leben zu vers\u00fcssen.<\/p>\n<p>Unsere Mama-Baby Geschenkbox enth\u00e4lt:<br \/>\n&#8211; Grosse kuschelige braune Decke (Gr\u00f6sse L: 1.60m x B: 1.30m)<br \/>\n&#8211; Tee-Tasse<br \/>\n&#8211; &#171;Mom&#187; Holzanh\u00e4nger<br \/>\n&#8211; Kuschelige weisse Socken<br \/>\n&#8211; Kleine Kerze<br \/>\n&#8211; Jute-Secklein<br \/>\n&#8211; 2 Gestrickte Tulpen<br \/>\n&#8211; Badesalz f\u00fcr gem\u00fctliche Stunden<br \/>\n&#8211; \u00dcberraschungspostkarte<\/p>\n<p>All unsere Geschenkboxen wurde mit viel Liebe und gr\u00f6sster Sorgfalt zusammengestellt, um den Bed\u00fcrfnissen des Kindes gerecht zu werden und den Eltern viel Freude zu schenken. Sie eignen sich ideal zur Geburt, f\u00fcr Baby-Partys oder einfach, um frischgebackenen Eltern zu zeigen, dass man an sie denkt \u2661<\/p>\n<p>Verpackt in einem hochwertigen, stabilen Magnetkarton mit sch\u00f6ner Schleife, ist sie sofort bereit zum Verschenken und bleibt als Erinnerungsbox lange erhalten \u2661<\/p>\n<p>Zus\u00e4tzliche Informationen:<br \/>\n&#8211; Holzart: Buchenholz der Qualit\u00e4tsstufe A<br \/>\n&#8211; Masse Geschenkbox: T: 35cm \/ B: 28cm \/ H: 11cm<br \/>\n&#8211; F\u00fcr Babys ab 0+ geeignet<\/p>\n","protected":false},"excerpt":{"rendered":"<p>Willkommen in der Welt, kleiner Schatz! Feier mit unserer Mama- und Baby-Geschenkbox die Ankunft eines neuen Lebens.<\/p>\n","protected":false},"featured_media":72543,"template":"","meta":[],"product_brand":[],"product_cat":[1232,48,1176,59,1228,1227,52,53],"product_tag":[1222],"woo-feed-brand":[],"class_list":{"0":"post-72544","1":"product","2":"type-product","3":"status-publish","4":"has-post-thumbnail","6":"product_cat-mama-baby","7":"product_cat-bad-wellness","8":"product_cat-wohlbefinden","9":"product_cat-kids","10":"product_cat-babys","11":"product_cat-geschenkboxen","12":"product_cat-geschenke","13":"product_cat-geschenksets","14":"product_tag-oykami-in-a-box","16":"first","17":"instock","18":"taxable","19":"shipping-taxable","20":"purchasable","21":"product-type-simple"},"_links":{"self":[{"href":"https:\/\/www.fleurop-home.ch\/de-ch\/wp-json\/wp\/v2\/product\/72544","targetHints":{"allow":["GET"]}}],"collection":[{"href":"https:\/\/www.fleurop-home.ch\/de-ch\/wp-json\/wp\/v2\/product"}],"about":[{"href":"https:\/\/www.fleurop-home.ch\/de-ch\/wp-json\/wp\/v2\/types\/product"}],"wp:featuredmedia":[{"embeddable":true,"href":"https:\/\/www.fleurop-home.ch\/de-ch\/wp-json\/wp\/v2\/media\/72543"}],"wp:attachment":[{"href":"https:\/\/www.fleurop-home.ch\/de-ch\/wp-json\/wp\/v2\/media?parent=72544"}],"wp:term":[{"taxonomy":"product_brand","embeddable":true,"href":"https:\/\/www.fleurop-home.ch\/de-ch\/wp-json\/wp\/v2\/product_brand?post=72544"},{"taxonomy":"product_cat","embeddable":true,"href":"https:\/\/www.fleurop-home.ch\/de-ch\/wp-json\/wp\/v2\/product_cat?post=72544"},{"taxonomy":"product_tag","embeddable":true,"href":"https:\/\/www.fleurop-home.ch\/de-ch\/wp-json\/wp\/v2\/product_tag?post=72544"},{"taxonomy":"woo-feed-brand","embeddable":true,"href":"https:\/\/www.fleurop-home.ch\/de-ch\/wp-json\/wp\/v2\/woo-feed-brand?post=72544"}],"curies":[{"name":"wp","href":"https:\/\/api.w.org\/{rel}","templated":true}]}}