{"id":72508,"date":"2026-02-10T08:10:20","date_gmt":"2026-02-10T07:10:20","guid":{"rendered":"https:\/\/www.fleurop-home.ch\/de-ch\/p\/baby-geschenkbox-2-miffy-blau"},"modified":"2026-02-17T08:41:28","modified_gmt":"2026-02-17T07:41:28","slug":"baby-geschenkbox-2-miffy-blau","status":"publish","type":"product","link":"https:\/\/www.fleurop-home.ch\/de-ch\/p\/baby-geschenkbox-2-miffy-blau","title":{"rendered":"Baby Geschenkbox 2 &#8211; Miffy Blau"},"content":{"rendered":"<p>Willkommen auf der Welt kleiner Schatz!<\/p>\n<p>Eine Geschenkbox f\u00fcr Babys ist etwas Besonderes, weil sie die Freude \u00fcber die Ankunft eines neuen Lebens zum Ausdruck bringen und eine tiefe Bindung zwischen Familie und Freunden sowie dem Baby schaffen. Sie sind ein Ausdruck von Liebe, F\u00fcrsorge und Zuneigung, die das Baby w\u00e4hrend seines Lebens begleiten werden. Die Geburt eines Babys ist etwas ganz Besonderes und wir helfen dir dabei, ein sch\u00f6nes Baby Geschenk zu w\u00e4hlen und zu verschenken.<\/p>\n<p>Die s\u00fcsse 3-teilige Baby Geschenkbox enth\u00e4lt folgende Produkte:<br \/>\n&#8211; Miffy Kuscheltier 25cm von Little Dutch<br \/>\n&#8211; Stoffbuch mit Aktivit\u00e4ten<br \/>\n&#8211; Kurzarmbody in Blau 2-6 Monate<br \/>\n&#8211; \u00dcberraschungs-Postkarte<\/p>\n<p>Das Geschenk wird in einem hochwertigen weissen Karton geliefert und kann sofort verschenkt werden. Der weisse Karton enth\u00e4lt ein Magnet zum zusammenhalten, ist \u00e4usserst stabil und kann wieder verwendet werden. Er wird mit einer sch\u00f6nen Geschenk-Schleife versehen.<\/p>\n<p>Zus\u00e4tzliche Informationen:<br \/>\n&#8211; Holzart: Buchenholz der Qualit\u00e4tsstufe A<br \/>\n&#8211; Masse Geschenkbox: T: 26cm \/ B: 17cm \/ H: 11cm<br \/>\n&#8211; F\u00fcr Babys ab 0+ geeignet<\/p>\n","protected":false},"excerpt":{"rendered":"<p>Willkommen auf der Welt kleiner Schatz! Eine\u00a0Geschenkbox f\u00fcr Babys ist etwas Besonderes, weil sie die Freude \u00fcber die Ankunft eines neuen Lebens zum Ausdruck bringen und eine tiefe Bindung zwischen Familie und Freunden sowie dem Baby schaffen.<\/p>\n","protected":false},"featured_media":72507,"template":"","meta":[],"product_brand":[],"product_cat":[1235,59,1228,1227,52,53],"product_tag":[1222],"woo-feed-brand":[],"class_list":{"0":"post-72508","1":"product","2":"type-product","3":"status-publish","4":"has-post-thumbnail","6":"product_cat-baby-boys","7":"product_cat-kids","8":"product_cat-babys","9":"product_cat-geschenkboxen","10":"product_cat-geschenke","11":"product_cat-geschenksets","12":"product_tag-oykami-in-a-box","14":"first","15":"instock","16":"taxable","17":"shipping-taxable","18":"purchasable","19":"product-type-simple"},"_links":{"self":[{"href":"https:\/\/www.fleurop-home.ch\/de-ch\/wp-json\/wp\/v2\/product\/72508","targetHints":{"allow":["GET"]}}],"collection":[{"href":"https:\/\/www.fleurop-home.ch\/de-ch\/wp-json\/wp\/v2\/product"}],"about":[{"href":"https:\/\/www.fleurop-home.ch\/de-ch\/wp-json\/wp\/v2\/types\/product"}],"wp:featuredmedia":[{"embeddable":true,"href":"https:\/\/www.fleurop-home.ch\/de-ch\/wp-json\/wp\/v2\/media\/72507"}],"wp:attachment":[{"href":"https:\/\/www.fleurop-home.ch\/de-ch\/wp-json\/wp\/v2\/media?parent=72508"}],"wp:term":[{"taxonomy":"product_brand","embeddable":true,"href":"https:\/\/www.fleurop-home.ch\/de-ch\/wp-json\/wp\/v2\/product_brand?post=72508"},{"taxonomy":"product_cat","embeddable":true,"href":"https:\/\/www.fleurop-home.ch\/de-ch\/wp-json\/wp\/v2\/product_cat?post=72508"},{"taxonomy":"product_tag","embeddable":true,"href":"https:\/\/www.fleurop-home.ch\/de-ch\/wp-json\/wp\/v2\/product_tag?post=72508"},{"taxonomy":"woo-feed-brand","embeddable":true,"href":"https:\/\/www.fleurop-home.ch\/de-ch\/wp-json\/wp\/v2\/woo-feed-brand?post=72508"}],"curies":[{"name":"wp","href":"https:\/\/api.w.org\/{rel}","templated":true}]}}