{"id":72433,"date":"2026-02-10T08:10:23","date_gmt":"2026-02-10T07:10:23","guid":{"rendered":"https:\/\/www.fleurop-home.ch\/de-ch\/p\/baby-erinnerungsbox-blau-miffy-kuscheltuch"},"modified":"2026-02-17T08:29:49","modified_gmt":"2026-02-17T07:29:49","slug":"baby-erinnerungsbox-blau-miffy-kuscheltuch","status":"publish","type":"product","link":"https:\/\/www.fleurop-home.ch\/de-ch\/p\/baby-erinnerungsbox-blau-miffy-kuscheltuch","title":{"rendered":"Baby Erinnerungsbox Blau &#8211; Miffy Kuscheltuch"},"content":{"rendered":"<p>Little Dutch Memory-Box \u2013 Limitierte deutsche Version<\/p>\n<p>Die ersten Jahre vergehen wie im Flug \u2013 doch die Erinnerungen bleiben. In dieser liebevoll gestalteten Memory-Box von Little Dutch lassen sich die wertvollsten Momente der Babyzeit stilvoll aufbewahren. Sie bietet zahlreiche M\u00f6glichkeiten, wichtige Meilensteine der kindlichen Entwicklung auf kreative und pers\u00f6nliche Weise festzuhalten.<\/p>\n<p>Ob erste Worte, das Namensb\u00e4ndchen aus dem Spital oder der Lieblingsschnuller \u2013 all diese kleinen, grossen Erinnerungen finden ihren Platz in dieser hochwertigen Box.<\/p>\n<p>Was gibt es Sch\u00f6neres, als sp\u00e4ter gemeinsam mit dem eigenen Kind durch die liebevoll gesammelten Erinnerungen zu bl\u00e4ttern?<\/p>\n<p>\u2661 Limitierte Ausgabe \u2013 komplett auf Deutsch.<\/p>\n<p>Farbe: Blau<br \/>\nMaterial: Karton, Papier, Baumwolle<br \/>\nGr\u00f6sse: 30 x 30 x 6 cm<br \/>\nInhalt: 1 Erinnerungsbox mit umfangreichem Zubeh\u00f6r<br \/>\nSicherheitsstandard: EN-71-1-2-3 konform<br \/>\nMarke Box: Little Dutch<\/p>\n","protected":false},"excerpt":{"rendered":"<p>Little Dutch Memory-Box \u2013 Limitierte deutsche Version<\/p>\n","protected":false},"featured_media":72432,"template":"","meta":[],"product_brand":[],"product_cat":[1235,59,1228,1227,52,53],"product_tag":[1222],"woo-feed-brand":[],"class_list":{"0":"post-72433","1":"product","2":"type-product","3":"status-publish","4":"has-post-thumbnail","6":"product_cat-baby-boys","7":"product_cat-kids","8":"product_cat-babys","9":"product_cat-geschenkboxen","10":"product_cat-geschenke","11":"product_cat-geschenksets","12":"product_tag-oykami-in-a-box","14":"first","15":"instock","16":"taxable","17":"shipping-taxable","18":"purchasable","19":"product-type-simple"},"_links":{"self":[{"href":"https:\/\/www.fleurop-home.ch\/de-ch\/wp-json\/wp\/v2\/product\/72433","targetHints":{"allow":["GET"]}}],"collection":[{"href":"https:\/\/www.fleurop-home.ch\/de-ch\/wp-json\/wp\/v2\/product"}],"about":[{"href":"https:\/\/www.fleurop-home.ch\/de-ch\/wp-json\/wp\/v2\/types\/product"}],"wp:featuredmedia":[{"embeddable":true,"href":"https:\/\/www.fleurop-home.ch\/de-ch\/wp-json\/wp\/v2\/media\/72432"}],"wp:attachment":[{"href":"https:\/\/www.fleurop-home.ch\/de-ch\/wp-json\/wp\/v2\/media?parent=72433"}],"wp:term":[{"taxonomy":"product_brand","embeddable":true,"href":"https:\/\/www.fleurop-home.ch\/de-ch\/wp-json\/wp\/v2\/product_brand?post=72433"},{"taxonomy":"product_cat","embeddable":true,"href":"https:\/\/www.fleurop-home.ch\/de-ch\/wp-json\/wp\/v2\/product_cat?post=72433"},{"taxonomy":"product_tag","embeddable":true,"href":"https:\/\/www.fleurop-home.ch\/de-ch\/wp-json\/wp\/v2\/product_tag?post=72433"},{"taxonomy":"woo-feed-brand","embeddable":true,"href":"https:\/\/www.fleurop-home.ch\/de-ch\/wp-json\/wp\/v2\/woo-feed-brand?post=72433"}],"curies":[{"name":"wp","href":"https:\/\/api.w.org\/{rel}","templated":true}]}}