{"id":72392,"date":"2026-02-10T08:10:25","date_gmt":"2026-02-10T07:10:25","guid":{"rendered":"https:\/\/www.fleurop-home.ch\/de-ch\/p\/baby-geschenkbox-blau-chelsea"},"modified":"2026-02-17T10:44:20","modified_gmt":"2026-02-17T09:44:20","slug":"baby-geschenkbox-blau-chelsea","status":"publish","type":"product","link":"https:\/\/www.fleurop-home.ch\/de-ch\/p\/baby-geschenkbox-blau-chelsea","title":{"rendered":"Baby Geschenkbox Blau &#8211; &#171;Chelsea&#187;"},"content":{"rendered":"<p>Unsere OYKAMI Boxen sind mehr als Geschenke \u2013 sie vereinen hochwertige sch\u00f6ne Sch\u00e4tze, die Geborgenheit und Gl\u00fccksmomente ins Zuhause bringen \u2661<\/p>\n<p>Unsere Baby Geschenkbox enth\u00e4lt:<br \/>\n&#8211; Geh\u00e4kelte Spieluhr Stern mit sch\u00f6ner Musik<br \/>\n&#8211; 2er Set Haarb\u00fcrste aus Naturmaterialien<br \/>\n&#8211; Musselintuch in Blau aus 100% Baumwolle<br \/>\n&#8211; \u00dcberraschungs-Postkarte<\/p>\n<p>All unsere Geschenkboxen wurde mit viel Liebe und gr\u00f6sster Sorgfalt zusammengestellt, um den Bed\u00fcrfnissen des Kindes gerecht zu werden und den Eltern viel Freude zu schenken. Sie eignen sich ideal zur Geburt, f\u00fcr Baby-Partys oder einfach, um frischgebackenen Eltern zu zeigen, dass man an sie denkt \u2661<\/p>\n<p>Verpackt in einem hochwertigen, stabilen Magnetkarton mit sch\u00f6ner Schleife, ist sie sofort bereit zum Verschenken und bleibt als Erinnerungsbox lange erhalten \u2661<\/p>\n","protected":false},"excerpt":{"rendered":"<p>Unsere OYKAMI Boxen sind mehr als Geschenke \u2013 sie vereinen hochwertige sch\u00f6ne Sch\u00e4tze, die Geborgenheit und Gl\u00fccksmomente ins Zuhause bringen.<\/p>\n","protected":false},"featured_media":72391,"template":"","meta":[],"product_brand":[],"product_cat":[1235,59,1228,1227,52,53],"product_tag":[1222],"woo-feed-brand":[],"class_list":{"0":"post-72392","1":"product","2":"type-product","3":"status-publish","4":"has-post-thumbnail","6":"product_cat-baby-boys","7":"product_cat-kids","8":"product_cat-babys","9":"product_cat-geschenkboxen","10":"product_cat-geschenke","11":"product_cat-geschenksets","12":"product_tag-oykami-in-a-box","14":"first","15":"instock","16":"taxable","17":"shipping-taxable","18":"purchasable","19":"product-type-simple"},"_links":{"self":[{"href":"https:\/\/www.fleurop-home.ch\/de-ch\/wp-json\/wp\/v2\/product\/72392","targetHints":{"allow":["GET"]}}],"collection":[{"href":"https:\/\/www.fleurop-home.ch\/de-ch\/wp-json\/wp\/v2\/product"}],"about":[{"href":"https:\/\/www.fleurop-home.ch\/de-ch\/wp-json\/wp\/v2\/types\/product"}],"wp:featuredmedia":[{"embeddable":true,"href":"https:\/\/www.fleurop-home.ch\/de-ch\/wp-json\/wp\/v2\/media\/72391"}],"wp:attachment":[{"href":"https:\/\/www.fleurop-home.ch\/de-ch\/wp-json\/wp\/v2\/media?parent=72392"}],"wp:term":[{"taxonomy":"product_brand","embeddable":true,"href":"https:\/\/www.fleurop-home.ch\/de-ch\/wp-json\/wp\/v2\/product_brand?post=72392"},{"taxonomy":"product_cat","embeddable":true,"href":"https:\/\/www.fleurop-home.ch\/de-ch\/wp-json\/wp\/v2\/product_cat?post=72392"},{"taxonomy":"product_tag","embeddable":true,"href":"https:\/\/www.fleurop-home.ch\/de-ch\/wp-json\/wp\/v2\/product_tag?post=72392"},{"taxonomy":"woo-feed-brand","embeddable":true,"href":"https:\/\/www.fleurop-home.ch\/de-ch\/wp-json\/wp\/v2\/woo-feed-brand?post=72392"}],"curies":[{"name":"wp","href":"https:\/\/api.w.org\/{rel}","templated":true}]}}