{"id":72388,"date":"2026-02-10T08:10:26","date_gmt":"2026-02-10T07:10:26","guid":{"rendered":"https:\/\/www.fleurop-home.ch\/de-ch\/p\/baby-geschenkbox-beige-venedig"},"modified":"2026-02-10T08:10:26","modified_gmt":"2026-02-10T07:10:26","slug":"baby-geschenkbox-beige-venedig","status":"publish","type":"product","link":"https:\/\/www.fleurop-home.ch\/de-ch\/p\/baby-geschenkbox-beige-venedig","title":{"rendered":"Baby Geschenkbox Beige &#171;Venedig&#187;"},"content":{"rendered":"<p>Unsere OYKAMI Boxen sind mehr als Geschenke \u2013 sie vereinen hochwertige sch\u00f6ne Sch\u00e4tze, die Geborgenheit und Gl\u00fccksmomente ins Zuhause bringen \u2661<\/p>\n<p>Unsere Baby Geschenkbox enth\u00e4lt:<br \/>\n&#8211; Baby Musselin Tuch in Beige aus 100% Bio Baumwolle der Marke Filibabba<br \/>\n&#8211; Holzplaquette &#171;hello world&#187;<br \/>\n&#8211; Schnullerkette<br \/>\n&#8211; Gestrickte kleine Hausschuhe<br \/>\n&#8211; Gestrickte M\u00fctze in Weiss<br \/>\n&#8211; \u00dcberraschungs-Postkarte<\/p>\n<p>All unsere Geschenkboxen wurde mit viel Liebe und gr\u00f6sster Sorgfalt zusammengestellt, um den Bed\u00fcrfnissen des Kindes gerecht zu werden und den Eltern viel Freude zu schenken. Sie eignen sich ideal zur Geburt, f\u00fcr Baby-Partys oder einfach, um frischgebackenen Eltern zu zeigen, dass man an sie denkt \u2661<\/p>\n<p>Verpackt in einem hochwertigen, stabilen Magnetkarton mit sch\u00f6ner Schleife, ist sie sofort bereit zum Verschenken und bleibt als Erinnerungsbox lange erhalten \u2661<\/p>\n<p>Zus\u00e4tzliche Informationen:<br \/>\n&#8211; Holzart: Buchenholz der Qualit\u00e4tsstufe A<br \/>\n&#8211; F\u00fcr Babys geeignet<\/p>\n","protected":false},"excerpt":{"rendered":"<p>Unsere OYKAMI Boxen sind mehr als Geschenke \u2013 sie vereinen hochwertige sch\u00f6ne Sch\u00e4tze, die Geborgenheit und Gl\u00fccksmomente ins Zuhause bringen \u2661<\/p>\n","protected":false},"featured_media":72387,"template":"","meta":[],"product_brand":[],"product_cat":[1233,1228,1227],"product_tag":[1222],"woo-feed-brand":[],"class_list":{"0":"post-72388","1":"product","2":"type-product","3":"status-publish","4":"has-post-thumbnail","6":"product_cat-neutral","7":"product_cat-babys","8":"product_cat-geschenkboxen","9":"product_tag-oykami-in-a-box","11":"first","12":"instock","13":"taxable","14":"shipping-taxable","15":"purchasable","16":"product-type-simple"},"_links":{"self":[{"href":"https:\/\/www.fleurop-home.ch\/de-ch\/wp-json\/wp\/v2\/product\/72388","targetHints":{"allow":["GET"]}}],"collection":[{"href":"https:\/\/www.fleurop-home.ch\/de-ch\/wp-json\/wp\/v2\/product"}],"about":[{"href":"https:\/\/www.fleurop-home.ch\/de-ch\/wp-json\/wp\/v2\/types\/product"}],"wp:featuredmedia":[{"embeddable":true,"href":"https:\/\/www.fleurop-home.ch\/de-ch\/wp-json\/wp\/v2\/media\/72387"}],"wp:attachment":[{"href":"https:\/\/www.fleurop-home.ch\/de-ch\/wp-json\/wp\/v2\/media?parent=72388"}],"wp:term":[{"taxonomy":"product_brand","embeddable":true,"href":"https:\/\/www.fleurop-home.ch\/de-ch\/wp-json\/wp\/v2\/product_brand?post=72388"},{"taxonomy":"product_cat","embeddable":true,"href":"https:\/\/www.fleurop-home.ch\/de-ch\/wp-json\/wp\/v2\/product_cat?post=72388"},{"taxonomy":"product_tag","embeddable":true,"href":"https:\/\/www.fleurop-home.ch\/de-ch\/wp-json\/wp\/v2\/product_tag?post=72388"},{"taxonomy":"woo-feed-brand","embeddable":true,"href":"https:\/\/www.fleurop-home.ch\/de-ch\/wp-json\/wp\/v2\/woo-feed-brand?post=72388"}],"curies":[{"name":"wp","href":"https:\/\/api.w.org\/{rel}","templated":true}]}}