{"id":72342,"date":"2026-02-10T08:10:29","date_gmt":"2026-02-10T07:10:29","guid":{"rendered":"https:\/\/www.fleurop-home.ch\/de-ch\/p\/baby-geschenkbox-baby-fuchs-und-eule"},"modified":"2026-02-17T10:52:33","modified_gmt":"2026-02-17T09:52:33","slug":"baby-geschenkbox-baby-fuchs-und-eule","status":"publish","type":"product","link":"https:\/\/www.fleurop-home.ch\/de-ch\/p\/baby-geschenkbox-baby-fuchs-und-eule","title":{"rendered":"Baby Geschenkbox Baby Fuchs und Eule"},"content":{"rendered":"<p>Die s\u00fcsse Baby Geschenkbox Fox von Little Dutch vereint hochwertige Produkte in zarten Farben, die perfekt aufeinander abgestimmt sind. Sie bringt alles mit, was frischgebackene Eltern und ihr Baby in den ersten Wochen besonders sch\u00e4tzen. Liebevoll verpackt und sofort bereit zum Verschenken \u2013 eine Geschenkidee, die Geborgenheit und Freude schenkt.<\/p>\n<p>Die s\u00fcsse Baby Geschenkbox Fox von Little Dutch enth\u00e4lt folgende Produkte:<br \/>\n&#8211; Rassel Fuchs<br \/>\n&#8211; Kuscheltier Fuchs<br \/>\n&#8211; Eule mit Kuscheltuch<br \/>\n&#8211; Baby Musselin Tuch in Blau aus 100% Baumwolle<br \/>\n&#8211; 2 gestrickte Baby Schuhe<br \/>\n&#8211; Weiche Babyb\u00fcrste<br \/>\n&#8211; Schnullerkette in Weiss<br \/>\n&#8211; \u00dcberraschungs-Postkarte<\/p>\n<p>All unsere Geschenkboxen wurde mit viel Liebe und gr\u00f6sster Sorgfalt zusammengestellt, um den Bed\u00fcrfnissen des Kindes gerecht zu werden und den Eltern viel Freude zu schenken. Sie eignen sich ideal zur Geburt, f\u00fcr Baby-Partys oder einfach, um frischgebackenen Eltern zu zeigen, dass man an sie denkt \u2661<\/p>\n<p>Verpackt in einem hochwertigen, stabilen Magnetkarton mit sch\u00f6ner Schleife, ist sie sofort bereit zum Verschenken und bleibt als Erinnerungsbox lange erhalten \u2661<\/p>\n","protected":false},"excerpt":{"rendered":"<p>Die s\u00fcsse Baby Geschenkbox Fox von Little Dutch vereint hochwertige Produkte in zarten Farben, die perfekt aufeinander abgestimmt sind. Sie bringt alles mit, was frischgebackene Eltern und ihr Baby in den ersten Wochen besonders sch\u00e4tzen.<\/p>\n","protected":false},"featured_media":72341,"template":"","meta":[],"product_brand":[],"product_cat":[1235,59,1228,1227,52,53],"product_tag":[1222],"woo-feed-brand":[],"class_list":{"0":"post-72342","1":"product","2":"type-product","3":"status-publish","4":"has-post-thumbnail","6":"product_cat-baby-boys","7":"product_cat-kids","8":"product_cat-babys","9":"product_cat-geschenkboxen","10":"product_cat-geschenke","11":"product_cat-geschenksets","12":"product_tag-oykami-in-a-box","14":"first","15":"instock","16":"taxable","17":"shipping-taxable","18":"purchasable","19":"product-type-simple"},"_links":{"self":[{"href":"https:\/\/www.fleurop-home.ch\/de-ch\/wp-json\/wp\/v2\/product\/72342","targetHints":{"allow":["GET"]}}],"collection":[{"href":"https:\/\/www.fleurop-home.ch\/de-ch\/wp-json\/wp\/v2\/product"}],"about":[{"href":"https:\/\/www.fleurop-home.ch\/de-ch\/wp-json\/wp\/v2\/types\/product"}],"wp:featuredmedia":[{"embeddable":true,"href":"https:\/\/www.fleurop-home.ch\/de-ch\/wp-json\/wp\/v2\/media\/72341"}],"wp:attachment":[{"href":"https:\/\/www.fleurop-home.ch\/de-ch\/wp-json\/wp\/v2\/media?parent=72342"}],"wp:term":[{"taxonomy":"product_brand","embeddable":true,"href":"https:\/\/www.fleurop-home.ch\/de-ch\/wp-json\/wp\/v2\/product_brand?post=72342"},{"taxonomy":"product_cat","embeddable":true,"href":"https:\/\/www.fleurop-home.ch\/de-ch\/wp-json\/wp\/v2\/product_cat?post=72342"},{"taxonomy":"product_tag","embeddable":true,"href":"https:\/\/www.fleurop-home.ch\/de-ch\/wp-json\/wp\/v2\/product_tag?post=72342"},{"taxonomy":"woo-feed-brand","embeddable":true,"href":"https:\/\/www.fleurop-home.ch\/de-ch\/wp-json\/wp\/v2\/woo-feed-brand?post=72342"}],"curies":[{"name":"wp","href":"https:\/\/api.w.org\/{rel}","templated":true}]}}