{"id":72339,"date":"2026-02-10T08:10:29","date_gmt":"2026-02-10T07:10:29","guid":{"rendered":"https:\/\/www.fleurop-home.ch\/de-ch\/p\/baby-geschenkbox-miffy-little-flowers-beige"},"modified":"2026-02-17T10:39:28","modified_gmt":"2026-02-17T09:39:28","slug":"baby-geschenkbox-miffy-little-flowers-beige","status":"publish","type":"product","link":"https:\/\/www.fleurop-home.ch\/de-ch\/p\/baby-geschenkbox-miffy-little-flowers-beige","title":{"rendered":"Baby Geschenkbox Miffy little Flowers Beige"},"content":{"rendered":"<p>Willkommen auf der Welt kleiner Schatz!<\/p>\n<p>Eine Geschenkbox f\u00fcr Babys ist etwas Besonderes, weil sie die Freude \u00fcber die Ankunft eines neuen Lebens zum Ausdruck bringen und eine tiefe Bindung zwischen Familie und Freunden sowie dem Baby schaffen. Sie sind ein Ausdruck von Liebe, F\u00fcrsorge und Zuneigung, die das Baby w\u00e4hrend seines Lebens begleiten werden. Die Geburt eines Babys ist etwas ganz Besonderes und wir helfen dir dabei, ein sch\u00f6nes Baby Geschenk zu w\u00e4hlen und zu verschenken.<\/p>\n<p>Die s\u00fcsse 5-teilige Baby Geschenkbox Vintage Little Flowers von Little Dutch enth\u00e4lt folgende Produkte:<br \/>\n&#8211; Rassel Miffy<br \/>\n&#8211; Kuscheltier Miffy 25cm<br \/>\n&#8211; Miffy mit Kuscheltuch<br \/>\n&#8211; Spucktuch in Beige aus 100% Organischer Baumwolle der d\u00e4nischen Marke &#171;Filibabba&#187;<br \/>\n&#8211; Weiche Babyb\u00fcrste<br \/>\n&#8211; \u00dcberraschungs-Postkarte<\/p>\n<p>Die Baby Geschenkbox von Little Dutch wird in einem sch\u00f6nen Karton mit Schleife geliefert und kann sofort verschenkt werden.<\/p>\n","protected":false},"excerpt":{"rendered":"<p>Willkommen auf der Welt kleiner Schatz! Eine\u00a0Geschenkbox f\u00fcr Babys ist etwas Besonderes, weil sie die Freude \u00fcber die Ankunft eines neuen Lebens zum Ausdruck bringen und eine tiefe Bindung zwischen Familie und Freunden sowie dem Baby schaffen.<\/p>\n","protected":false},"featured_media":72338,"template":"","meta":[],"product_brand":[],"product_cat":[1233,59,1228,1227,52,53],"product_tag":[1222],"woo-feed-brand":[],"class_list":{"0":"post-72339","1":"product","2":"type-product","3":"status-publish","4":"has-post-thumbnail","6":"product_cat-neutral","7":"product_cat-kids","8":"product_cat-babys","9":"product_cat-geschenkboxen","10":"product_cat-geschenke","11":"product_cat-geschenksets","12":"product_tag-oykami-in-a-box","14":"first","15":"instock","16":"taxable","17":"shipping-taxable","18":"purchasable","19":"product-type-simple"},"_links":{"self":[{"href":"https:\/\/www.fleurop-home.ch\/de-ch\/wp-json\/wp\/v2\/product\/72339","targetHints":{"allow":["GET"]}}],"collection":[{"href":"https:\/\/www.fleurop-home.ch\/de-ch\/wp-json\/wp\/v2\/product"}],"about":[{"href":"https:\/\/www.fleurop-home.ch\/de-ch\/wp-json\/wp\/v2\/types\/product"}],"wp:featuredmedia":[{"embeddable":true,"href":"https:\/\/www.fleurop-home.ch\/de-ch\/wp-json\/wp\/v2\/media\/72338"}],"wp:attachment":[{"href":"https:\/\/www.fleurop-home.ch\/de-ch\/wp-json\/wp\/v2\/media?parent=72339"}],"wp:term":[{"taxonomy":"product_brand","embeddable":true,"href":"https:\/\/www.fleurop-home.ch\/de-ch\/wp-json\/wp\/v2\/product_brand?post=72339"},{"taxonomy":"product_cat","embeddable":true,"href":"https:\/\/www.fleurop-home.ch\/de-ch\/wp-json\/wp\/v2\/product_cat?post=72339"},{"taxonomy":"product_tag","embeddable":true,"href":"https:\/\/www.fleurop-home.ch\/de-ch\/wp-json\/wp\/v2\/product_tag?post=72339"},{"taxonomy":"woo-feed-brand","embeddable":true,"href":"https:\/\/www.fleurop-home.ch\/de-ch\/wp-json\/wp\/v2\/woo-feed-brand?post=72339"}],"curies":[{"name":"wp","href":"https:\/\/api.w.org\/{rel}","templated":true}]}}