{"id":72326,"date":"2026-02-10T08:10:30","date_gmt":"2026-02-10T07:10:30","guid":{"rendered":"https:\/\/www.fleurop-home.ch\/de-ch\/p\/badebox-rosa-baer"},"modified":"2026-02-17T09:14:49","modified_gmt":"2026-02-17T08:14:49","slug":"badebox-rosa-baer","status":"publish","type":"product","link":"https:\/\/www.fleurop-home.ch\/de-ch\/p\/badebox-rosa-baer","title":{"rendered":"Badebox rosa B\u00e4r"},"content":{"rendered":"<p>Die Badebox Rosa ist das perfekte Geschenk f\u00fcr kleine Prinzessinnen und ihre Eltern. Enthalten sind ein weiches Kapuzenhandtuch im s\u00fcssen B\u00e4rchen-Design, ein Otter-Spielzeug-Set, ein rosa Badeschwamm sowie ein niedliches Hasen-Badethermometer. Mit dieser liebevoll zusammengestellten Box wird das Baden nicht nur sicher, sondern auch zu einem besonderen Erlebnis. Hochwertige Materialien sorgen f\u00fcr Komfort, Spass und Geborgenheit. Verpackt in unserer stilvollen OYKAMI Geschenkbox wird sie zu einem unvergesslichen Pr\u00e4sent f\u00fcr Geburt, Taufe oder Babyparty.<\/p>\n<p>Unsere Baby Badebox enth\u00e4lt:<br \/>\n&#8211; Badetuch mit B\u00e4rgesicht<br \/>\n&#8211; Badetermometer in Hasenform<br \/>\n&#8211; Otter-Familie mit 3 kleinen Babys f\u00fcr die Badewanne<br \/>\n&#8211; Rosa Badeschwamm<\/p>\n<p>All unsere Geschenkboxen wurde mit viel Liebe und gr\u00f6sster Sorgfalt zusammengestellt, um den Bed\u00fcrfnissen des Kindes gerecht zu werden und den Eltern viel Freude zu schenken. Sie eignen sich ideal zur Geburt, f\u00fcr Baby-Partys oder einfach, um frischgebackenen Eltern zu zeigen, dass man an sie denkt \u2661<\/p>\n<p>Verpackt in einem hochwertigen, stabilen Magnetkarton mit sch\u00f6ner Schleife, ist sie sofort bereit zum Verschenken und bleibt als Erinnerungsbox lange erhalten \u2661<\/p>\n","protected":false},"excerpt":{"rendered":"<p>Die Badebox Rosa ist das perfekte Geschenk f\u00fcr kleine Prinzessinnen und ihre Eltern. Enthalten sind ein weiches Kapuzenhandtuch im s\u00fcssen B\u00e4rchen-Design, ein Otter-Spielzeug-Set, ein rosa Badeschwamm sowie ein niedliches Hasen-Badethermometer.<\/p>\n","protected":false},"featured_media":72325,"template":"","meta":[],"product_brand":[],"product_cat":[1234,48,50,59,1228,1227,52,53],"product_tag":[1222],"woo-feed-brand":[],"class_list":{"0":"post-72326","1":"product","2":"type-product","3":"status-publish","4":"has-post-thumbnail","6":"product_cat-baby-girls","7":"product_cat-bad-wellness","8":"product_cat-badezubehoer","9":"product_cat-kids","10":"product_cat-babys","11":"product_cat-geschenkboxen","12":"product_cat-geschenke","13":"product_cat-geschenksets","14":"product_tag-oykami-in-a-box","16":"first","17":"instock","18":"taxable","19":"shipping-taxable","20":"purchasable","21":"product-type-simple"},"_links":{"self":[{"href":"https:\/\/www.fleurop-home.ch\/de-ch\/wp-json\/wp\/v2\/product\/72326","targetHints":{"allow":["GET"]}}],"collection":[{"href":"https:\/\/www.fleurop-home.ch\/de-ch\/wp-json\/wp\/v2\/product"}],"about":[{"href":"https:\/\/www.fleurop-home.ch\/de-ch\/wp-json\/wp\/v2\/types\/product"}],"wp:featuredmedia":[{"embeddable":true,"href":"https:\/\/www.fleurop-home.ch\/de-ch\/wp-json\/wp\/v2\/media\/72325"}],"wp:attachment":[{"href":"https:\/\/www.fleurop-home.ch\/de-ch\/wp-json\/wp\/v2\/media?parent=72326"}],"wp:term":[{"taxonomy":"product_brand","embeddable":true,"href":"https:\/\/www.fleurop-home.ch\/de-ch\/wp-json\/wp\/v2\/product_brand?post=72326"},{"taxonomy":"product_cat","embeddable":true,"href":"https:\/\/www.fleurop-home.ch\/de-ch\/wp-json\/wp\/v2\/product_cat?post=72326"},{"taxonomy":"product_tag","embeddable":true,"href":"https:\/\/www.fleurop-home.ch\/de-ch\/wp-json\/wp\/v2\/product_tag?post=72326"},{"taxonomy":"woo-feed-brand","embeddable":true,"href":"https:\/\/www.fleurop-home.ch\/de-ch\/wp-json\/wp\/v2\/woo-feed-brand?post=72326"}],"curies":[{"name":"wp","href":"https:\/\/api.w.org\/{rel}","templated":true}]}}