{"id":72288,"date":"2026-02-10T08:11:47","date_gmt":"2026-02-10T07:11:47","guid":{"rendered":"https:\/\/www.fleurop-home.ch\/de-ch\/p\/box-miffy-unterwegs-stipes-blau"},"modified":"2026-02-17T09:16:35","modified_gmt":"2026-02-17T08:16:35","slug":"box-miffy-unterwegs-stipes-blau","status":"publish","type":"product","link":"https:\/\/www.fleurop-home.ch\/de-ch\/p\/box-miffy-unterwegs-stipes-blau","title":{"rendered":"Box Miffy Unterwegs Stipes Blau"},"content":{"rendered":"<p>Eine\u00a0Geschenkbox f\u00fcr Babys ist etwas Besonderes, weil sie die Freude \u00fcber die Ankunft eines neuen Lebens zum Ausdruck bringen und eine tiefe Bindung zwischen Familie und Freunden sowie dem Baby schaffen. Sie sind ein Ausdruck von Liebe, F\u00fcrsorge und Zuneigung, die das Baby w\u00e4hrend seines Lebens begleiten werden \u2661<\/p>\n<p>Diese s\u00fcsse 3-teilige Baby Geschenkbox\u00a0enth\u00e4lt folgende Produkte:<br \/>\n&#8211; Miffy Beissring aus Stoff<br \/>\n&#8211; Verspielte Miffy Kinderwagenkette mit Ballon, Pl\u00fcschh\u00e4schen und Sonne in zarten Farben, die Babys sanft zum Greifen und Entdecken anregt.<br \/>\n&#8211; Spucktuch in Blau aus 100% Organischer Baumwolle der d\u00e4nischen Marke &#171;Filibabba&#187;<br \/>\n&#8211; \u00dcberraschungs-Postkarte<\/p>\n<p>All unsere Geschenkboxen wurde mit viel Liebe und gr\u00f6sster Sorgfalt zusammengestellt, um den Bed\u00fcrfnissen des Kindes gerecht zu werden und den Eltern viel Freude zu schenken. Sie eignen sich ideal zur Geburt, f\u00fcr Baby-Partys oder einfach, um frischgebackenen Eltern zu zeigen, dass man an sie denkt \u2661<\/p>\n<p>Verpackt in einem hochwertigen, stabilen Magnetkarton mit sch\u00f6ner Schleife, ist sie sofort bereit zum Verschenken und bleibt als Erinnerungsbox lange erhalten \u2661<\/p>\n","protected":false},"excerpt":{"rendered":"<p>Eine Geschenkbox f\u00fcr Babys ist etwas Besonderes, weil sie die Freude \u00fcber die Ankunft eines neuen Lebens zum Ausdruck bringen und eine tiefe Bindung zwischen Familie und Freunden sowie dem Baby schaffen.<\/p>\n","protected":false},"featured_media":72287,"template":"","meta":[],"product_brand":[],"product_cat":[1235,59,1228,1227,52,53],"product_tag":[1222],"woo-feed-brand":[],"class_list":{"0":"post-72288","1":"product","2":"type-product","3":"status-publish","4":"has-post-thumbnail","6":"product_cat-baby-boys","7":"product_cat-kids","8":"product_cat-babys","9":"product_cat-geschenkboxen","10":"product_cat-geschenke","11":"product_cat-geschenksets","12":"product_tag-oykami-in-a-box","14":"first","15":"instock","16":"taxable","17":"shipping-taxable","18":"purchasable","19":"product-type-simple"},"_links":{"self":[{"href":"https:\/\/www.fleurop-home.ch\/de-ch\/wp-json\/wp\/v2\/product\/72288","targetHints":{"allow":["GET"]}}],"collection":[{"href":"https:\/\/www.fleurop-home.ch\/de-ch\/wp-json\/wp\/v2\/product"}],"about":[{"href":"https:\/\/www.fleurop-home.ch\/de-ch\/wp-json\/wp\/v2\/types\/product"}],"wp:featuredmedia":[{"embeddable":true,"href":"https:\/\/www.fleurop-home.ch\/de-ch\/wp-json\/wp\/v2\/media\/72287"}],"wp:attachment":[{"href":"https:\/\/www.fleurop-home.ch\/de-ch\/wp-json\/wp\/v2\/media?parent=72288"}],"wp:term":[{"taxonomy":"product_brand","embeddable":true,"href":"https:\/\/www.fleurop-home.ch\/de-ch\/wp-json\/wp\/v2\/product_brand?post=72288"},{"taxonomy":"product_cat","embeddable":true,"href":"https:\/\/www.fleurop-home.ch\/de-ch\/wp-json\/wp\/v2\/product_cat?post=72288"},{"taxonomy":"product_tag","embeddable":true,"href":"https:\/\/www.fleurop-home.ch\/de-ch\/wp-json\/wp\/v2\/product_tag?post=72288"},{"taxonomy":"woo-feed-brand","embeddable":true,"href":"https:\/\/www.fleurop-home.ch\/de-ch\/wp-json\/wp\/v2\/woo-feed-brand?post=72288"}],"curies":[{"name":"wp","href":"https:\/\/api.w.org\/{rel}","templated":true}]}}