{"id":72220,"date":"2026-02-10T08:11:53","date_gmt":"2026-02-10T07:11:53","guid":{"rendered":"https:\/\/www.fleurop-home.ch\/de-ch\/p\/geschenkbox-sweety-moments"},"modified":"2026-02-10T08:11:53","modified_gmt":"2026-02-10T07:11:53","slug":"geschenkbox-sweety-moments","status":"publish","type":"product","link":"https:\/\/www.fleurop-home.ch\/de-ch\/p\/geschenkbox-sweety-moments","title":{"rendered":"Geschenkbox \u201eSweety Moments\u201c"},"content":{"rendered":"<p>Die \u201eSweety Moments\u201c-Box l\u00e4dt zu einer kleinen Auszeit voller W\u00e4rme und Genuss ein. Zarte Marshmallows in Herzform, feiner Tee und kuschelige Socken schenken Geborgenheit und Gem\u00fctlichkeit. Abgerundet wird die Box durch eine elegante dreifarbige Tasse und ein goldenes Herz-Teesieb \u2013 perfekt f\u00fcr gem\u00fctliche Teemomente zuhause. Diese Geschenkbox ist ideal, um lieben Menschen eine s\u00fcsse Freude zu machen und sie mit besonderen Wohlf\u00fchlmomenten zu \u00fcberraschen.<\/p>\n<p>Geschenkbox Inhalt:<br \/>\n&#8211; Steingut-Tasse dreifarbig<br \/>\n&#8211; Herz-Teesieb Gold<br \/>\n&#8211; Marshmallows Herzform<br \/>\n&#8211; Tee \u201eSei frech, wild &amp; wunderbar\u201c<br \/>\n&#8211; Kuschelsocken<br \/>\n&#8211; \u00dcberraschungspostkarte<\/p>\n<p>All unsere Geschenkboxen wurden mit viel Liebe und gr\u00f6sster Sorgfalt zusammengestellt, um Verw\u00f6hnmomente, Entspannung und kleine Gl\u00fccksmomente zu schenken. Sie eignen sich ideal als Dankesch\u00f6n, zum Geburtstag, f\u00fcr Freund:innen, Mitarbeiter:innen oder einfach, um einem besonderen Menschen eine Freude zu machen \u2661<\/p>\n<p>Verpackt in einem hochwertigen, stabilen Magnetkarton mit sch\u00f6ner Schleife, ist sie sofort bereit zum Verschenken und bleibt als stilvolle Aufbewahrungsbox lange erhalten \u2661<\/p>\n","protected":false},"excerpt":{"rendered":"<p>Die \u201eSweety Moments\u201c-Box l\u00e4dt zu einer kleinen Auszeit voller W\u00e4rme und Genuss ein. Zarte Marshmallows in Herzform, feiner Tee und kuschelige Socken schenken Geborgenheit und Gem\u00fctlichkeit.<\/p>\n","protected":false},"featured_media":72219,"template":"","meta":[],"product_brand":[],"product_cat":[53,42,114,885,52,1225],"product_tag":[1222],"woo-feed-brand":[],"class_list":{"0":"post-72220","1":"product","2":"type-product","3":"status-publish","4":"has-post-thumbnail","6":"product_cat-geschenksets","7":"product_cat-kueche","8":"product_cat-schokolade-sweets","9":"product_cat-koestlichkeiten","10":"product_cat-geschenke","11":"product_cat-genuss","12":"product_tag-oykami-in-a-box","14":"first","15":"instock","16":"taxable","17":"shipping-taxable","18":"purchasable","19":"product-type-simple"},"_links":{"self":[{"href":"https:\/\/www.fleurop-home.ch\/de-ch\/wp-json\/wp\/v2\/product\/72220","targetHints":{"allow":["GET"]}}],"collection":[{"href":"https:\/\/www.fleurop-home.ch\/de-ch\/wp-json\/wp\/v2\/product"}],"about":[{"href":"https:\/\/www.fleurop-home.ch\/de-ch\/wp-json\/wp\/v2\/types\/product"}],"wp:featuredmedia":[{"embeddable":true,"href":"https:\/\/www.fleurop-home.ch\/de-ch\/wp-json\/wp\/v2\/media\/72219"}],"wp:attachment":[{"href":"https:\/\/www.fleurop-home.ch\/de-ch\/wp-json\/wp\/v2\/media?parent=72220"}],"wp:term":[{"taxonomy":"product_brand","embeddable":true,"href":"https:\/\/www.fleurop-home.ch\/de-ch\/wp-json\/wp\/v2\/product_brand?post=72220"},{"taxonomy":"product_cat","embeddable":true,"href":"https:\/\/www.fleurop-home.ch\/de-ch\/wp-json\/wp\/v2\/product_cat?post=72220"},{"taxonomy":"product_tag","embeddable":true,"href":"https:\/\/www.fleurop-home.ch\/de-ch\/wp-json\/wp\/v2\/product_tag?post=72220"},{"taxonomy":"woo-feed-brand","embeddable":true,"href":"https:\/\/www.fleurop-home.ch\/de-ch\/wp-json\/wp\/v2\/woo-feed-brand?post=72220"}],"curies":[{"name":"wp","href":"https:\/\/api.w.org\/{rel}","templated":true}]}}