{"id":72217,"date":"2026-02-10T08:11:53","date_gmt":"2026-02-10T07:11:53","guid":{"rendered":"https:\/\/www.fleurop-home.ch\/de-ch\/p\/geschenkbox-sweety-moments-pure-edition"},"modified":"2026-02-10T08:11:53","modified_gmt":"2026-02-10T07:11:53","slug":"geschenkbox-sweety-moments-pure-edition","status":"publish","type":"product","link":"https:\/\/www.fleurop-home.ch\/de-ch\/p\/geschenkbox-sweety-moments-pure-edition","title":{"rendered":"Geschenkbox \u201eSweety Moments \u2013 Pure Edition\u201c"},"content":{"rendered":"<p>Die \u201eSweet Moments \u2013 Pure Edition\u201c ist eine liebevolle Einladung zu gem\u00fctlichen Wohlf\u00fchlmomenten. Zarte Marshmallows in Herzform, feiner Tee und kuschelige Socken sorgen f\u00fcr W\u00e4rme und Geborgenheit. Abgerundet wird die Box durch eine minimalistische Steintasse und ein goldenes Herz-Teesieb \u2013 perfekt f\u00fcr entspannte Teemomente und kleine Auszeiten vom Alltag.<\/p>\n<p>Geschenkbox Inhalt:<br \/>\n&#8211; Steingut-Tasse<br \/>\n&#8211; Herz-Teesieb Gold<br \/>\n&#8211; Marshmallows Herzform<br \/>\n&#8211; Tee \u201eSei frech, wild &amp; wunderbar\u201c<br \/>\n&#8211; Kuschelsocken<br \/>\n&#8211; \u00dcberraschungspostkarte<\/p>\n<p>Alle OYKAMI Geschenkboxen werden mit viel Liebe und Sorgfalt von Hand gepackt. Sie eignen sich wunderbar als Dankesch\u00f6n, Geburtstagsgeschenk oder kleine Aufmerksamkeit f\u00fcr besondere Menschen \u2661<\/p>\n<p>Verpackt in einem hochwertigen Magnetkarton mit sch\u00f6ner Schleife, bleibt die Box als stilvolle Aufbewahrung lange erhalten.<\/p>\n","protected":false},"excerpt":{"rendered":"<p>Die \u201eSweet Moments \u2013 Pure Edition\u201c ist eine liebevolle Einladung zu gem\u00fctlichen Wohlf\u00fchlmomenten. Zarte Marshmallows in Herzform, feiner Tee und kuschelige Socken sorgen f\u00fcr W\u00e4rme und Geborgenheit.<\/p>\n","protected":false},"featured_media":72216,"template":"","meta":[],"product_brand":[],"product_cat":[53,42,114,885,52,1225],"product_tag":[1222],"woo-feed-brand":[],"class_list":{"0":"post-72217","1":"product","2":"type-product","3":"status-publish","4":"has-post-thumbnail","6":"product_cat-geschenksets","7":"product_cat-kueche","8":"product_cat-schokolade-sweets","9":"product_cat-koestlichkeiten","10":"product_cat-geschenke","11":"product_cat-genuss","12":"product_tag-oykami-in-a-box","14":"first","15":"instock","16":"taxable","17":"shipping-taxable","18":"purchasable","19":"product-type-simple"},"_links":{"self":[{"href":"https:\/\/www.fleurop-home.ch\/de-ch\/wp-json\/wp\/v2\/product\/72217","targetHints":{"allow":["GET"]}}],"collection":[{"href":"https:\/\/www.fleurop-home.ch\/de-ch\/wp-json\/wp\/v2\/product"}],"about":[{"href":"https:\/\/www.fleurop-home.ch\/de-ch\/wp-json\/wp\/v2\/types\/product"}],"wp:featuredmedia":[{"embeddable":true,"href":"https:\/\/www.fleurop-home.ch\/de-ch\/wp-json\/wp\/v2\/media\/72216"}],"wp:attachment":[{"href":"https:\/\/www.fleurop-home.ch\/de-ch\/wp-json\/wp\/v2\/media?parent=72217"}],"wp:term":[{"taxonomy":"product_brand","embeddable":true,"href":"https:\/\/www.fleurop-home.ch\/de-ch\/wp-json\/wp\/v2\/product_brand?post=72217"},{"taxonomy":"product_cat","embeddable":true,"href":"https:\/\/www.fleurop-home.ch\/de-ch\/wp-json\/wp\/v2\/product_cat?post=72217"},{"taxonomy":"product_tag","embeddable":true,"href":"https:\/\/www.fleurop-home.ch\/de-ch\/wp-json\/wp\/v2\/product_tag?post=72217"},{"taxonomy":"woo-feed-brand","embeddable":true,"href":"https:\/\/www.fleurop-home.ch\/de-ch\/wp-json\/wp\/v2\/woo-feed-brand?post=72217"}],"curies":[{"name":"wp","href":"https:\/\/api.w.org\/{rel}","templated":true}]}}