{"id":72175,"date":"2026-02-10T08:11:56","date_gmt":"2026-02-10T07:11:56","guid":{"rendered":"https:\/\/www.fleurop-home.ch\/de-ch\/p\/geschenkbox-mysa-home"},"modified":"2026-02-10T08:11:56","modified_gmt":"2026-02-10T07:11:56","slug":"geschenkbox-mysa-home","status":"publish","type":"product","link":"https:\/\/www.fleurop-home.ch\/de-ch\/p\/geschenkbox-mysa-home","title":{"rendered":"Geschenkbox &#171;Mysa Home&#187;"},"content":{"rendered":"<p>Diese Geschenkbox l\u00e4dt zu kuscheligen Wohlf\u00fchlmomenten ein und vereint kleine, feine Dinge, die W\u00e4rme und Geborgenheit schenken. Ein nordisches Set f\u00fcr gem\u00fctliche Stunden mit Tee, weichen Socken und einer stilvollen Tasse \u2013 genau richtig, um sich Zeit f\u00fcr sich selbst oder einen besonderen Menschen zu nehmen \u2661<\/p>\n<p>Inhalt der Geschenkbox:<br \/>\n&#8211; Decke aus Baumwolle<br \/>\n&#8211; Kuschelsocken in Weiss mit Satinband<br \/>\n&#8211; Kr\u00e4utertee \u201eSei frech, wild &amp; wunderbar\u201c<br \/>\n&#8211; Steingut Tasse<br \/>\n&#8211; Teesieb Herz goldfarben<br \/>\n&#8211; \u00dcberraschungspostkarte<\/p>\n<p>All unsere Geschenkboxen wurden mit viel Liebe und gr\u00f6sster Sorgfalt zusammengestellt, um Verw\u00f6hnmomente, Entspannung und kleine Gl\u00fccksmomente zu schenken. Sie eignen sich ideal als Dankesch\u00f6n, zum Geburtstag, f\u00fcr Freund:innen, Mitarbeiter:innen oder einfach, um einem besonderen Menschen eine Freude zu machen \u2661<\/p>\n<p>Verpackt in einem hochwertigen, stabilen Magnetkarton mit sch\u00f6ner Schleife, ist sie sofort bereit zum Verschenken und bleibt als stilvolle Aufbewahrungsbox lange erhalten \u2661<\/p>\n","protected":false},"excerpt":{"rendered":"<p>Diese Geschenkbox l\u00e4dt zu kuscheligen Wohlf\u00fchlmomenten ein und vereint kleine, feine Dinge, die W\u00e4rme und Geborgenheit schenken.<\/p>\n","protected":false},"featured_media":72174,"template":"","meta":[],"product_brand":[],"product_cat":[53,42,956,885,52,1225],"product_tag":[1222],"woo-feed-brand":[],"class_list":{"0":"post-72175","1":"product","2":"type-product","3":"status-publish","4":"has-post-thumbnail","6":"product_cat-geschenksets","7":"product_cat-kueche","8":"product_cat-tee","9":"product_cat-koestlichkeiten","10":"product_cat-geschenke","11":"product_cat-genuss","12":"product_tag-oykami-in-a-box","14":"first","15":"instock","16":"taxable","17":"shipping-taxable","18":"purchasable","19":"product-type-simple"},"_links":{"self":[{"href":"https:\/\/www.fleurop-home.ch\/de-ch\/wp-json\/wp\/v2\/product\/72175","targetHints":{"allow":["GET"]}}],"collection":[{"href":"https:\/\/www.fleurop-home.ch\/de-ch\/wp-json\/wp\/v2\/product"}],"about":[{"href":"https:\/\/www.fleurop-home.ch\/de-ch\/wp-json\/wp\/v2\/types\/product"}],"wp:featuredmedia":[{"embeddable":true,"href":"https:\/\/www.fleurop-home.ch\/de-ch\/wp-json\/wp\/v2\/media\/72174"}],"wp:attachment":[{"href":"https:\/\/www.fleurop-home.ch\/de-ch\/wp-json\/wp\/v2\/media?parent=72175"}],"wp:term":[{"taxonomy":"product_brand","embeddable":true,"href":"https:\/\/www.fleurop-home.ch\/de-ch\/wp-json\/wp\/v2\/product_brand?post=72175"},{"taxonomy":"product_cat","embeddable":true,"href":"https:\/\/www.fleurop-home.ch\/de-ch\/wp-json\/wp\/v2\/product_cat?post=72175"},{"taxonomy":"product_tag","embeddable":true,"href":"https:\/\/www.fleurop-home.ch\/de-ch\/wp-json\/wp\/v2\/product_tag?post=72175"},{"taxonomy":"woo-feed-brand","embeddable":true,"href":"https:\/\/www.fleurop-home.ch\/de-ch\/wp-json\/wp\/v2\/woo-feed-brand?post=72175"}],"curies":[{"name":"wp","href":"https:\/\/api.w.org\/{rel}","templated":true}]}}