{"id":72163,"date":"2026-02-10T08:11:57","date_gmt":"2026-02-10T07:11:57","guid":{"rendered":"https:\/\/www.fleurop-home.ch\/de-ch\/p\/baby-erinnerungsbuch-mein-erstes-jahr-mit-miffy-rassel-streifen"},"modified":"2026-02-17T08:32:16","modified_gmt":"2026-02-17T07:32:16","slug":"baby-erinnerungsbuch-mein-erstes-jahr-mit-miffy-rassel-streifen","status":"publish","type":"product","link":"https:\/\/www.fleurop-home.ch\/de-ch\/p\/baby-erinnerungsbuch-mein-erstes-jahr-mit-miffy-rassel-streifen","title":{"rendered":"Baby Erinnerungsbuch &#171;mein erstes Jahr&#187; mit Miffy Rassel Streifen"},"content":{"rendered":"<p>Das perfekte Geschenk zur Geburt \u2013 liebevoll gestaltetes Babybuch<\/p>\n<p>Dieses stilvolle (auf Deutsch) Babybuch begleitet das erste Lebensjahr eines Kindes auf ganz besondere Weise. Erinnerungsfotos, wichtige Meilensteine und viele sch\u00f6ne gemeinsame Momente finden darin ihren festen Platz. Das Buch ist auf Deutsch und hat viele sch\u00f6ne Extras im Innern. Mit viel Raum zum Einkleben, Eintragen und Festhalten entsteht ein pers\u00f6nlicher Erinnerungsschatz, der \u00fcber Jahre hinweg Freude bereitet. Mit dazu gibt es das Miffy Rassel mit Kugeln im Innern, die f\u00fcr Babys spannend klingen.<\/p>\n<p>Besonders toll: Das Album wird gemeinsam mit der s\u00fcssen Miffy Rassel liebevoll zusammengeschn\u00fcrt und als h\u00fcbsches Geschenk versendet \u2013 bereit zum Verschenken oder Selbstbehalten.<\/p>\n","protected":false},"excerpt":{"rendered":"<p>Dieses stilvolle (auf Deutsch) Babybuch begleitet das erste Lebensjahr eines Kindes auf ganz besondere Weise. Erinnerungsfotos, wichtige Meilensteine und viele sch\u00f6ne gemeinsame Momente finden darin ihren festen Platz.<\/p>\n","protected":false},"featured_media":72162,"template":"","meta":[],"product_brand":[],"product_cat":[1235,59,1228,1227,52,53],"product_tag":[1222],"woo-feed-brand":[],"class_list":{"0":"post-72163","1":"product","2":"type-product","3":"status-publish","4":"has-post-thumbnail","6":"product_cat-baby-boys","7":"product_cat-kids","8":"product_cat-babys","9":"product_cat-geschenkboxen","10":"product_cat-geschenke","11":"product_cat-geschenksets","12":"product_tag-oykami-in-a-box","14":"first","15":"instock","16":"taxable","17":"shipping-taxable","18":"purchasable","19":"product-type-simple"},"_links":{"self":[{"href":"https:\/\/www.fleurop-home.ch\/de-ch\/wp-json\/wp\/v2\/product\/72163","targetHints":{"allow":["GET"]}}],"collection":[{"href":"https:\/\/www.fleurop-home.ch\/de-ch\/wp-json\/wp\/v2\/product"}],"about":[{"href":"https:\/\/www.fleurop-home.ch\/de-ch\/wp-json\/wp\/v2\/types\/product"}],"wp:featuredmedia":[{"embeddable":true,"href":"https:\/\/www.fleurop-home.ch\/de-ch\/wp-json\/wp\/v2\/media\/72162"}],"wp:attachment":[{"href":"https:\/\/www.fleurop-home.ch\/de-ch\/wp-json\/wp\/v2\/media?parent=72163"}],"wp:term":[{"taxonomy":"product_brand","embeddable":true,"href":"https:\/\/www.fleurop-home.ch\/de-ch\/wp-json\/wp\/v2\/product_brand?post=72163"},{"taxonomy":"product_cat","embeddable":true,"href":"https:\/\/www.fleurop-home.ch\/de-ch\/wp-json\/wp\/v2\/product_cat?post=72163"},{"taxonomy":"product_tag","embeddable":true,"href":"https:\/\/www.fleurop-home.ch\/de-ch\/wp-json\/wp\/v2\/product_tag?post=72163"},{"taxonomy":"woo-feed-brand","embeddable":true,"href":"https:\/\/www.fleurop-home.ch\/de-ch\/wp-json\/wp\/v2\/woo-feed-brand?post=72163"}],"curies":[{"name":"wp","href":"https:\/\/api.w.org\/{rel}","templated":true}]}}