{"id":72099,"date":"2026-02-10T08:12:02","date_gmt":"2026-02-10T07:12:02","guid":{"rendered":"https:\/\/www.fleurop-home.ch\/de-ch\/p\/geschenkset-wohlfuehlmomente-rosenquarz"},"modified":"2026-03-16T08:29:16","modified_gmt":"2026-03-16T07:29:16","slug":"geschenkset-wohlfuehlmomente-rosenquarz","status":"publish","type":"product","link":"https:\/\/www.fleurop-home.ch\/de-ch\/p\/geschenkset-wohlfuehlmomente-rosenquarz","title":{"rendered":"Geschenkset &#171;Wohlf\u00fchlmomente&#187; Rosenquarz"},"content":{"rendered":"<p>Sanftes Geschenkset f\u00fcr W\u00e4rme, Ruhe und Selbstf\u00fcrsorge<\/p>\n<p>Ein Geschenk f\u00fcr Herz und H\u00e4nde. Das Geschenkset &#171;Wohlf\u00fchlmomente&#187; schenkt Geborgenheit \u2013 perfekt f\u00fcr kalte Tage, gem\u00fctliche Abende und kleine Pausen im Alltag.<\/p>\n<p><strong>Inhalt:<\/strong><br \/>\n&#8211; Glasflasche mit Edelsteinen (Rosenquarz)<br \/>\n&#8211; ALTUM Handcreme<br \/>\n&#8211; Zwei Scrunchies aus Stoff<br \/>\n&#8211; Kuschelige Socken mit Satinband<\/p>\n<p>Das Set wird sorgf\u00e4ltig in einen h\u00fcbschen Baumwollbeutel verpackt\u00a0und direkt an dich oder die beschenkte Person versendet \u2013 bereit, um Freude zu schenken.<\/p>\n","protected":false},"excerpt":{"rendered":"<p>Ein Geschenk f\u00fcr Herz und H\u00e4nde. Das Geschenkset &#171;Wohlf\u00fchlmomente&#187; schenkt Geborgenheit \u2013 perfekt f\u00fcr kalte Tage, gem\u00fctliche Abende und kleine Pausen im Alltag.<\/p>\n","protected":false},"featured_media":75787,"template":"","meta":[],"product_brand":[],"product_cat":[1176,48,52,1224,53],"product_tag":[1222],"woo-feed-brand":[],"class_list":{"0":"post-72099","1":"product","2":"type-product","3":"status-publish","4":"has-post-thumbnail","6":"product_cat-wohlbefinden","7":"product_cat-bad-wellness","8":"product_cat-geschenke","9":"product_cat-beauty-wellness","10":"product_cat-geschenksets","11":"product_tag-oykami-in-a-box","13":"first","14":"instock","15":"taxable","16":"shipping-taxable","17":"purchasable","18":"product-type-simple"},"_links":{"self":[{"href":"https:\/\/www.fleurop-home.ch\/de-ch\/wp-json\/wp\/v2\/product\/72099","targetHints":{"allow":["GET"]}}],"collection":[{"href":"https:\/\/www.fleurop-home.ch\/de-ch\/wp-json\/wp\/v2\/product"}],"about":[{"href":"https:\/\/www.fleurop-home.ch\/de-ch\/wp-json\/wp\/v2\/types\/product"}],"wp:featuredmedia":[{"embeddable":true,"href":"https:\/\/www.fleurop-home.ch\/de-ch\/wp-json\/wp\/v2\/media\/75787"}],"wp:attachment":[{"href":"https:\/\/www.fleurop-home.ch\/de-ch\/wp-json\/wp\/v2\/media?parent=72099"}],"wp:term":[{"taxonomy":"product_brand","embeddable":true,"href":"https:\/\/www.fleurop-home.ch\/de-ch\/wp-json\/wp\/v2\/product_brand?post=72099"},{"taxonomy":"product_cat","embeddable":true,"href":"https:\/\/www.fleurop-home.ch\/de-ch\/wp-json\/wp\/v2\/product_cat?post=72099"},{"taxonomy":"product_tag","embeddable":true,"href":"https:\/\/www.fleurop-home.ch\/de-ch\/wp-json\/wp\/v2\/product_tag?post=72099"},{"taxonomy":"woo-feed-brand","embeddable":true,"href":"https:\/\/www.fleurop-home.ch\/de-ch\/wp-json\/wp\/v2\/woo-feed-brand?post=72099"}],"curies":[{"name":"wp","href":"https:\/\/api.w.org\/{rel}","templated":true}]}}