{"id":72083,"date":"2026-02-10T08:12:04","date_gmt":"2026-02-10T07:12:04","guid":{"rendered":"https:\/\/www.fleurop-home.ch\/de-ch\/p\/geschenkset-pure-haende"},"modified":"2026-03-16T08:32:48","modified_gmt":"2026-03-16T07:32:48","slug":"geschenkset-pure-haende","status":"publish","type":"product","link":"https:\/\/www.fleurop-home.ch\/de-ch\/p\/geschenkset-pure-haende","title":{"rendered":"Geschenkset &#171;Pure H\u00e4nde&#187;"},"content":{"rendered":"<p>Nat\u00fcrliches Handpflege-Set f\u00fcr gepflegte Momente.<\/p>\n<p>Sanfte Reinigung, wohltuende Pflege \u2013 das Geschenkset &#171;Pure H\u00e4nde&#187; ist ein sch\u00f6nes Selfcare-Set, das Qualit\u00e4t und Nat\u00fcrlichkeit vereint. Ideal f\u00fcr Badezimmer, G\u00e4ste- oder Geschenkbox.<\/p>\n<p><strong>Inhalt:<\/strong><br \/>\n&#8211; ALTUM Handseife<br \/>\n&#8211; ALTUM Handcreme<br \/>\n&#8211; Handb\u00fcrste aus Holz<br \/>\n&#8211; Bimsstein mit Kordel<\/p>\n<p>Das Set wird sorgf\u00e4ltig in einen h\u00fcbschen Baumwollbeutel verpackt\u00a0und direkt an dich oder die beschenkte Person versendet \u2013 bereit, um Freude zu schenken.<\/p>\n","protected":false},"excerpt":{"rendered":"<p>Nat\u00fcrliches Handpflege-Set f\u00fcr gepflegte Momente. Sanfte Reinigung, wohltuende Pflege \u2013 das Geschenkset &#171;Pure H\u00e4nde&#187; ist ein sch\u00f6nes Selfcare-Set, das Qualit\u00e4t und Nat\u00fcrlichkeit vereint.<\/p>\n","protected":false},"featured_media":75791,"template":"","meta":[],"product_brand":[],"product_cat":[1176,48,52,1224,53],"product_tag":[1222],"woo-feed-brand":[],"class_list":{"0":"post-72083","1":"product","2":"type-product","3":"status-publish","4":"has-post-thumbnail","6":"product_cat-wohlbefinden","7":"product_cat-bad-wellness","8":"product_cat-geschenke","9":"product_cat-beauty-wellness","10":"product_cat-geschenksets","11":"product_tag-oykami-in-a-box","13":"first","14":"instock","15":"taxable","16":"shipping-taxable","17":"purchasable","18":"product-type-simple"},"_links":{"self":[{"href":"https:\/\/www.fleurop-home.ch\/de-ch\/wp-json\/wp\/v2\/product\/72083","targetHints":{"allow":["GET"]}}],"collection":[{"href":"https:\/\/www.fleurop-home.ch\/de-ch\/wp-json\/wp\/v2\/product"}],"about":[{"href":"https:\/\/www.fleurop-home.ch\/de-ch\/wp-json\/wp\/v2\/types\/product"}],"wp:featuredmedia":[{"embeddable":true,"href":"https:\/\/www.fleurop-home.ch\/de-ch\/wp-json\/wp\/v2\/media\/75791"}],"wp:attachment":[{"href":"https:\/\/www.fleurop-home.ch\/de-ch\/wp-json\/wp\/v2\/media?parent=72083"}],"wp:term":[{"taxonomy":"product_brand","embeddable":true,"href":"https:\/\/www.fleurop-home.ch\/de-ch\/wp-json\/wp\/v2\/product_brand?post=72083"},{"taxonomy":"product_cat","embeddable":true,"href":"https:\/\/www.fleurop-home.ch\/de-ch\/wp-json\/wp\/v2\/product_cat?post=72083"},{"taxonomy":"product_tag","embeddable":true,"href":"https:\/\/www.fleurop-home.ch\/de-ch\/wp-json\/wp\/v2\/product_tag?post=72083"},{"taxonomy":"woo-feed-brand","embeddable":true,"href":"https:\/\/www.fleurop-home.ch\/de-ch\/wp-json\/wp\/v2\/woo-feed-brand?post=72083"}],"curies":[{"name":"wp","href":"https:\/\/api.w.org\/{rel}","templated":true}]}}