{"id":72054,"date":"2026-02-10T08:12:07","date_gmt":"2026-02-10T07:12:07","guid":{"rendered":"https:\/\/www.fleurop-home.ch\/de-ch\/p\/baby-geschenkbox-beige-phoenix-hase"},"modified":"2026-02-17T10:54:16","modified_gmt":"2026-02-17T09:54:16","slug":"baby-geschenkbox-beige-phoenix-hase","status":"publish","type":"product","link":"https:\/\/www.fleurop-home.ch\/de-ch\/p\/baby-geschenkbox-beige-phoenix-hase","title":{"rendered":"Baby Geschenkbox Beige &#171;Phoenix&#187; Hase"},"content":{"rendered":"<p>Willkommen auf der Welt kleiner Schatz!<\/p>\n<p>Eine Geschenkbox f\u00fcr Babys ist etwas Besonderes, weil sie die Freude \u00fcber die Ankunft eines neuen Lebens zum Ausdruck bringen und eine tiefe Bindung zwischen Familie und Freunden sowie dem Baby schaffen. Sie sind ein Ausdruck von Liebe, F\u00fcrsorge und Zuneigung, die das Baby w\u00e4hrend seines Lebens begleiten werden. Die Geburt eines Babys ist etwas ganz Besonderes und wir helfen dir dabei, ein sch\u00f6nes Baby Geschenk zu w\u00e4hlen und zu verschenken.<\/p>\n<p>Unsere Baby Geschenkbox enth\u00e4lt folgende Produkte:<br \/>\n&#8211; handgeh\u00e4keltes Rasseltier &#171;Hase&#187; mit Glocke<br \/>\n&#8211; eine Holzplaquette &#171;hello world&#187;<br \/>\n&#8211; eine Schnullerkette in Beige<br \/>\n&#8211; Gestrickte, kuschelige Baby-Socken<br \/>\n&#8211; kleiner Holzbeissring<br \/>\n&#8211; \u00dcberraschungs-Postkarte<\/p>\n<p>Sorgf\u00e4ltig verpackt in einer eleganten, weissen Kartonbox mit der Aufschrift \u201eBesondere Geschenke f\u00fcr unvergessliche Momente\u201c und zus\u00e4tzlich einer sch\u00f6nen Geschenkschleife \u2013 fix-fertig zum Verschenken.<\/p>\n<p>Ein Geschenk, das Freude bereitet, lange in Erinnerung bleibt und mit viel Liebe in der Schweiz verpackt wird.<\/p>\n","protected":false},"excerpt":{"rendered":"<p>Willkommen auf der Welt kleiner Schatz! Eine\u00a0Geschenkbox f\u00fcr Babys ist etwas Besonderes, weil sie die Freude \u00fcber die Ankunft eines neuen Lebens zum Ausdruck bringen und eine tiefe Bindung zwischen Familie und Freunden sowie dem Baby schaffen.<\/p>\n","protected":false},"featured_media":72053,"template":"","meta":[],"product_brand":[],"product_cat":[1233,59,1228,1227,52,53],"product_tag":[1222],"woo-feed-brand":[],"class_list":{"0":"post-72054","1":"product","2":"type-product","3":"status-publish","4":"has-post-thumbnail","6":"product_cat-neutral","7":"product_cat-kids","8":"product_cat-babys","9":"product_cat-geschenkboxen","10":"product_cat-geschenke","11":"product_cat-geschenksets","12":"product_tag-oykami-in-a-box","14":"first","15":"instock","16":"taxable","17":"shipping-taxable","18":"purchasable","19":"product-type-simple"},"_links":{"self":[{"href":"https:\/\/www.fleurop-home.ch\/de-ch\/wp-json\/wp\/v2\/product\/72054","targetHints":{"allow":["GET"]}}],"collection":[{"href":"https:\/\/www.fleurop-home.ch\/de-ch\/wp-json\/wp\/v2\/product"}],"about":[{"href":"https:\/\/www.fleurop-home.ch\/de-ch\/wp-json\/wp\/v2\/types\/product"}],"wp:featuredmedia":[{"embeddable":true,"href":"https:\/\/www.fleurop-home.ch\/de-ch\/wp-json\/wp\/v2\/media\/72053"}],"wp:attachment":[{"href":"https:\/\/www.fleurop-home.ch\/de-ch\/wp-json\/wp\/v2\/media?parent=72054"}],"wp:term":[{"taxonomy":"product_brand","embeddable":true,"href":"https:\/\/www.fleurop-home.ch\/de-ch\/wp-json\/wp\/v2\/product_brand?post=72054"},{"taxonomy":"product_cat","embeddable":true,"href":"https:\/\/www.fleurop-home.ch\/de-ch\/wp-json\/wp\/v2\/product_cat?post=72054"},{"taxonomy":"product_tag","embeddable":true,"href":"https:\/\/www.fleurop-home.ch\/de-ch\/wp-json\/wp\/v2\/product_tag?post=72054"},{"taxonomy":"woo-feed-brand","embeddable":true,"href":"https:\/\/www.fleurop-home.ch\/de-ch\/wp-json\/wp\/v2\/woo-feed-brand?post=72054"}],"curies":[{"name":"wp","href":"https:\/\/api.w.org\/{rel}","templated":true}]}}