{"id":7204,"date":"2020-12-08T15:05:56","date_gmt":"2020-12-08T14:05:56","guid":{"rendered":"https:\/\/www.fleurop-home.ch\/?product=kosmee-cosmos-bipinnatus-1709029890"},"modified":"2026-05-05T09:09:47","modified_gmt":"2026-05-05T07:09:47","slug":"kosmee-cosmos-bipinnatus-1709029890","status":"publish","type":"product","link":"https:\/\/www.fleurop-home.ch\/de-ch\/p\/kosmee-cosmos-bipinnatus-1709029890","title":{"rendered":"Kosmee &#8211; Cosmos bipinnatus"},"content":{"rendered":"<p>Die Kosmee Sonata White \u00fcberzeugt mit filigranen, weissen Bl\u00fcten, die vom Mai bis in den September leuchten. Als klassische Saisonpflanze eignet sie sich ideal f\u00fcr Mischrabatten, Blumenbeete oder auch f\u00fcr Pflanzgef\u00e4sse auf Balkon und Terrasse. Ihre aufrechte Wuchsform erreicht eine H\u00f6he von bis zu 80 cm und setzt gezielte Akzente im sommerlichen Gartenbild. Dank der detailreich gefiederten Bl\u00e4tter entsteht ein besonders zarter Gesamteindruck. F\u00fcr die optimale Entwicklung w\u00e4hle einen sonnigen Standort und achte auf durchl\u00e4ssigen Boden, der Staun\u00e4sse vermeidet. Eine m\u00e4ssige Wasserversorgung ist ausreichend, Staun\u00e4sse sollte unbedingt vermieden werden. Die Kosmee ist nicht nur attraktiv f\u00fcr das menschliche Auge, sondern unterst\u00fctzt zudem Bienen und andere Insekten in ihrer wichtigen Best\u00e4ubungsarbeit. Wie alle unsere Pflanzen stammt auch diese aus 100 % Schweizer Produktion und tr\u00e4gt stolz das Zeichen von Suisse Garantie \u2013 f\u00fcr Blumenpracht direkt aus Schweizer Urkraft.<\/p>\n<p>H\u00f6he: 80 cm<br \/>\nTopf Gr\u00f6sse: 35 er Topf<br \/>\nWinterh\u00e4rte: nicht winterhart<br \/>\nLicht: sonnig<br \/>\nBl\u00fctezeit: Mai bis September<br \/>\nBoden: durchl\u00e4ssig<\/p>\n","protected":false},"excerpt":{"rendered":"<p>Kosmee Sonata White \u2013 Saisonpflanze in klassischem Weiss aus Schweizer Produktion<\/p>\n","protected":false},"featured_media":34131,"template":"","meta":[],"product_brand":[],"product_cat":[109,34,41],"product_tag":[299],"woo-feed-brand":[],"class_list":{"0":"post-7204","1":"product","2":"type-product","3":"status-publish","4":"has-post-thumbnail","6":"product_cat-saisonale-pflanzen","7":"product_cat-garten-balkon","8":"product_cat-outdoorpflanzen","9":"product_tag-santispracht","11":"first","12":"instock","13":"taxable","14":"shipping-taxable","15":"purchasable","16":"product-type-simple"},"_links":{"self":[{"href":"https:\/\/www.fleurop-home.ch\/de-ch\/wp-json\/wp\/v2\/product\/7204","targetHints":{"allow":["GET"]}}],"collection":[{"href":"https:\/\/www.fleurop-home.ch\/de-ch\/wp-json\/wp\/v2\/product"}],"about":[{"href":"https:\/\/www.fleurop-home.ch\/de-ch\/wp-json\/wp\/v2\/types\/product"}],"wp:featuredmedia":[{"embeddable":true,"href":"https:\/\/www.fleurop-home.ch\/de-ch\/wp-json\/wp\/v2\/media\/34131"}],"wp:attachment":[{"href":"https:\/\/www.fleurop-home.ch\/de-ch\/wp-json\/wp\/v2\/media?parent=7204"}],"wp:term":[{"taxonomy":"product_brand","embeddable":true,"href":"https:\/\/www.fleurop-home.ch\/de-ch\/wp-json\/wp\/v2\/product_brand?post=7204"},{"taxonomy":"product_cat","embeddable":true,"href":"https:\/\/www.fleurop-home.ch\/de-ch\/wp-json\/wp\/v2\/product_cat?post=7204"},{"taxonomy":"product_tag","embeddable":true,"href":"https:\/\/www.fleurop-home.ch\/de-ch\/wp-json\/wp\/v2\/product_tag?post=7204"},{"taxonomy":"woo-feed-brand","embeddable":true,"href":"https:\/\/www.fleurop-home.ch\/de-ch\/wp-json\/wp\/v2\/woo-feed-brand?post=7204"}],"curies":[{"name":"wp","href":"https:\/\/api.w.org\/{rel}","templated":true}]}}