{"id":7199,"date":"2020-12-08T14:59:57","date_gmt":"2020-12-08T13:59:57","guid":{"rendered":"https:\/\/www.fleurop-home.ch\/?product=kosmee-cosmos-bipinnatus-1709029877"},"modified":"2026-05-05T09:11:42","modified_gmt":"2026-05-05T07:11:42","slug":"kosmee-cosmos-bipinnatus-1709029877","status":"publish","type":"product","link":"https:\/\/www.fleurop-home.ch\/de-ch\/p\/kosmee-cosmos-bipinnatus-1709029877","title":{"rendered":"Kosmee &#8211; Cosmos bipinnatus"},"content":{"rendered":"<p>Kosmee Sonata Pink beeindruckt mit ihren fein gefiederten Bl\u00e4ttern und zahlreichen zart rosa Bl\u00fcten, die von Mai bis September f\u00fcr lebendige Sommerakzente sorgen. Diese Saisonpflanze eignet sich besonders f\u00fcr sonnige Standorte in Mischrabatten, Blumenbeeten sowie als Schmuck in Pflanzgef\u00e4ssen auf Terrasse oder Balkon. Der durchl\u00e4ssige Boden f\u00f6rdert ein gesundes Wachstum, w\u00e4hrend eine m\u00e4ssige Wasserversorgung gen\u00fcgt. Die Bl\u00fcten z\u00e4hlen zu den Favoriten von Bienen und weiteren Insekten. Genieesse eine 100 % Schweizer Produktion mit dem Qualit\u00e4tssiegel Suisse Garantie \u2013 ein St\u00fcck nat\u00fcrliche Bl\u00fctenpracht aus Schweizer G\u00e4rtnereikunst.<\/p>\n<p>H\u00f6he: 80 cm<br \/>\nTopf Gr\u00f6sse: 35 er Topf<br \/>\nWinterh\u00e4rte: nicht winterhart<br \/>\nLicht: sonnig<br \/>\nBl\u00fctezeit: Mai bis September<br \/>\nBoden: durchl\u00e4ssig<\/p>\n","protected":false},"excerpt":{"rendered":"<p>Kosmee Sonata Pink \u2013 Sommerliche Bl\u00fctenpracht f\u00fcr Beet und Gef\u00e4ss<\/p>\n","protected":false},"featured_media":34128,"template":"","meta":[],"product_brand":[],"product_cat":[109,34,41],"product_tag":[299],"woo-feed-brand":[],"class_list":{"0":"post-7199","1":"product","2":"type-product","3":"status-publish","4":"has-post-thumbnail","6":"product_cat-saisonale-pflanzen","7":"product_cat-garten-balkon","8":"product_cat-outdoorpflanzen","9":"product_tag-santispracht","11":"first","12":"instock","13":"taxable","14":"shipping-taxable","15":"purchasable","16":"product-type-simple"},"_links":{"self":[{"href":"https:\/\/www.fleurop-home.ch\/de-ch\/wp-json\/wp\/v2\/product\/7199","targetHints":{"allow":["GET"]}}],"collection":[{"href":"https:\/\/www.fleurop-home.ch\/de-ch\/wp-json\/wp\/v2\/product"}],"about":[{"href":"https:\/\/www.fleurop-home.ch\/de-ch\/wp-json\/wp\/v2\/types\/product"}],"wp:featuredmedia":[{"embeddable":true,"href":"https:\/\/www.fleurop-home.ch\/de-ch\/wp-json\/wp\/v2\/media\/34128"}],"wp:attachment":[{"href":"https:\/\/www.fleurop-home.ch\/de-ch\/wp-json\/wp\/v2\/media?parent=7199"}],"wp:term":[{"taxonomy":"product_brand","embeddable":true,"href":"https:\/\/www.fleurop-home.ch\/de-ch\/wp-json\/wp\/v2\/product_brand?post=7199"},{"taxonomy":"product_cat","embeddable":true,"href":"https:\/\/www.fleurop-home.ch\/de-ch\/wp-json\/wp\/v2\/product_cat?post=7199"},{"taxonomy":"product_tag","embeddable":true,"href":"https:\/\/www.fleurop-home.ch\/de-ch\/wp-json\/wp\/v2\/product_tag?post=7199"},{"taxonomy":"woo-feed-brand","embeddable":true,"href":"https:\/\/www.fleurop-home.ch\/de-ch\/wp-json\/wp\/v2\/woo-feed-brand?post=7199"}],"curies":[{"name":"wp","href":"https:\/\/api.w.org\/{rel}","templated":true}]}}