{"id":7193,"date":"2020-12-08T14:48:42","date_gmt":"2020-12-08T13:48:42","guid":{"rendered":"https:\/\/www.fleurop-home.ch\/?product=kosmee-cosmos-bipinnatus-1709029863"},"modified":"2026-05-12T09:18:32","modified_gmt":"2026-05-12T07:18:32","slug":"kosmee-cosmos-bipinnatus-6","status":"publish","type":"product","link":"https:\/\/www.fleurop-home.ch\/de-ch\/p\/kosmee-cosmos-bipinnatus-6","title":{"rendered":"Kosmee &#8211; Cosmos bipinnatus"},"content":{"rendered":"<p>Die Kosmee Sonata Pink \u00fcberzeugt als ausdrucksstarke Bl\u00fctenschmuckpflanze durch ihre langanhaltende Bl\u00fctenpracht. Sie eignet sich ideal f\u00fcr sonnige Standorte in Mischrabatten, Blumenbeeten oder Pflanzgef\u00e4ssen auf Terrasse und Balkon. Mit ihrer H\u00f6he von bis zu 80 cm setzt sie filigrane, rosa Farbakzente und bietet durch ihre reichen Bl\u00fcten ein willkommenes Nahrungsangebot f\u00fcr Bienen und zahlreiche weitere Insekten. Die Kosmee bevorzugt durchl\u00e4ssige B\u00f6den, vertr\u00e4gt m\u00e4ssige Giessintervalle und entfaltet ihre volle Sch\u00f6nheit, wenn Du ihr einen warmen, hellen Standort g\u00f6nnst. Die Pflanzen stammen aus 100 % Schweizer Produktion und stehen f\u00fcr hochwertige Blumenpracht aus echter Schweizer Urkraft.<\/p>\n<p>H\u00f6he: 80 cm<br \/>\nTopf Gr\u00f6sse: 25 er Topf<br \/>\nWinterh\u00e4rte: nicht winterhart<br \/>\nLicht: sonnig<br \/>\nBl\u00fctezeit: Mai bis September<br \/>\nBoden: durchl\u00e4ssig<\/p>\n","protected":false},"excerpt":{"rendered":"<p>Kosmee Sonata Pink \u2013 Saisonpflanze mit reicher Bl\u00fcte und Insektenfreundlichkeit<\/p>\n","protected":false},"featured_media":34128,"template":"","meta":[],"product_brand":[],"product_cat":[109,34,41],"product_tag":[299],"woo-feed-brand":[],"class_list":{"0":"post-7193","1":"product","2":"type-product","3":"status-publish","4":"has-post-thumbnail","6":"product_cat-saisonale-pflanzen","7":"product_cat-garten-balkon","8":"product_cat-outdoorpflanzen","9":"product_tag-santispracht","11":"first","12":"instock","13":"taxable","14":"shipping-taxable","15":"purchasable","16":"product-type-simple"},"_links":{"self":[{"href":"https:\/\/www.fleurop-home.ch\/de-ch\/wp-json\/wp\/v2\/product\/7193","targetHints":{"allow":["GET"]}}],"collection":[{"href":"https:\/\/www.fleurop-home.ch\/de-ch\/wp-json\/wp\/v2\/product"}],"about":[{"href":"https:\/\/www.fleurop-home.ch\/de-ch\/wp-json\/wp\/v2\/types\/product"}],"wp:featuredmedia":[{"embeddable":true,"href":"https:\/\/www.fleurop-home.ch\/de-ch\/wp-json\/wp\/v2\/media\/34128"}],"wp:attachment":[{"href":"https:\/\/www.fleurop-home.ch\/de-ch\/wp-json\/wp\/v2\/media?parent=7193"}],"wp:term":[{"taxonomy":"product_brand","embeddable":true,"href":"https:\/\/www.fleurop-home.ch\/de-ch\/wp-json\/wp\/v2\/product_brand?post=7193"},{"taxonomy":"product_cat","embeddable":true,"href":"https:\/\/www.fleurop-home.ch\/de-ch\/wp-json\/wp\/v2\/product_cat?post=7193"},{"taxonomy":"product_tag","embeddable":true,"href":"https:\/\/www.fleurop-home.ch\/de-ch\/wp-json\/wp\/v2\/product_tag?post=7193"},{"taxonomy":"woo-feed-brand","embeddable":true,"href":"https:\/\/www.fleurop-home.ch\/de-ch\/wp-json\/wp\/v2\/woo-feed-brand?post=7193"}],"curies":[{"name":"wp","href":"https:\/\/api.w.org\/{rel}","templated":true}]}}