{"id":71846,"date":"2026-01-13T14:47:43","date_gmt":"2026-01-13T13:47:43","guid":{"rendered":"https:\/\/www.fleurop-home.ch\/fr-ch\/?post_type=product&#038;p=71846"},"modified":"2026-04-15T16:22:50","modified_gmt":"2026-04-15T14:22:50","slug":"infinity-rosenschachtel","status":"publish","type":"product","link":"https:\/\/www.fleurop-home.ch\/de-ch\/p\/infinity-rosenschachtel","title":{"rendered":"Infinity Rosenschachtel"},"content":{"rendered":"<p>Diese wundersch\u00f6ne weisse Schachtel enth\u00e4lt 12 lachsfarbene Rosen, 6 rote Rosen, konservierte Pflanzen und andere Pflanzen. Sie ist pflegefrei und h\u00e4lt mehrere Jahre. Ein wundersch\u00f6nes Geschenk zum Valentinstag, Muttertag oder zu anderen Anl\u00e4ssen.<\/p>\n","protected":false},"excerpt":{"rendered":"<p>Weisse Schachtel mit 12 lachsfarbenen Rosen und 6 kleinen roten Rosen.<\/p>\n","protected":false},"featured_media":71847,"template":"","meta":[],"product_brand":[],"product_cat":[102,23,1003,999,26],"product_tag":[1135],"woo-feed-brand":[],"class_list":{"0":"post-71846","1":"product","2":"type-product","3":"status-publish","4":"has-post-thumbnail","6":"product_cat-infinity-rosen","7":"product_cat-home-living","8":"product_cat-fuer-sie","9":"product_cat-valentinstag","10":"product_cat-blumen-pflanzen","11":"product_tag-mon-reve-fleuri","13":"first","14":"instock","15":"taxable","16":"shipping-taxable","17":"purchasable","18":"product-type-simple"},"_links":{"self":[{"href":"https:\/\/www.fleurop-home.ch\/de-ch\/wp-json\/wp\/v2\/product\/71846","targetHints":{"allow":["GET"]}}],"collection":[{"href":"https:\/\/www.fleurop-home.ch\/de-ch\/wp-json\/wp\/v2\/product"}],"about":[{"href":"https:\/\/www.fleurop-home.ch\/de-ch\/wp-json\/wp\/v2\/types\/product"}],"wp:featuredmedia":[{"embeddable":true,"href":"https:\/\/www.fleurop-home.ch\/de-ch\/wp-json\/wp\/v2\/media\/71847"}],"wp:attachment":[{"href":"https:\/\/www.fleurop-home.ch\/de-ch\/wp-json\/wp\/v2\/media?parent=71846"}],"wp:term":[{"taxonomy":"product_brand","embeddable":true,"href":"https:\/\/www.fleurop-home.ch\/de-ch\/wp-json\/wp\/v2\/product_brand?post=71846"},{"taxonomy":"product_cat","embeddable":true,"href":"https:\/\/www.fleurop-home.ch\/de-ch\/wp-json\/wp\/v2\/product_cat?post=71846"},{"taxonomy":"product_tag","embeddable":true,"href":"https:\/\/www.fleurop-home.ch\/de-ch\/wp-json\/wp\/v2\/product_tag?post=71846"},{"taxonomy":"woo-feed-brand","embeddable":true,"href":"https:\/\/www.fleurop-home.ch\/de-ch\/wp-json\/wp\/v2\/woo-feed-brand?post=71846"}],"curies":[{"name":"wp","href":"https:\/\/api.w.org\/{rel}","templated":true}]}}