{"id":71795,"date":"2026-01-11T13:52:34","date_gmt":"2026-01-11T12:52:34","guid":{"rendered":"https:\/\/www.fleurop-home.ch\/de-ch\/?post_type=product&#038;p=71795"},"modified":"2026-04-15T16:22:10","modified_gmt":"2026-04-15T14:22:10","slug":"geschenkset-burner-weiss-duftwachs-citronella","status":"publish","type":"product","link":"https:\/\/www.fleurop-home.ch\/de-ch\/p\/geschenkset-burner-weiss-duftwachs-citronella","title":{"rendered":"Geschenkset Burner weiss &amp; Duftwachs Citronella"},"content":{"rendered":"<div class=\"info-block--item\">\n<div>\n<h3 data-pm-slice=\"1 1 []\">Citronella \u2013 Spritzige Sommerfrische<\/h3>\n<p>Citronella ist der Inbegriff von Energie und sommerlicher Leichtigkeit. Der Duft besticht durch seine spritzige, kraftvolle Zitrusnote, die sofortige Frische verbreitet und m\u00fcde Geister belebt. Mit seinem reinen und klaren Charakter schafft er eine harmonische Atmosph\u00e4re, die besonders an warmen Tagen f\u00fcr Vitalit\u00e4t sorgt. Neben seiner erfrischenden Wirkung ist Citronella der ideale Begleiter f\u00fcr laue Sommerabende auf der Terrasse oder dem Balkon, da er auf nat\u00fcrliche Weise eine unbeschwerte Umgebung im Freien beg\u00fcnstigt. Ob in der K\u00fcche, im Wintergarten oder im Garten \u2013 dieser Duft bringt strahlende Frische in jeden Moment.<\/p>\n<\/div>\n<\/div>\n<div class=\"info-block--item\">\n<div><strong>Anweisungen:<\/strong><\/div>\n<div>Nutze mindestens drei Duftwachspralinen. Platziere die Duftwachspralinen oben in den Wachsbrenner. Stelle den Wachsbrenner frei und auf eine ebene Oberfl\u00e4che. Z\u00fcnde ein Teelicht unten im Wachsbrenner an, lasse die Duftwachspralinen schmelzen und geniessen die herrlichen D\u00fcfte.<\/div>\n<\/div>\n","protected":false},"excerpt":{"rendered":"<p>Ein tolles Geschenkset mit klassischem Duftwachsbrenner gepaart mit den modernen Duftwachspralinen.<\/p>\n","protected":false},"featured_media":71796,"template":"","meta":[],"product_brand":[],"product_cat":[99,23,1023,797,28,52,53],"product_tag":[1094],"woo-feed-brand":[],"class_list":{"0":"post-71795","1":"product","2":"type-product","3":"status-publish","4":"has-post-thumbnail","6":"product_cat-duftkerzen","7":"product_cat-home-living","8":"product_cat-fuer-mama","9":"product_cat-muttertag","10":"product_cat-kerzen-lichter","11":"product_cat-geschenke","12":"product_cat-geschenksets","13":"product_tag-corinas","15":"first","16":"instock","17":"taxable","18":"shipping-taxable","19":"purchasable","20":"product-type-simple"},"_links":{"self":[{"href":"https:\/\/www.fleurop-home.ch\/de-ch\/wp-json\/wp\/v2\/product\/71795","targetHints":{"allow":["GET"]}}],"collection":[{"href":"https:\/\/www.fleurop-home.ch\/de-ch\/wp-json\/wp\/v2\/product"}],"about":[{"href":"https:\/\/www.fleurop-home.ch\/de-ch\/wp-json\/wp\/v2\/types\/product"}],"wp:featuredmedia":[{"embeddable":true,"href":"https:\/\/www.fleurop-home.ch\/de-ch\/wp-json\/wp\/v2\/media\/71796"}],"wp:attachment":[{"href":"https:\/\/www.fleurop-home.ch\/de-ch\/wp-json\/wp\/v2\/media?parent=71795"}],"wp:term":[{"taxonomy":"product_brand","embeddable":true,"href":"https:\/\/www.fleurop-home.ch\/de-ch\/wp-json\/wp\/v2\/product_brand?post=71795"},{"taxonomy":"product_cat","embeddable":true,"href":"https:\/\/www.fleurop-home.ch\/de-ch\/wp-json\/wp\/v2\/product_cat?post=71795"},{"taxonomy":"product_tag","embeddable":true,"href":"https:\/\/www.fleurop-home.ch\/de-ch\/wp-json\/wp\/v2\/product_tag?post=71795"},{"taxonomy":"woo-feed-brand","embeddable":true,"href":"https:\/\/www.fleurop-home.ch\/de-ch\/wp-json\/wp\/v2\/woo-feed-brand?post=71795"}],"curies":[{"name":"wp","href":"https:\/\/api.w.org\/{rel}","templated":true}]}}