{"id":71515,"date":"2025-12-30T17:19:45","date_gmt":"2025-12-30T16:19:45","guid":{"rendered":"https:\/\/www.fleurop-home.ch\/de-ch\/?post_type=product&#038;p=71515"},"modified":"2026-02-19T09:18:44","modified_gmt":"2026-02-19T08:18:44","slug":"reed-diffuser-inkl-glas-und-staebchen-xl-500-ml-cone-orange-zirbe","status":"publish","type":"product","link":"https:\/\/www.fleurop-home.ch\/de-ch\/p\/reed-diffuser-inkl-glas-und-staebchen-xl-500-ml-cone-orange-zirbe","title":{"rendered":"Reed Diffuser inkl Glas und St\u00e4bchen XL 500 ml Cone Orange &amp; Zirbe"},"content":{"rendered":"<p>Dieser Ready Set der Duftst\u00e4bchen verbindet Design, Eleganz und Genuss. Dies ist das perfekte Geschenk f\u00fcr gehobene Gastgeber oder gute Kunden.<\/p>\n<p><b>Orange &amp; Zirbe <\/b>Dieser Duft ist wie ein Spaziergang durch einen winterlichen Bergwald, gefolgt von einem w\u00e4rmenden Citrus-Cocktail: Die klare, beruhigende Note der alpinen Zirbe schenkt dir tiefste Entspannung, w\u00e4hrend die spritzige, sonnige Orange sofort neue Lebensgeister weckt und f\u00fcr pure Wohlf\u00fchlmomente sorgt.<\/p>\n","protected":false},"excerpt":{"rendered":"<p>Das perfekte Geschenk f\u00fcr gehobene Gastgeber oder gute Kunden.<\/p>\n","protected":false},"featured_media":71516,"template":"","meta":[],"product_brand":[],"product_cat":[51,48],"product_tag":[1094],"woo-feed-brand":[],"class_list":{"0":"post-71515","1":"product","2":"type-product","3":"status-publish","4":"has-post-thumbnail","6":"product_cat-raumduefte","7":"product_cat-bad-wellness","8":"product_tag-corinas","10":"first","11":"instock","12":"taxable","13":"shipping-taxable","14":"purchasable","15":"product-type-simple"},"_links":{"self":[{"href":"https:\/\/www.fleurop-home.ch\/de-ch\/wp-json\/wp\/v2\/product\/71515","targetHints":{"allow":["GET"]}}],"collection":[{"href":"https:\/\/www.fleurop-home.ch\/de-ch\/wp-json\/wp\/v2\/product"}],"about":[{"href":"https:\/\/www.fleurop-home.ch\/de-ch\/wp-json\/wp\/v2\/types\/product"}],"wp:featuredmedia":[{"embeddable":true,"href":"https:\/\/www.fleurop-home.ch\/de-ch\/wp-json\/wp\/v2\/media\/71516"}],"wp:attachment":[{"href":"https:\/\/www.fleurop-home.ch\/de-ch\/wp-json\/wp\/v2\/media?parent=71515"}],"wp:term":[{"taxonomy":"product_brand","embeddable":true,"href":"https:\/\/www.fleurop-home.ch\/de-ch\/wp-json\/wp\/v2\/product_brand?post=71515"},{"taxonomy":"product_cat","embeddable":true,"href":"https:\/\/www.fleurop-home.ch\/de-ch\/wp-json\/wp\/v2\/product_cat?post=71515"},{"taxonomy":"product_tag","embeddable":true,"href":"https:\/\/www.fleurop-home.ch\/de-ch\/wp-json\/wp\/v2\/product_tag?post=71515"},{"taxonomy":"woo-feed-brand","embeddable":true,"href":"https:\/\/www.fleurop-home.ch\/de-ch\/wp-json\/wp\/v2\/woo-feed-brand?post=71515"}],"curies":[{"name":"wp","href":"https:\/\/api.w.org\/{rel}","templated":true}]}}