{"id":71369,"date":"2025-12-26T12:21:11","date_gmt":"2025-12-26T11:21:11","guid":{"rendered":"https:\/\/www.fleurop-home.ch\/fr-ch\/?post_type=product&#038;p=71369"},"modified":"2026-02-19T09:13:35","modified_gmt":"2026-02-19T08:13:35","slug":"kuenstlicher-bonsai-enchantement","status":"publish","type":"product","link":"https:\/\/www.fleurop-home.ch\/de-ch\/p\/kuenstlicher-bonsai-enchantement","title":{"rendered":"K\u00fcnstlicher Bonsai &#171;Enchantement&#187;"},"content":{"rendered":"<p>Dieser wundersch\u00f6ne, handgefertigte Bonsai aus stabilisiertem Ahorn wird deinen Lieben Freude bereiten. Er ist pflegefrei und h\u00e4lt mehrere Jahre.<br \/>\nDer Bonsai ist f\u00fcr den Innenbereich geeignet.<\/p>\n","protected":false},"excerpt":{"rendered":"<p>Bonsai aus stabilisiertem Ahorn<\/p>\n","protected":false},"featured_media":71508,"template":"","meta":[],"product_brand":[],"product_cat":[107,23,26],"product_tag":[1135],"woo-feed-brand":[],"class_list":{"0":"post-71369","1":"product","2":"type-product","3":"status-publish","4":"has-post-thumbnail","6":"product_cat-kunstblumen","7":"product_cat-home-living","8":"product_cat-blumen-pflanzen","9":"product_tag-mon-reve-fleuri","11":"first","12":"instock","13":"taxable","14":"shipping-taxable","15":"purchasable","16":"product-type-simple"},"_links":{"self":[{"href":"https:\/\/www.fleurop-home.ch\/de-ch\/wp-json\/wp\/v2\/product\/71369","targetHints":{"allow":["GET"]}}],"collection":[{"href":"https:\/\/www.fleurop-home.ch\/de-ch\/wp-json\/wp\/v2\/product"}],"about":[{"href":"https:\/\/www.fleurop-home.ch\/de-ch\/wp-json\/wp\/v2\/types\/product"}],"wp:featuredmedia":[{"embeddable":true,"href":"https:\/\/www.fleurop-home.ch\/de-ch\/wp-json\/wp\/v2\/media\/71508"}],"wp:attachment":[{"href":"https:\/\/www.fleurop-home.ch\/de-ch\/wp-json\/wp\/v2\/media?parent=71369"}],"wp:term":[{"taxonomy":"product_brand","embeddable":true,"href":"https:\/\/www.fleurop-home.ch\/de-ch\/wp-json\/wp\/v2\/product_brand?post=71369"},{"taxonomy":"product_cat","embeddable":true,"href":"https:\/\/www.fleurop-home.ch\/de-ch\/wp-json\/wp\/v2\/product_cat?post=71369"},{"taxonomy":"product_tag","embeddable":true,"href":"https:\/\/www.fleurop-home.ch\/de-ch\/wp-json\/wp\/v2\/product_tag?post=71369"},{"taxonomy":"woo-feed-brand","embeddable":true,"href":"https:\/\/www.fleurop-home.ch\/de-ch\/wp-json\/wp\/v2\/woo-feed-brand?post=71369"}],"curies":[{"name":"wp","href":"https:\/\/api.w.org\/{rel}","templated":true}]}}