{"id":7132,"date":"2020-11-08T14:14:37","date_gmt":"2020-11-08T14:14:37","guid":{"rendered":"https:\/\/www.fleurop-home.ch\/?product=herz-schmuckkastchen-mit-roten-stabilisierten-rosenbluten"},"modified":"2026-03-27T07:27:19","modified_gmt":"2026-03-27T06:27:19","slug":"schmuckbox-herz-rote-rosenblueten","status":"publish","type":"product","link":"https:\/\/www.fleurop-home.ch\/de-ch\/p\/schmuckbox-herz-rote-rosenblueten","title":{"rendered":"Schmuckbox-Herz rote Rosenbl\u00fcten"},"content":{"rendered":"<p><span style=\"font-size: 11pt;\"><strong>Herz-Schmuckk\u00e4stchen schwarz mit roten stabilisierten Rosenbl\u00fcten<\/strong><\/span><\/p>\n<p>Wundersch\u00f6ne Rosenbox als Herz Schmuckk\u00e4tschen in schwarz, mit echen, roten Rosenbl\u00fcten, die mit einer speziellen Methode stabilisiert (haltbar gemacht) wurden. (Gestaltung \u00a9 by Leutwyler Floristik AG) Luzern. Wichtig: Der Ring als Schmuck ist als Idee eingef\u00fcgt und geh\u00f6rt nicht zum Produkt!<\/p>\n<p>Die elegante, quadratische Flower-Box in rot ist mit einem roten Band geschm\u00fcckt und eignet sich als Geschenk der Liebe zu jedem Anlass, sei es zur Hochzeit, Muttertag, zum Valentinstag oder \u00abeinfach so\u00bb. Die Rosenbox wurde von unserem Floristinnen-Team mit viel Liebe zus\u00e4tzlich mit einem Band und einem Schmuckstein gestaltet. Sie eignet sich auch als haltbarer Schmuck und Wohnaccessoire&#8230;.oder f\u00fcr den Hochzeitsantrag mit dem passenden Ring von Dir dazugelegt&#8230;.Wichtig: Der Ring als Schmuck ist als Idee eingef\u00fcgt und geh\u00f6rt nicht zum Produkt!<\/p>\n<p>Details: 1 grosse rote Rose aus Rosenbl\u00fcten-Bl\u00e4ttern, quadratische schwarze Box, Gr\u00f6sse ca L 10.5cm \/ B 10,5cm \/ H. 8cm ca. 2 -3 Jahre haltbar.<\/p>\n<p><em><strong>Bitte beachte unseren Pflegehinweis:<\/strong> <\/em><\/p>\n<p>Unsere stabilisierten Rosen ben\u00f6tigen weder Pflege noch Wasser. Sie bl\u00fchen \u00fcber Jahre, einfach so. Bei Raumtemperatur und an schattigen Standorten halten unsere stabilisierten Rosenbouquets am l\u00e4ngsten.<\/p>\n<p><em>Die Rosen k\u00f6nnen an Form und Farbe verlieren, wenn man sie: <\/em><\/p>\n<p>bew\u00e4ssert (auf keinen Fall bew\u00e4ssern!), oft oder grob anfasst (Staub mit einem weichen Pinsel entfernen), zu hoher Luftfeuchtigkeit oder direkter Sonneneinstrahlung aussetzt.<\/p>\n<p><strong>Wichtig zu wissen:<\/strong> Die gestreuten Rosenbl\u00e4tter auf dem Foto geh\u00f6ren nicht zum Produkt. Sie k\u00f6nnen aber erg\u00e4nzend bestellt werden.<\/p>\n<p>Die Rosen k\u00f6nnen in Anordnung \/ Form der Rosenbl\u00e4tter variieren. F\u00fcr die Montage der Rosenbl\u00fcten, Band etc. wird auch Leim \/ Draht und \u00e4hnliches verwendet welcher auch sichtbar sein kann. Die Box ist aus Karton\/Papier gestaltet und kann durch den Klebevorgang auch Klebstoffschattierungen\/Reste und Kanten aufweisen. Wichtig: Der Ring als Schmuck ist als Idee eingef\u00fcgt und geh\u00f6rt nicht zum Produkt!<\/p>\n<p>\u2022\u00a0\u00a0 \u00a0Es k\u00f6nnte Unterschiede zwischen der abgebildeten Farbe auf der Webseite und der tats\u00e4chlichen Farbe geben. Dies aufgrund von Lichteinfall, Helligkeit des Monitors, Kontrasteinstellung etc.<\/p>\n","protected":false},"excerpt":{"rendered":"<p>Wundersch\u00f6nes edles Herz-Schmuckk\u00e4stchen mit roten stabilisierten Rosenbl\u00fcten mit passender roter Schleife geschm\u00fcckt (ohne Ring)<\/p>\n","protected":false},"featured_media":69124,"template":"","meta":[],"product_brand":[],"product_cat":[102,23,26],"product_tag":[290],"woo-feed-brand":[],"class_list":{"0":"post-7132","1":"product","2":"type-product","3":"status-publish","4":"has-post-thumbnail","6":"product_cat-infinity-rosen","7":"product_cat-home-living","8":"product_cat-blumen-pflanzen","9":"product_tag-atelier-leutwyler","11":"first","12":"instock","13":"taxable","14":"shipping-taxable","15":"purchasable","16":"product-type-simple"},"_links":{"self":[{"href":"https:\/\/www.fleurop-home.ch\/de-ch\/wp-json\/wp\/v2\/product\/7132","targetHints":{"allow":["GET"]}}],"collection":[{"href":"https:\/\/www.fleurop-home.ch\/de-ch\/wp-json\/wp\/v2\/product"}],"about":[{"href":"https:\/\/www.fleurop-home.ch\/de-ch\/wp-json\/wp\/v2\/types\/product"}],"wp:featuredmedia":[{"embeddable":true,"href":"https:\/\/www.fleurop-home.ch\/de-ch\/wp-json\/wp\/v2\/media\/69124"}],"wp:attachment":[{"href":"https:\/\/www.fleurop-home.ch\/de-ch\/wp-json\/wp\/v2\/media?parent=7132"}],"wp:term":[{"taxonomy":"product_brand","embeddable":true,"href":"https:\/\/www.fleurop-home.ch\/de-ch\/wp-json\/wp\/v2\/product_brand?post=7132"},{"taxonomy":"product_cat","embeddable":true,"href":"https:\/\/www.fleurop-home.ch\/de-ch\/wp-json\/wp\/v2\/product_cat?post=7132"},{"taxonomy":"product_tag","embeddable":true,"href":"https:\/\/www.fleurop-home.ch\/de-ch\/wp-json\/wp\/v2\/product_tag?post=7132"},{"taxonomy":"woo-feed-brand","embeddable":true,"href":"https:\/\/www.fleurop-home.ch\/de-ch\/wp-json\/wp\/v2\/woo-feed-brand?post=7132"}],"curies":[{"name":"wp","href":"https:\/\/api.w.org\/{rel}","templated":true}]}}