{"id":7122,"date":"2020-10-26T17:24:21","date_gmt":"2020-10-26T16:24:21","guid":{"rendered":"https:\/\/www.fleurop-home.ch\/?product=gottlieber-schatzkistli-4-susser-alltag"},"modified":"2026-02-05T14:36:36","modified_gmt":"2026-02-05T13:36:36","slug":"gottlieber-schatzkistli-4-susser-alltag","status":"publish","type":"product","link":"https:\/\/www.fleurop-home.ch\/de-ch\/p\/gottlieber-schatzkistli-4-susser-alltag","title":{"rendered":"Gottlieber Schatzkistli 4: \u00abS\u00fcsser Alltag\u00bb"},"content":{"rendered":"<p>Fruchtig-leichte Himbeer H\u00fcppen, cremig zarte Noix de Coco Minis, knackige Haselnusskerne umh\u00fcllt von feinster weisser Schokolade, und weitere feine Gottlieber Produkte findest Du in unserem Gottlieber Schatzkistli \u00abS\u00dcSSER ALLTAG\u00bb.<\/p>\n<p>Das Gottlieber Schatzkistli \u00abS\u00dcSSER ALLTAG\u00bb ist in unserer eleganten, schwarz-weissen Klappbox aus festem Karton mit Magnetverschluss verpackt (wiederverwendbar).<\/p>\n<p style=\"text-align: left;\"><strong>Inhalt<\/strong><br \/>\nHaseln\u00fcsse mit weisser Schokolade im S\u00e4ckli, 180 g<br \/>\nHimbeer H\u00fcppen im S\u00e4ckli, 10 H\u00fcppen, 150 g<br \/>\n\u00abMorgens\u00fcnde\u00bb hausgemachter Brotaufstrich (vegan), 300 g<br \/>\nMini-H\u00fcppen \u00abNoix de Coco\u00bb, ca. 22 H\u00fcppen, 85 g<br \/>\nRoyal H\u00fcppen Amaretto &amp; Irish Cream, 8 H\u00fcppen, 120 g<br \/>\nTartufi Neri, 6 St\u00fcck im S\u00e4ckli, 72 g<br \/>\nElegante Klappbox aus festem Karton im schwarz-weissen Streifendesign mit Magnetverschluss (wiederverwendbar)<\/p>\n<p><strong>Masse<\/strong><br \/>\n210 x 297 x 105mm<\/p>\n<p style=\"text-align: left;\"><a href=\"https:\/\/www.gottlieber.ch\/de\/online-shop\/naehrwertinformationen\" target=\"_blank\" rel=\"noopener\"> N\u00e4hrwertinformationen und Allergikerhinweise<\/a><\/p>\n","protected":false},"excerpt":{"rendered":"<p>Elegante Geschenkbox mit verschiedenen Gottlieber H\u00fcppen und weiteren feinen Schokoladenspezialit\u00e4ten<\/p>\n","protected":false},"featured_media":7123,"template":"","meta":[],"product_brand":[],"product_cat":[53,42,114,885,52,1225],"product_tag":[286],"woo-feed-brand":[],"class_list":{"0":"post-7122","1":"product","2":"type-product","3":"status-publish","4":"has-post-thumbnail","6":"product_cat-geschenksets","7":"product_cat-kueche","8":"product_cat-schokolade-sweets","9":"product_cat-koestlichkeiten","10":"product_cat-geschenke","11":"product_cat-genuss","12":"product_tag-gottlieber-spezialitaten-ag","14":"first","15":"instock","16":"taxable","17":"shipping-taxable","18":"purchasable","19":"product-type-simple"},"_links":{"self":[{"href":"https:\/\/www.fleurop-home.ch\/de-ch\/wp-json\/wp\/v2\/product\/7122","targetHints":{"allow":["GET"]}}],"collection":[{"href":"https:\/\/www.fleurop-home.ch\/de-ch\/wp-json\/wp\/v2\/product"}],"about":[{"href":"https:\/\/www.fleurop-home.ch\/de-ch\/wp-json\/wp\/v2\/types\/product"}],"wp:featuredmedia":[{"embeddable":true,"href":"https:\/\/www.fleurop-home.ch\/de-ch\/wp-json\/wp\/v2\/media\/7123"}],"wp:attachment":[{"href":"https:\/\/www.fleurop-home.ch\/de-ch\/wp-json\/wp\/v2\/media?parent=7122"}],"wp:term":[{"taxonomy":"product_brand","embeddable":true,"href":"https:\/\/www.fleurop-home.ch\/de-ch\/wp-json\/wp\/v2\/product_brand?post=7122"},{"taxonomy":"product_cat","embeddable":true,"href":"https:\/\/www.fleurop-home.ch\/de-ch\/wp-json\/wp\/v2\/product_cat?post=7122"},{"taxonomy":"product_tag","embeddable":true,"href":"https:\/\/www.fleurop-home.ch\/de-ch\/wp-json\/wp\/v2\/product_tag?post=7122"},{"taxonomy":"woo-feed-brand","embeddable":true,"href":"https:\/\/www.fleurop-home.ch\/de-ch\/wp-json\/wp\/v2\/woo-feed-brand?post=7122"}],"curies":[{"name":"wp","href":"https:\/\/api.w.org\/{rel}","templated":true}]}}