{"id":7118,"date":"2020-10-26T17:19:42","date_gmt":"2020-10-26T16:19:42","guid":{"rendered":"https:\/\/www.fleurop-home.ch\/?product=gottlieber-schatzkistli-3-wir-mogen-es-bunt"},"modified":"2026-02-05T14:35:34","modified_gmt":"2026-02-05T13:35:34","slug":"gottlieber-schatzkistli-3-wir-moegen-es-bunt","status":"publish","type":"product","link":"https:\/\/www.fleurop-home.ch\/de-ch\/p\/gottlieber-schatzkistli-3-wir-moegen-es-bunt","title":{"rendered":"Gottlieber Schatzkistli 3: \u00abWir m\u00f6gen es bunt\u00bb"},"content":{"rendered":"<p>Entdecke unsere bunte Zusammenstellung aus H\u00fcppen, Minis und weiteren Schokoladenspezialit\u00e4ten von Gottlieber.<\/p>\n<p>Das Gottlieber Schatzkistli \u00abWIR M\u00d6GEN ES BUNT\u00bb ist in unserer eleganten, schwarz-weissen Klappbox aus festem Karton mit Magnetverschluss verpackt (wiederverwendbar).<\/p>\n<p style=\"text-align: left;\"><strong>Inhalt<\/strong>:<br \/>\nCacaomandeln im S\u00e4ckli, 180 g<br \/>\nGianduja-Orange im S\u00e4ckli, 10 H\u00fcppen, 150 g<br \/>\nHimbeere Minis, ca. 37 Mini-H\u00fcppen, 150g<br \/>\nTartufi Bianchi, im S\u00e4ckli, ca. 20 St\u00fcck, 240 g<br \/>\nTradition H\u00fcppen, Pralin\u00e9, Mocca, Gianduja, 10 St\u00fcck, 150 g<br \/>\nElegante Klappbox aus festem Karton im schwarz-weissen Streifendesign mit Magnetverschluss (wiederverwendbar)<\/p>\n<p><strong>Masse<\/strong><br \/>\n210 x 297 x 105mm<\/p>\n<p style=\"text-align: left;\"><a href=\"https:\/\/www.gottlieber.ch\/de\/online-shop\/naehrwertinformationen\" target=\"_blank\" rel=\"noopener\"> N\u00e4hrwertinformationen und Allergikerhinweise<\/a><\/p>\n","protected":false},"excerpt":{"rendered":"<p>Elegante Geschenkbox mit verschiedenen Gottlieber H\u00fcppen sowie je einem S\u00e4ckli Cacaomandeln und Tartufi bianchi.<\/p>\n","protected":false},"featured_media":31038,"template":"","meta":[],"product_brand":[],"product_cat":[42,114,885,52,1225,53],"product_tag":[286],"woo-feed-brand":[],"class_list":{"0":"post-7118","1":"product","2":"type-product","3":"status-publish","4":"has-post-thumbnail","6":"product_cat-kueche","7":"product_cat-schokolade-sweets","8":"product_cat-koestlichkeiten","9":"product_cat-geschenke","10":"product_cat-genuss","11":"product_cat-geschenksets","12":"product_tag-gottlieber-spezialitaten-ag","14":"first","15":"instock","16":"taxable","17":"shipping-taxable","18":"purchasable","19":"product-type-simple"},"_links":{"self":[{"href":"https:\/\/www.fleurop-home.ch\/de-ch\/wp-json\/wp\/v2\/product\/7118","targetHints":{"allow":["GET"]}}],"collection":[{"href":"https:\/\/www.fleurop-home.ch\/de-ch\/wp-json\/wp\/v2\/product"}],"about":[{"href":"https:\/\/www.fleurop-home.ch\/de-ch\/wp-json\/wp\/v2\/types\/product"}],"wp:featuredmedia":[{"embeddable":true,"href":"https:\/\/www.fleurop-home.ch\/de-ch\/wp-json\/wp\/v2\/media\/31038"}],"wp:attachment":[{"href":"https:\/\/www.fleurop-home.ch\/de-ch\/wp-json\/wp\/v2\/media?parent=7118"}],"wp:term":[{"taxonomy":"product_brand","embeddable":true,"href":"https:\/\/www.fleurop-home.ch\/de-ch\/wp-json\/wp\/v2\/product_brand?post=7118"},{"taxonomy":"product_cat","embeddable":true,"href":"https:\/\/www.fleurop-home.ch\/de-ch\/wp-json\/wp\/v2\/product_cat?post=7118"},{"taxonomy":"product_tag","embeddable":true,"href":"https:\/\/www.fleurop-home.ch\/de-ch\/wp-json\/wp\/v2\/product_tag?post=7118"},{"taxonomy":"woo-feed-brand","embeddable":true,"href":"https:\/\/www.fleurop-home.ch\/de-ch\/wp-json\/wp\/v2\/woo-feed-brand?post=7118"}],"curies":[{"name":"wp","href":"https:\/\/api.w.org\/{rel}","templated":true}]}}