{"id":7115,"date":"2020-10-26T17:08:34","date_gmt":"2020-10-26T16:08:34","guid":{"rendered":"https:\/\/www.fleurop-home.ch\/?product=gottlieber-schatzkistli-2-huppen-genuss"},"modified":"2026-02-05T14:35:27","modified_gmt":"2026-02-05T13:35:27","slug":"gottlieber-schatzkistli-2-huppen-genuss","status":"publish","type":"product","link":"https:\/\/www.fleurop-home.ch\/de-ch\/p\/gottlieber-schatzkistli-2-huppen-genuss","title":{"rendered":"Gottlieber Schatzkistli 2: \u00abH\u00fcppen-Genuss\u00bb"},"content":{"rendered":"<p>Entscheide spontan und nach Lust und Laune, welche H\u00fcppen unserer vier Geschmacksrichtungen im Gottlieber Schatzkistli \u00abH\u00dcPPEN-GENUSS\u00bb Dir heute besonders zum Naschen und Geniessen zusagen. Himbeere und Caramel-Cappuccino? Oder Gianduja-Orange und Grand Cru?<\/p>\n<p>Das Gottlieber Schatzkistli \u00abH\u00dcPPEN-GENUSS\u00bb ist in unserer eleganten, schwarz-weissen Klappbox aus festem Karton mit Magnetverschluss verpackt (wiederverwendbar).<\/p>\n<p style=\"text-align: left;\"><strong>Inhalt<\/strong>:<br \/>\nBlack Special Grand Cru H\u00fcppen im S\u00e4ckli, 10 H\u00fcppen, 160 g<br \/>\nRoyal Mix im S\u00e4ckli, 10 H\u00fcppen, 150 g<br \/>\nGianuja-Orange H\u00fcppen im S\u00e4ckli<br \/>\nSpecial Edition, 10 H\u00fcppen, 150 g<br \/>\nHimbeer H\u00fcppen im S\u00e4ckli, 10 H\u00fcppen, 150g<br \/>\nElegante Klappbox aus festem Karton im schwarz-weissen Streifendesign mit Magnetverschluss (wiederverwendbar)<\/p>\n<p><strong>Masse<\/strong><br \/>\n210 x 297 x 105mm<\/p>\n<p style=\"text-align: left;\"><a href=\"https:\/\/www.gottlieber.ch\/de\/online-shop\/naehrwertinformationen\" target=\"_blank\" rel=\"noopener\"> N\u00e4hrwertinformationen und Allergikerhinweise<\/a><\/p>\n","protected":false},"excerpt":{"rendered":"<p>Elegante Geschenkbox mit vier H\u00fcppen-Manufakturs\u00e4ckli in unterschiedlichen Geschmacksrichtungen.<\/p>\n","protected":false},"featured_media":45155,"template":"","meta":[],"product_brand":[],"product_cat":[53,42,114,885,52,1225],"product_tag":[286],"woo-feed-brand":[],"class_list":{"0":"post-7115","1":"product","2":"type-product","3":"status-publish","4":"has-post-thumbnail","6":"product_cat-geschenksets","7":"product_cat-kueche","8":"product_cat-schokolade-sweets","9":"product_cat-koestlichkeiten","10":"product_cat-geschenke","11":"product_cat-genuss","12":"product_tag-gottlieber-spezialitaten-ag","14":"first","15":"instock","16":"featured","17":"taxable","18":"shipping-taxable","19":"purchasable","20":"product-type-simple"},"_links":{"self":[{"href":"https:\/\/www.fleurop-home.ch\/de-ch\/wp-json\/wp\/v2\/product\/7115","targetHints":{"allow":["GET"]}}],"collection":[{"href":"https:\/\/www.fleurop-home.ch\/de-ch\/wp-json\/wp\/v2\/product"}],"about":[{"href":"https:\/\/www.fleurop-home.ch\/de-ch\/wp-json\/wp\/v2\/types\/product"}],"wp:featuredmedia":[{"embeddable":true,"href":"https:\/\/www.fleurop-home.ch\/de-ch\/wp-json\/wp\/v2\/media\/45155"}],"wp:attachment":[{"href":"https:\/\/www.fleurop-home.ch\/de-ch\/wp-json\/wp\/v2\/media?parent=7115"}],"wp:term":[{"taxonomy":"product_brand","embeddable":true,"href":"https:\/\/www.fleurop-home.ch\/de-ch\/wp-json\/wp\/v2\/product_brand?post=7115"},{"taxonomy":"product_cat","embeddable":true,"href":"https:\/\/www.fleurop-home.ch\/de-ch\/wp-json\/wp\/v2\/product_cat?post=7115"},{"taxonomy":"product_tag","embeddable":true,"href":"https:\/\/www.fleurop-home.ch\/de-ch\/wp-json\/wp\/v2\/product_tag?post=7115"},{"taxonomy":"woo-feed-brand","embeddable":true,"href":"https:\/\/www.fleurop-home.ch\/de-ch\/wp-json\/wp\/v2\/woo-feed-brand?post=7115"}],"curies":[{"name":"wp","href":"https:\/\/api.w.org\/{rel}","templated":true}]}}