{"id":70834,"date":"2025-12-13T12:38:45","date_gmt":"2025-12-13T11:38:45","guid":{"rendered":"https:\/\/www.fleurop-home.ch\/de-ch\/?post_type=product&#038;p=70834"},"modified":"2026-02-19T09:13:22","modified_gmt":"2026-02-19T08:13:22","slug":"lebkuchenhaus-oelbrenner-wachsschmelzer","status":"publish","type":"product","link":"https:\/\/www.fleurop-home.ch\/de-ch\/p\/lebkuchenhaus-oelbrenner-wachsschmelzer","title":{"rendered":"Lebkuchenhaus \u00d6lbrenner\/Wachsschmelzer"},"content":{"rendered":"<p>Ein s\u00fcsser \u00d6lbrenner mit Deckel in Form eines weissen Lebkuchenhauses. Perfekt, um in der Weihnachtszeit mit einem gem\u00fctlichen Duft und einem sanften Flackern von Kerzenlicht eine festliche Stimmung zu erzeugen.<\/p>\n","protected":false},"excerpt":{"rendered":"<p>S\u00fcsse Weihnachtsdeko &#8211; Auch perfekt als Geschenk!<\/p>\n","protected":false},"featured_media":70824,"template":"","meta":[],"product_brand":[],"product_cat":[108,23,1208,909,1179,911,28,915],"product_tag":[1168],"woo-feed-brand":[],"class_list":{"0":"post-70834","1":"product","2":"type-product","3":"status-publish","4":"has-post-thumbnail","6":"product_cat-lichterketten-laternen","7":"product_cat-home-living","8":"product_cat-ueber-25-chf","9":"product_cat-weihnachten","10":"product_cat-weihnachtsdeko","11":"product_cat-accessoires","12":"product_cat-kerzen-lichter","13":"product_cat-wichteln","14":"product_tag-melia-atelier","16":"first","17":"instock","18":"taxable","19":"shipping-taxable","20":"purchasable","21":"product-type-simple"},"_links":{"self":[{"href":"https:\/\/www.fleurop-home.ch\/de-ch\/wp-json\/wp\/v2\/product\/70834","targetHints":{"allow":["GET"]}}],"collection":[{"href":"https:\/\/www.fleurop-home.ch\/de-ch\/wp-json\/wp\/v2\/product"}],"about":[{"href":"https:\/\/www.fleurop-home.ch\/de-ch\/wp-json\/wp\/v2\/types\/product"}],"wp:featuredmedia":[{"embeddable":true,"href":"https:\/\/www.fleurop-home.ch\/de-ch\/wp-json\/wp\/v2\/media\/70824"}],"wp:attachment":[{"href":"https:\/\/www.fleurop-home.ch\/de-ch\/wp-json\/wp\/v2\/media?parent=70834"}],"wp:term":[{"taxonomy":"product_brand","embeddable":true,"href":"https:\/\/www.fleurop-home.ch\/de-ch\/wp-json\/wp\/v2\/product_brand?post=70834"},{"taxonomy":"product_cat","embeddable":true,"href":"https:\/\/www.fleurop-home.ch\/de-ch\/wp-json\/wp\/v2\/product_cat?post=70834"},{"taxonomy":"product_tag","embeddable":true,"href":"https:\/\/www.fleurop-home.ch\/de-ch\/wp-json\/wp\/v2\/product_tag?post=70834"},{"taxonomy":"woo-feed-brand","embeddable":true,"href":"https:\/\/www.fleurop-home.ch\/de-ch\/wp-json\/wp\/v2\/woo-feed-brand?post=70834"}],"curies":[{"name":"wp","href":"https:\/\/api.w.org\/{rel}","templated":true}]}}