{"id":70830,"date":"2025-12-13T12:28:56","date_gmt":"2025-12-13T11:28:56","guid":{"rendered":"https:\/\/www.fleurop-home.ch\/de-ch\/?post_type=product&#038;p=70830"},"modified":"2026-02-19T09:12:35","modified_gmt":"2026-02-19T08:12:35","slug":"kuerbis-oelbrenner-wachsschmelzer","status":"publish","type":"product","link":"https:\/\/www.fleurop-home.ch\/de-ch\/p\/kuerbis-oelbrenner-wachsschmelzer","title":{"rendered":"K\u00fcrbis \u00d6lbrenner\/Wachsschmelzer"},"content":{"rendered":"<p>F\u00fcge deinem Zuhause einen Hauch von herbstlicher Eleganz hinzu mit diesem cremefarbenen, k\u00fcrbisf\u00f6rmigen \u00d6lbrenner und Wachsw\u00e4rmer, der mit Ausschnitten versehen ist, um an k\u00fchlen Abenden eine gem\u00fctliche Atmosph\u00e4re zu schaffen. Ein perfekter Brenner zum Schmelzen von herbstlich inspirierten Wachsschmelzen oder Duft\u00f6len, der das Zuhause mit den beruhigenden D\u00fcften der Saison erf\u00fcllt.<\/p>\n","protected":false},"excerpt":{"rendered":"<p>F\u00fcge deinem Zuhause einen Hauch von herbstlicher Eleganz hinzu.<\/p>\n","protected":false},"featured_media":70823,"template":"","meta":[],"product_brand":[],"product_cat":[108,23,28],"product_tag":[1168],"woo-feed-brand":[],"class_list":{"0":"post-70830","1":"product","2":"type-product","3":"status-publish","4":"has-post-thumbnail","6":"product_cat-lichterketten-laternen","7":"product_cat-home-living","8":"product_cat-kerzen-lichter","9":"product_tag-melia-atelier","11":"first","12":"instock","13":"taxable","14":"shipping-taxable","15":"purchasable","16":"product-type-simple"},"_links":{"self":[{"href":"https:\/\/www.fleurop-home.ch\/de-ch\/wp-json\/wp\/v2\/product\/70830","targetHints":{"allow":["GET"]}}],"collection":[{"href":"https:\/\/www.fleurop-home.ch\/de-ch\/wp-json\/wp\/v2\/product"}],"about":[{"href":"https:\/\/www.fleurop-home.ch\/de-ch\/wp-json\/wp\/v2\/types\/product"}],"wp:featuredmedia":[{"embeddable":true,"href":"https:\/\/www.fleurop-home.ch\/de-ch\/wp-json\/wp\/v2\/media\/70823"}],"wp:attachment":[{"href":"https:\/\/www.fleurop-home.ch\/de-ch\/wp-json\/wp\/v2\/media?parent=70830"}],"wp:term":[{"taxonomy":"product_brand","embeddable":true,"href":"https:\/\/www.fleurop-home.ch\/de-ch\/wp-json\/wp\/v2\/product_brand?post=70830"},{"taxonomy":"product_cat","embeddable":true,"href":"https:\/\/www.fleurop-home.ch\/de-ch\/wp-json\/wp\/v2\/product_cat?post=70830"},{"taxonomy":"product_tag","embeddable":true,"href":"https:\/\/www.fleurop-home.ch\/de-ch\/wp-json\/wp\/v2\/product_tag?post=70830"},{"taxonomy":"woo-feed-brand","embeddable":true,"href":"https:\/\/www.fleurop-home.ch\/de-ch\/wp-json\/wp\/v2\/woo-feed-brand?post=70830"}],"curies":[{"name":"wp","href":"https:\/\/api.w.org\/{rel}","templated":true}]}}