{"id":70821,"date":"2025-12-13T12:05:06","date_gmt":"2025-12-13T11:05:06","guid":{"rendered":"https:\/\/www.fleurop-home.ch\/de-ch\/?post_type=product&#038;p=70821"},"modified":"2026-02-19T09:12:27","modified_gmt":"2026-02-19T08:12:27","slug":"teelichthalter-eichel","status":"publish","type":"product","link":"https:\/\/www.fleurop-home.ch\/de-ch\/p\/teelichthalter-eichel","title":{"rendered":"Teelichthalter Eichel"},"content":{"rendered":"<p style=\"text-align: left;\">Schaffe in diesem Herbst eine gem\u00fctliche Atmosph\u00e4re mit einem s\u00fcssen Teelichthalter in Form einer Eichel. Der ausgeschnittene Text \u201eCosy&#187; rundet dieses dezente Walddesign ab.<\/p>\n","protected":false},"excerpt":{"rendered":"<p>Perfekt f\u00fcr gem\u00fctliche Stunden<\/p>\n","protected":false},"featured_media":70822,"template":"","meta":[],"product_brand":[],"product_cat":[104,23,1208,909,28,915],"product_tag":[1168],"woo-feed-brand":[],"class_list":{"0":"post-70821","1":"product","2":"type-product","3":"status-publish","4":"has-post-thumbnail","6":"product_cat-kerzenhalter","7":"product_cat-home-living","8":"product_cat-ueber-25-chf","9":"product_cat-weihnachten","10":"product_cat-kerzen-lichter","11":"product_cat-wichteln","12":"product_tag-melia-atelier","14":"first","15":"instock","16":"taxable","17":"shipping-taxable","18":"purchasable","19":"product-type-simple"},"_links":{"self":[{"href":"https:\/\/www.fleurop-home.ch\/de-ch\/wp-json\/wp\/v2\/product\/70821","targetHints":{"allow":["GET"]}}],"collection":[{"href":"https:\/\/www.fleurop-home.ch\/de-ch\/wp-json\/wp\/v2\/product"}],"about":[{"href":"https:\/\/www.fleurop-home.ch\/de-ch\/wp-json\/wp\/v2\/types\/product"}],"wp:featuredmedia":[{"embeddable":true,"href":"https:\/\/www.fleurop-home.ch\/de-ch\/wp-json\/wp\/v2\/media\/70822"}],"wp:attachment":[{"href":"https:\/\/www.fleurop-home.ch\/de-ch\/wp-json\/wp\/v2\/media?parent=70821"}],"wp:term":[{"taxonomy":"product_brand","embeddable":true,"href":"https:\/\/www.fleurop-home.ch\/de-ch\/wp-json\/wp\/v2\/product_brand?post=70821"},{"taxonomy":"product_cat","embeddable":true,"href":"https:\/\/www.fleurop-home.ch\/de-ch\/wp-json\/wp\/v2\/product_cat?post=70821"},{"taxonomy":"product_tag","embeddable":true,"href":"https:\/\/www.fleurop-home.ch\/de-ch\/wp-json\/wp\/v2\/product_tag?post=70821"},{"taxonomy":"woo-feed-brand","embeddable":true,"href":"https:\/\/www.fleurop-home.ch\/de-ch\/wp-json\/wp\/v2\/woo-feed-brand?post=70821"}],"curies":[{"name":"wp","href":"https:\/\/api.w.org\/{rel}","templated":true}]}}