{"id":7081,"date":"2020-10-20T15:25:55","date_gmt":"2020-10-20T15:25:55","guid":{"rendered":"https:\/\/www.fleurop-home.ch\/?product=stabilisierte-rose-in-rot"},"modified":"2025-04-01T06:48:31","modified_gmt":"2025-04-01T04:48:31","slug":"stabilisierte-rose-in-rot","status":"publish","type":"product","link":"https:\/\/www.fleurop-home.ch\/de-ch\/p\/stabilisierte-rose-in-rot","title":{"rendered":"Stabilisierte Rose in Rot"},"content":{"rendered":"<p>Diese stabilisierte Rose wird Ihr Zuhause f\u00fcr lange Zeit versch\u00f6nern, so dass Sie jeden Tag das Vergn\u00fcgen haben, sie zu entdecken.<br \/>\nTats\u00e4chlich halten diese Rosen dank eines speziellen Verfahrens sehr lange.<br \/>\nStiell\u00e4nge ca. 50 cm<\/p>\n<p>Bitte beachten Sie unsere Pflegetipps:<\/p>\n<p>Vermeiden Sie den Kontakt mit Wasser und setzen Sie sie nicht der Sonne aus.<\/p>\n","protected":false},"excerpt":{"rendered":"<p>Stabilisierte Rose in Rot, Stiell\u00e4nge ca. 50 cm<\/p>\n","protected":false},"featured_media":7082,"template":"","meta":[],"product_brand":[],"product_cat":[102,23,26],"product_tag":[905],"woo-feed-brand":[],"class_list":{"0":"post-7081","1":"product","2":"type-product","3":"status-publish","4":"has-post-thumbnail","6":"product_cat-infinity-rosen","7":"product_cat-home-living","8":"product_cat-blumen-pflanzen","9":"product_tag-la-rose-dor","11":"first","12":"instock","13":"taxable","14":"shipping-taxable","15":"purchasable","16":"product-type-simple"},"_links":{"self":[{"href":"https:\/\/www.fleurop-home.ch\/de-ch\/wp-json\/wp\/v2\/product\/7081","targetHints":{"allow":["GET"]}}],"collection":[{"href":"https:\/\/www.fleurop-home.ch\/de-ch\/wp-json\/wp\/v2\/product"}],"about":[{"href":"https:\/\/www.fleurop-home.ch\/de-ch\/wp-json\/wp\/v2\/types\/product"}],"wp:featuredmedia":[{"embeddable":true,"href":"https:\/\/www.fleurop-home.ch\/de-ch\/wp-json\/wp\/v2\/media\/7082"}],"wp:attachment":[{"href":"https:\/\/www.fleurop-home.ch\/de-ch\/wp-json\/wp\/v2\/media?parent=7081"}],"wp:term":[{"taxonomy":"product_brand","embeddable":true,"href":"https:\/\/www.fleurop-home.ch\/de-ch\/wp-json\/wp\/v2\/product_brand?post=7081"},{"taxonomy":"product_cat","embeddable":true,"href":"https:\/\/www.fleurop-home.ch\/de-ch\/wp-json\/wp\/v2\/product_cat?post=7081"},{"taxonomy":"product_tag","embeddable":true,"href":"https:\/\/www.fleurop-home.ch\/de-ch\/wp-json\/wp\/v2\/product_tag?post=7081"},{"taxonomy":"woo-feed-brand","embeddable":true,"href":"https:\/\/www.fleurop-home.ch\/de-ch\/wp-json\/wp\/v2\/woo-feed-brand?post=7081"}],"curies":[{"name":"wp","href":"https:\/\/api.w.org\/{rel}","templated":true}]}}