{"id":7073,"date":"2020-10-20T15:05:53","date_gmt":"2020-10-20T15:05:53","guid":{"rendered":"https:\/\/www.fleurop-home.ch\/?product=lavendel-seife"},"modified":"2025-11-04T14:43:58","modified_gmt":"2025-11-04T13:43:58","slug":"lavendel-seife-2","status":"publish","type":"product","link":"https:\/\/www.fleurop-home.ch\/de-ch\/p\/lavendel-seife-2","title":{"rendered":"Lavendel-Seife"},"content":{"rendered":"<p>Die rechteckige Lavendelseife (100 g) ist mit weichmachender und pflegender Bio- Karit\u00e9butter sowie Oliven\u00f6l aus Nyons angereichert, welches die Haut sch\u00fctzt und n\u00e4hrt. Diese Seife ist f\u00fcr alle Hauttypen geeignet (normale, trockene bis sehr trockene).<\/p>\n<p>Entdecken Sie den zarten Duft von Lavendel. Lassen Sie sich von seinem an die Provence erinnernden Aroma durchdringen und sp\u00fcren Sie das Wohlbefinden eines Augenblicks nur f\u00fcr Sie.<\/p>\n<p>Sie k\u00f6nnen diese handgemachte Seife zur Reinigung Ihres K\u00f6rpers, Ihres Gesichts oder Ihrer H\u00e4nde verwenden.<\/p>\n<p style=\"text-align: left;\"><strong><span style=\"vertical-align: inherit;\"><span style=\"vertical-align: inherit;\">Anwendung<\/span><\/span><\/strong><\/p>\n<p>T\u00e4glich (H\u00e4nde, Gesicht und K\u00f6rper). Sch\u00e4umen Sie die Seife auf, indem Sie sie auf der nassen Haut verreiben. Mit klarem Wasser absp\u00fclen.<\/p>\n","protected":false},"excerpt":{"rendered":"<p>100 g rechteckige Seife, duftend nach Lavendel, dem s\u00fcssen Duft der Provence.<\/p>\n","protected":false},"featured_media":7074,"template":"","meta":[],"product_brand":[],"product_cat":[49,910,1207,909,915,48],"product_tag":[905],"woo-feed-brand":[],"class_list":{"0":"post-7073","1":"product","2":"type-product","3":"status-publish","4":"has-post-thumbnail","6":"product_cat-seifen","7":"product_cat-geschenkideen","8":"product_cat-unter-25-chf","9":"product_cat-weihnachten","10":"product_cat-wichteln","11":"product_cat-bad-wellness","12":"product_tag-la-rose-dor","14":"first","15":"instock","16":"taxable","17":"shipping-taxable","18":"purchasable","19":"product-type-simple"},"_links":{"self":[{"href":"https:\/\/www.fleurop-home.ch\/de-ch\/wp-json\/wp\/v2\/product\/7073","targetHints":{"allow":["GET"]}}],"collection":[{"href":"https:\/\/www.fleurop-home.ch\/de-ch\/wp-json\/wp\/v2\/product"}],"about":[{"href":"https:\/\/www.fleurop-home.ch\/de-ch\/wp-json\/wp\/v2\/types\/product"}],"wp:featuredmedia":[{"embeddable":true,"href":"https:\/\/www.fleurop-home.ch\/de-ch\/wp-json\/wp\/v2\/media\/7074"}],"wp:attachment":[{"href":"https:\/\/www.fleurop-home.ch\/de-ch\/wp-json\/wp\/v2\/media?parent=7073"}],"wp:term":[{"taxonomy":"product_brand","embeddable":true,"href":"https:\/\/www.fleurop-home.ch\/de-ch\/wp-json\/wp\/v2\/product_brand?post=7073"},{"taxonomy":"product_cat","embeddable":true,"href":"https:\/\/www.fleurop-home.ch\/de-ch\/wp-json\/wp\/v2\/product_cat?post=7073"},{"taxonomy":"product_tag","embeddable":true,"href":"https:\/\/www.fleurop-home.ch\/de-ch\/wp-json\/wp\/v2\/product_tag?post=7073"},{"taxonomy":"woo-feed-brand","embeddable":true,"href":"https:\/\/www.fleurop-home.ch\/de-ch\/wp-json\/wp\/v2\/woo-feed-brand?post=7073"}],"curies":[{"name":"wp","href":"https:\/\/api.w.org\/{rel}","templated":true}]}}