{"id":70698,"date":"2025-12-10T11:55:28","date_gmt":"2025-12-10T10:55:28","guid":{"rendered":"https:\/\/www.fleurop-home.ch\/fr-ch\/?post_type=product&#038;p=70698"},"modified":"2026-02-19T09:12:13","modified_gmt":"2026-02-19T08:12:13","slug":"arrangement-regenbogen","status":"publish","type":"product","link":"https:\/\/www.fleurop-home.ch\/de-ch\/p\/arrangement-regenbogen","title":{"rendered":"Arrangement Regenbogen"},"content":{"rendered":"<p>Dieses Arrangement in den Farben des Regenbogens besteht aus getrockneten und stabilisierten Pflanzen, die keinerlei Pflege ben\u00f6tigen und mehrere Jahre halten. Es wird in einer sch\u00f6nen Glasschale pr\u00e4sentiert und eignet sich hervorragend als Geschenk.<br \/>\nH\u00f6he ca. 22 cm.<\/p>\n","protected":false},"excerpt":{"rendered":"<p>Arrangement in einer Glasschale<\/p>\n","protected":false},"featured_media":70699,"template":"","meta":[],"product_brand":[],"product_cat":[102,23,26],"product_tag":[1135],"woo-feed-brand":[],"class_list":{"0":"post-70698","1":"product","2":"type-product","3":"status-publish","4":"has-post-thumbnail","6":"product_cat-infinity-rosen","7":"product_cat-home-living","8":"product_cat-blumen-pflanzen","9":"product_tag-mon-reve-fleuri","11":"first","12":"instock","13":"taxable","14":"shipping-taxable","15":"purchasable","16":"product-type-simple"},"_links":{"self":[{"href":"https:\/\/www.fleurop-home.ch\/de-ch\/wp-json\/wp\/v2\/product\/70698","targetHints":{"allow":["GET"]}}],"collection":[{"href":"https:\/\/www.fleurop-home.ch\/de-ch\/wp-json\/wp\/v2\/product"}],"about":[{"href":"https:\/\/www.fleurop-home.ch\/de-ch\/wp-json\/wp\/v2\/types\/product"}],"wp:featuredmedia":[{"embeddable":true,"href":"https:\/\/www.fleurop-home.ch\/de-ch\/wp-json\/wp\/v2\/media\/70699"}],"wp:attachment":[{"href":"https:\/\/www.fleurop-home.ch\/de-ch\/wp-json\/wp\/v2\/media?parent=70698"}],"wp:term":[{"taxonomy":"product_brand","embeddable":true,"href":"https:\/\/www.fleurop-home.ch\/de-ch\/wp-json\/wp\/v2\/product_brand?post=70698"},{"taxonomy":"product_cat","embeddable":true,"href":"https:\/\/www.fleurop-home.ch\/de-ch\/wp-json\/wp\/v2\/product_cat?post=70698"},{"taxonomy":"product_tag","embeddable":true,"href":"https:\/\/www.fleurop-home.ch\/de-ch\/wp-json\/wp\/v2\/product_tag?post=70698"},{"taxonomy":"woo-feed-brand","embeddable":true,"href":"https:\/\/www.fleurop-home.ch\/de-ch\/wp-json\/wp\/v2\/woo-feed-brand?post=70698"}],"curies":[{"name":"wp","href":"https:\/\/api.w.org\/{rel}","templated":true}]}}