{"id":70694,"date":"2025-12-10T11:52:16","date_gmt":"2025-12-10T10:52:16","guid":{"rendered":"https:\/\/www.fleurop-home.ch\/fr-ch\/?post_type=product&#038;p=70694"},"modified":"2026-02-19T09:11:58","modified_gmt":"2026-02-19T08:11:58","slug":"glasglocke-tanz-und-liebe","status":"publish","type":"product","link":"https:\/\/www.fleurop-home.ch\/de-ch\/p\/glasglocke-tanz-und-liebe","title":{"rendered":"Glasglocke Tanz und Liebe"},"content":{"rendered":"<p>Wundersch\u00f6ne Glasglocke mit einer stabilisierten roten Rose und getrockneten, stabilisierten Pflanzen, begleitet von einer h\u00fcbschen Glas-T\u00e4nzerin, pflegefrei und mehrere Jahre haltbar.<br \/>\nEine sch\u00f6ne Aufmerksamkeit f\u00fcr dich selbst oder deine Lieben.<\/p>\n","protected":false},"excerpt":{"rendered":"<p>Stabilisierte Rosen unter Glasglocke<\/p>\n","protected":false},"featured_media":70695,"template":"","meta":[],"product_brand":[],"product_cat":[102,23,26,52,55],"product_tag":[1135],"woo-feed-brand":[],"class_list":{"0":"post-70694","1":"product","2":"type-product","3":"status-publish","4":"has-post-thumbnail","6":"product_cat-infinity-rosen","7":"product_cat-home-living","8":"product_cat-blumen-pflanzen","9":"product_cat-geschenke","10":"product_cat-blumige-geschenke","11":"product_tag-mon-reve-fleuri","13":"first","14":"instock","15":"taxable","16":"shipping-taxable","17":"purchasable","18":"product-type-simple"},"_links":{"self":[{"href":"https:\/\/www.fleurop-home.ch\/de-ch\/wp-json\/wp\/v2\/product\/70694","targetHints":{"allow":["GET"]}}],"collection":[{"href":"https:\/\/www.fleurop-home.ch\/de-ch\/wp-json\/wp\/v2\/product"}],"about":[{"href":"https:\/\/www.fleurop-home.ch\/de-ch\/wp-json\/wp\/v2\/types\/product"}],"wp:featuredmedia":[{"embeddable":true,"href":"https:\/\/www.fleurop-home.ch\/de-ch\/wp-json\/wp\/v2\/media\/70695"}],"wp:attachment":[{"href":"https:\/\/www.fleurop-home.ch\/de-ch\/wp-json\/wp\/v2\/media?parent=70694"}],"wp:term":[{"taxonomy":"product_brand","embeddable":true,"href":"https:\/\/www.fleurop-home.ch\/de-ch\/wp-json\/wp\/v2\/product_brand?post=70694"},{"taxonomy":"product_cat","embeddable":true,"href":"https:\/\/www.fleurop-home.ch\/de-ch\/wp-json\/wp\/v2\/product_cat?post=70694"},{"taxonomy":"product_tag","embeddable":true,"href":"https:\/\/www.fleurop-home.ch\/de-ch\/wp-json\/wp\/v2\/product_tag?post=70694"},{"taxonomy":"woo-feed-brand","embeddable":true,"href":"https:\/\/www.fleurop-home.ch\/de-ch\/wp-json\/wp\/v2\/woo-feed-brand?post=70694"}],"curies":[{"name":"wp","href":"https:\/\/api.w.org\/{rel}","templated":true}]}}