{"id":70682,"date":"2025-12-10T11:43:15","date_gmt":"2025-12-10T10:43:15","guid":{"rendered":"https:\/\/www.fleurop-home.ch\/fr-ch\/?post_type=product&#038;p=70682"},"modified":"2026-02-19T09:11:39","modified_gmt":"2026-02-19T08:11:39","slug":"rainbow-taenzerin","status":"publish","type":"product","link":"https:\/\/www.fleurop-home.ch\/de-ch\/p\/rainbow-taenzerin","title":{"rendered":"Rainbow T\u00e4nzerin"},"content":{"rendered":"<p>Wundersch\u00f6ne Glocke mit getrockneten Pflanzen und einer konservierten Rose, begleitet von einer T\u00e4nzerin im Inneren, f\u00fcr einen Geburtstag oder ein anderes farbenfrohes Ereignis.<\/p>\n","protected":false},"excerpt":{"rendered":"<p>Konzertrose mit T\u00e4nzerin unter Glasglocke<\/p>\n","protected":false},"featured_media":70683,"template":"","meta":[],"product_brand":[],"product_cat":[102,23,1190,26,30,52,55],"product_tag":[1135],"woo-feed-brand":[],"class_list":{"0":"post-70682","1":"product","2":"type-product","3":"status-publish","4":"has-post-thumbnail","6":"product_cat-infinity-rosen","7":"product_cat-home-living","8":"product_cat-dekoobjekte","9":"product_cat-blumen-pflanzen","10":"product_cat-deko-accessoires","11":"product_cat-geschenke","12":"product_cat-blumige-geschenke","13":"product_tag-mon-reve-fleuri","15":"first","16":"instock","17":"taxable","18":"shipping-taxable","19":"purchasable","20":"product-type-simple"},"_links":{"self":[{"href":"https:\/\/www.fleurop-home.ch\/de-ch\/wp-json\/wp\/v2\/product\/70682","targetHints":{"allow":["GET"]}}],"collection":[{"href":"https:\/\/www.fleurop-home.ch\/de-ch\/wp-json\/wp\/v2\/product"}],"about":[{"href":"https:\/\/www.fleurop-home.ch\/de-ch\/wp-json\/wp\/v2\/types\/product"}],"wp:featuredmedia":[{"embeddable":true,"href":"https:\/\/www.fleurop-home.ch\/de-ch\/wp-json\/wp\/v2\/media\/70683"}],"wp:attachment":[{"href":"https:\/\/www.fleurop-home.ch\/de-ch\/wp-json\/wp\/v2\/media?parent=70682"}],"wp:term":[{"taxonomy":"product_brand","embeddable":true,"href":"https:\/\/www.fleurop-home.ch\/de-ch\/wp-json\/wp\/v2\/product_brand?post=70682"},{"taxonomy":"product_cat","embeddable":true,"href":"https:\/\/www.fleurop-home.ch\/de-ch\/wp-json\/wp\/v2\/product_cat?post=70682"},{"taxonomy":"product_tag","embeddable":true,"href":"https:\/\/www.fleurop-home.ch\/de-ch\/wp-json\/wp\/v2\/product_tag?post=70682"},{"taxonomy":"woo-feed-brand","embeddable":true,"href":"https:\/\/www.fleurop-home.ch\/de-ch\/wp-json\/wp\/v2\/woo-feed-brand?post=70682"}],"curies":[{"name":"wp","href":"https:\/\/api.w.org\/{rel}","templated":true}]}}