{"id":69760,"date":"2025-11-27T23:04:36","date_gmt":"2025-11-27T22:04:36","guid":{"rendered":"https:\/\/www.fleurop-home.ch\/de-ch\/?post_type=product&#038;p=69760"},"modified":"2026-03-18T13:54:43","modified_gmt":"2026-03-18T12:54:43","slug":"tablett-aus-birkenholz-juice-of-the-day-34-x-24-cm","status":"publish","type":"product","link":"https:\/\/www.fleurop-home.ch\/de-ch\/p\/tablett-aus-birkenholz-juice-of-the-day-34-x-24-cm","title":{"rendered":"Tablett aus Birkenholz &#8218;Juice of the Day&#8216;, 34 x 24 cm"},"content":{"rendered":"<p><em>Juice of the Day<\/em><br \/>\nEin Fest der Farbe \u2013 saftig, frech und sonnendurchflutet. Wie frisch gepresster Fruchtsaft an einem langen Fr\u00fchst\u00fcckstisch, voller Lebenslust und Energie.<\/p>\n<p>Diese rechteckige Gr\u00f6sse eignet sich ideal f\u00fcr die t\u00e4gliche Kaffeepause zu zweit. Jedes Tablett wird in Schweden aus hochwertigem, nachhaltigem Birkenfurnier handgefertigt, ist f\u00fcr den Kontakt mit Lebensmitteln zugelassen, widerstandsf\u00e4hig gegen Hitze und Flecken und kann sicher in der Sp\u00fclmaschine gereinigt werden.<\/p>\n<p>Verwandle gew\u00f6hnliche Momente in aussergew\u00f6hnliche Erlebnisse mit diesem klassischen Tablett.<\/p>\n<p style=\"text-align: left\"><em>Designer:<\/em> Andreas Frei\/HappyTrays<\/p>\n<p style=\"text-align: left\"><em>Material:<\/em> Birkenfurnier, Melaminbeschichtung<\/p>\n<p style=\"text-align: left\"><em>Muster:<\/em>\u00a0Juice of the Day<\/p>\n<p style=\"text-align: left\"><em>Form:<\/em> Rechteckig<\/p>\n<p style=\"text-align: left\"><em>Gr\u00f6sse:<\/em> 34 x 24 cm<\/p>\n","protected":false},"excerpt":{"rendered":"<p>Hochwertiges Tablett aus nachhaltigem Birkenholz mit lebendigem Design in limitierter Auflage. Entworfen in der Schweiz, handgefertigt in Schweden. 34 x 24 cm.<\/p>\n","protected":false},"featured_media":69763,"template":"","meta":[],"product_brand":[],"product_cat":[1108,1022,797,1019,1018,42,1104,43],"product_tag":[314],"woo-feed-brand":[],"class_list":{"0":"post-69760","1":"product","2":"type-product","3":"status-publish","4":"has-post-thumbnail","6":"product_cat-tabletts","7":"product_cat-brunch","8":"product_cat-muttertag","9":"product_cat-osterbrunch","10":"product_cat-ostern","11":"product_cat-kueche","12":"product_cat-tischakzente","13":"product_cat-gedeckter-tisch","14":"product_tag-happytrays","16":"first","17":"instock","18":"taxable","19":"shipping-taxable","20":"purchasable","21":"product-type-simple"},"_links":{"self":[{"href":"https:\/\/www.fleurop-home.ch\/de-ch\/wp-json\/wp\/v2\/product\/69760","targetHints":{"allow":["GET"]}}],"collection":[{"href":"https:\/\/www.fleurop-home.ch\/de-ch\/wp-json\/wp\/v2\/product"}],"about":[{"href":"https:\/\/www.fleurop-home.ch\/de-ch\/wp-json\/wp\/v2\/types\/product"}],"wp:featuredmedia":[{"embeddable":true,"href":"https:\/\/www.fleurop-home.ch\/de-ch\/wp-json\/wp\/v2\/media\/69763"}],"wp:attachment":[{"href":"https:\/\/www.fleurop-home.ch\/de-ch\/wp-json\/wp\/v2\/media?parent=69760"}],"wp:term":[{"taxonomy":"product_brand","embeddable":true,"href":"https:\/\/www.fleurop-home.ch\/de-ch\/wp-json\/wp\/v2\/product_brand?post=69760"},{"taxonomy":"product_cat","embeddable":true,"href":"https:\/\/www.fleurop-home.ch\/de-ch\/wp-json\/wp\/v2\/product_cat?post=69760"},{"taxonomy":"product_tag","embeddable":true,"href":"https:\/\/www.fleurop-home.ch\/de-ch\/wp-json\/wp\/v2\/product_tag?post=69760"},{"taxonomy":"woo-feed-brand","embeddable":true,"href":"https:\/\/www.fleurop-home.ch\/de-ch\/wp-json\/wp\/v2\/woo-feed-brand?post=69760"}],"curies":[{"name":"wp","href":"https:\/\/api.w.org\/{rel}","templated":true}]}}