{"id":69753,"date":"2025-11-27T22:53:22","date_gmt":"2025-11-27T21:53:22","guid":{"rendered":"https:\/\/www.fleurop-home.ch\/de-ch\/?post_type=product&#038;p=69753"},"modified":"2025-12-01T10:32:41","modified_gmt":"2025-12-01T09:32:41","slug":"tablett-aus-birkenholz-leaves-34-x-24-cm","status":"publish","type":"product","link":"https:\/\/www.fleurop-home.ch\/de-ch\/p\/tablett-aus-birkenholz-leaves-34-x-24-cm","title":{"rendered":"Tablett aus Birkenholz &#8218;Leaves&#8216;, 34 x 24 cm"},"content":{"rendered":"<p><em>Leaves<\/em><br \/>\nist eines unserer waldinspirierten Designs mit erdigen T\u00f6nen. Perfekt f\u00fcr alle, die eine harmonische Verbindung zwischen ihrer Inneneinrichtung und der nat\u00fcrlichen Aussenwelt herstellen m\u00f6chten.<\/p>\n<p>Diese rechteckige Gr\u00f6sse eignet sich ideal f\u00fcr die t\u00e4gliche Kaffeepause zu zweit. Jedes Tablett wird in Schweden aus hochwertigem, nachhaltigem Birkenfurnier handgefertigt, ist f\u00fcr den Kontakt mit Lebensmitteln zugelassen, widerstandsf\u00e4hig gegen Hitze und Flecken und kann sicher in der Sp\u00fclmaschine gereinigt werden.<\/p>\n<p>Verwandle gew\u00f6hnliche Momente in aussergew\u00f6hnliche Erlebnisse mit diesem klassischen Tablett.<\/p>\n<p style=\"text-align: left\"><em>Designer:<\/em> Andreas Frei\/HappyTrays<\/p>\n<p style=\"text-align: left\"><em>Material:<\/em> Birkenfurnier, Melaminbeschichtung<\/p>\n<p style=\"text-align: left\"><em>Muster:<\/em>\u00a0Leaves<\/p>\n<p style=\"text-align: left\"><em>Form:<\/em> Rechteckig<\/p>\n<p style=\"text-align: left\"><em>Gr\u00f6sse:<\/em> 34 x 24 cm<\/p>\n","protected":false},"excerpt":{"rendered":"<p>Hochwertiges Tablett aus nachhaltigem Birkenholz mit lebendigem Design in limitierter Auflage. Entworfen in der Schweiz, handgefertigt in Schweden. 34 x 24 cm.<\/p>\n","protected":false},"featured_media":69755,"template":"","meta":[],"product_brand":[],"product_cat":[1108,1022,797,1208,909,915,42,1104,43],"product_tag":[314],"woo-feed-brand":[],"class_list":{"0":"post-69753","1":"product","2":"type-product","3":"status-publish","4":"has-post-thumbnail","6":"product_cat-tabletts","7":"product_cat-brunch","8":"product_cat-muttertag","9":"product_cat-ueber-25-chf","10":"product_cat-weihnachten","11":"product_cat-wichteln","12":"product_cat-kueche","13":"product_cat-tischakzente","14":"product_cat-gedeckter-tisch","15":"product_tag-happytrays","17":"first","18":"instock","19":"taxable","20":"shipping-taxable","21":"purchasable","22":"product-type-simple"},"_links":{"self":[{"href":"https:\/\/www.fleurop-home.ch\/de-ch\/wp-json\/wp\/v2\/product\/69753","targetHints":{"allow":["GET"]}}],"collection":[{"href":"https:\/\/www.fleurop-home.ch\/de-ch\/wp-json\/wp\/v2\/product"}],"about":[{"href":"https:\/\/www.fleurop-home.ch\/de-ch\/wp-json\/wp\/v2\/types\/product"}],"wp:featuredmedia":[{"embeddable":true,"href":"https:\/\/www.fleurop-home.ch\/de-ch\/wp-json\/wp\/v2\/media\/69755"}],"wp:attachment":[{"href":"https:\/\/www.fleurop-home.ch\/de-ch\/wp-json\/wp\/v2\/media?parent=69753"}],"wp:term":[{"taxonomy":"product_brand","embeddable":true,"href":"https:\/\/www.fleurop-home.ch\/de-ch\/wp-json\/wp\/v2\/product_brand?post=69753"},{"taxonomy":"product_cat","embeddable":true,"href":"https:\/\/www.fleurop-home.ch\/de-ch\/wp-json\/wp\/v2\/product_cat?post=69753"},{"taxonomy":"product_tag","embeddable":true,"href":"https:\/\/www.fleurop-home.ch\/de-ch\/wp-json\/wp\/v2\/product_tag?post=69753"},{"taxonomy":"woo-feed-brand","embeddable":true,"href":"https:\/\/www.fleurop-home.ch\/de-ch\/wp-json\/wp\/v2\/woo-feed-brand?post=69753"}],"curies":[{"name":"wp","href":"https:\/\/api.w.org\/{rel}","templated":true}]}}