{"id":6891,"date":"2020-09-17T15:21:17","date_gmt":"2020-09-17T15:21:17","guid":{"rendered":"https:\/\/www.fleurop-home.ch\/?product=trockenblumen-strauss-gemischt-pink-gelb-o-ca-22-cm-h-ca-45-cm"},"modified":"2026-04-01T14:09:32","modified_gmt":"2026-04-01T12:09:32","slug":"trockenblumen-strauss-gemischt-pink-gelb-o-ca-22-cm-h-ca-45-cm","status":"publish","type":"product","link":"https:\/\/www.fleurop-home.ch\/de-ch\/p\/trockenblumen-strauss-gemischt-pink-gelb-o-ca-22-cm-h-ca-45-cm","title":{"rendered":"Trockenblumen Strauss gemischt Pink &amp; Gelb \u00d8 ca.22 cm H ca.45 cm"},"content":{"rendered":"<p><strong>Trockenblumenstrauss<\/strong><\/p>\n<p>Die angestaubte Trockenblume ist wieder zur\u00fcck und hat Ihren grossen Auftritt.<\/p>\n<p>Einfach so verwelken, das war einmal, zeitgem\u00e4ss und neu interpretiert erleben die Trockenblumen in diesem Jahr einen grossen Aufschwung.<\/p>\n<p>Trockenblumen sind aktuell der Inbegriff neuer Nachhaltigkeit.<\/p>\n<p>Ob als Tischdekoration oder verspielt in eine Vase gestellt, ein Trend den man kaum umgehen kann. Sie bringen Farbe nach Hause und lassen sich toll zuhause integrieren.<\/p>\n<p>Angaben zu den Trockenblumen\u00a0 \u00d8 ca.22 cm H ca.45 cm<\/p>\n<p>Die Str\u00e4usse werden auf Bestellung gebunden und k\u00f6nnen in der Ausf\u00fchrung leicht variieren.<\/p>\n","protected":false},"excerpt":{"rendered":"<p>Trockenblumen Strauss gemischt Pink &amp; Gelb \u00d8 ca.22 cm H ca.45 cm<\/p>\n","protected":false},"featured_media":6892,"template":"","meta":[],"product_brand":[],"product_cat":[117,23,910,797,1024,909,26,916,52,55],"product_tag":[294],"woo-feed-brand":[],"class_list":{"0":"post-6891","1":"product","2":"type-product","3":"status-publish","4":"has-post-thumbnail","6":"product_cat-trockenblumen","7":"product_cat-home-living","8":"product_cat-geschenkideen","9":"product_cat-muttertag","10":"product_cat-muttertagsdeko","11":"product_cat-weihnachten","12":"product_cat-blumen-pflanzen","13":"product_cat-praesente","14":"product_cat-geschenke","15":"product_cat-blumige-geschenke","16":"product_tag-the-bloomery","18":"first","19":"instock","20":"taxable","21":"shipping-taxable","22":"purchasable","23":"product-type-simple"},"_links":{"self":[{"href":"https:\/\/www.fleurop-home.ch\/de-ch\/wp-json\/wp\/v2\/product\/6891","targetHints":{"allow":["GET"]}}],"collection":[{"href":"https:\/\/www.fleurop-home.ch\/de-ch\/wp-json\/wp\/v2\/product"}],"about":[{"href":"https:\/\/www.fleurop-home.ch\/de-ch\/wp-json\/wp\/v2\/types\/product"}],"wp:featuredmedia":[{"embeddable":true,"href":"https:\/\/www.fleurop-home.ch\/de-ch\/wp-json\/wp\/v2\/media\/6892"}],"wp:attachment":[{"href":"https:\/\/www.fleurop-home.ch\/de-ch\/wp-json\/wp\/v2\/media?parent=6891"}],"wp:term":[{"taxonomy":"product_brand","embeddable":true,"href":"https:\/\/www.fleurop-home.ch\/de-ch\/wp-json\/wp\/v2\/product_brand?post=6891"},{"taxonomy":"product_cat","embeddable":true,"href":"https:\/\/www.fleurop-home.ch\/de-ch\/wp-json\/wp\/v2\/product_cat?post=6891"},{"taxonomy":"product_tag","embeddable":true,"href":"https:\/\/www.fleurop-home.ch\/de-ch\/wp-json\/wp\/v2\/product_tag?post=6891"},{"taxonomy":"woo-feed-brand","embeddable":true,"href":"https:\/\/www.fleurop-home.ch\/de-ch\/wp-json\/wp\/v2\/woo-feed-brand?post=6891"}],"curies":[{"name":"wp","href":"https:\/\/api.w.org\/{rel}","templated":true}]}}