{"id":68688,"date":"2025-11-20T16:13:26","date_gmt":"2025-11-20T15:13:26","guid":{"rendered":"https:\/\/www.fleurop-home.ch\/de-ch\/?post_type=product&#038;p=68688"},"modified":"2026-02-05T13:32:41","modified_gmt":"2026-02-05T12:32:41","slug":"3er-set-froehlicher-schneemann","status":"publish","type":"product","link":"https:\/\/www.fleurop-home.ch\/de-ch\/p\/3er-set-froehlicher-schneemann","title":{"rendered":"3er Set fr\u00f6hlicher Schneemann"},"content":{"rendered":"<ul>\n<li>Farbe: Rot, gr\u00fcn, braun, weiss<\/li>\n<li>Ketten aus Holz-\/Silikonperlen<\/li>\n<li>Zahndose aus Holz wird eingraviert<\/li>\n<li>Durchmesser Dose 5cm, H\u00f6he 3.5cm<\/li>\n<li>H\u00e4kel Mini-Schneemann ca. 12cm<\/li>\n<li>Mit oder ohne Personalisierung (Buchstabenperlen aus Silikon)<\/li>\n<li>Clip Schnullerkette aus Holz<\/li>\n<li>2-er Set ohne Zahndose<\/li>\n<\/ul>\n<p>&nbsp;<\/p>\n<p><strong>VORSICHT:<\/strong><\/p>\n<ul>\n<li>Reinige die Schnullerkette vor dem ersten Gebrauch<\/li>\n<li>Kontrolliere die Schnullerkette und den Schneemann vor jedem Gebrauch<\/li>\n<li>Mechanische Beanspruchung kann zu Abnutzungen f\u00fchren<\/li>\n<li>Bei ersten Anzeichen von M\u00e4ngeln an der Kette\/Schneemann diese sofort entsorgen<\/li>\n<li>Die Schnullerkette niemals verl\u00e4ngern und nur an der Kleidung befestigen<\/li>\n<li>Kette und Schneemann nur unter Aufsicht eines Erwachsenen verwenden<\/li>\n<li>Zum Reinigen mit warmem Wasser absp\u00fclen und trocknen lassen<\/li>\n<li>H\u00e4kelschneemann nicht geeignet f\u00fcr in die Waschmaschine\/Tumbler<\/li>\n<li>Keine Haftung f\u00fcr unsachgem\u00e4ssen Gebrauch<\/li>\n<\/ul>\n<p>&nbsp;<\/p>\n<p>Form und Farbe der Produkte k\u00f6nnen geringf\u00fcgig von den Produktbildern abweichen.<\/p>\n","protected":false},"excerpt":{"rendered":"<p>Unser 3er Set fr\u00f6hlicher Schneemann ist das ideale Geschenk zur Geburt, Taufe oder Babyparty f\u00fcr echte kleine Weihnachtsfans. Es enth\u00e4lt eine Schnullerkette, eine Zahndose und einen H\u00e4kel Mini-Schneemann.<\/p>\n","protected":false},"featured_media":68689,"template":"","meta":[],"product_brand":[],"product_cat":[939,909,916,59],"product_tag":[336],"woo-feed-brand":[],"class_list":{"0":"post-68688","1":"product","2":"type-product","3":"status-publish","4":"has-post-thumbnail","6":"product_cat-kindergeschenke","7":"product_cat-weihnachten","8":"product_cat-praesente","9":"product_cat-kids","10":"product_tag-teddi-bebe","12":"first","13":"instock","14":"taxable","15":"shipping-taxable","16":"purchasable","17":"product-type-simple"},"_links":{"self":[{"href":"https:\/\/www.fleurop-home.ch\/de-ch\/wp-json\/wp\/v2\/product\/68688","targetHints":{"allow":["GET"]}}],"collection":[{"href":"https:\/\/www.fleurop-home.ch\/de-ch\/wp-json\/wp\/v2\/product"}],"about":[{"href":"https:\/\/www.fleurop-home.ch\/de-ch\/wp-json\/wp\/v2\/types\/product"}],"wp:featuredmedia":[{"embeddable":true,"href":"https:\/\/www.fleurop-home.ch\/de-ch\/wp-json\/wp\/v2\/media\/68689"}],"wp:attachment":[{"href":"https:\/\/www.fleurop-home.ch\/de-ch\/wp-json\/wp\/v2\/media?parent=68688"}],"wp:term":[{"taxonomy":"product_brand","embeddable":true,"href":"https:\/\/www.fleurop-home.ch\/de-ch\/wp-json\/wp\/v2\/product_brand?post=68688"},{"taxonomy":"product_cat","embeddable":true,"href":"https:\/\/www.fleurop-home.ch\/de-ch\/wp-json\/wp\/v2\/product_cat?post=68688"},{"taxonomy":"product_tag","embeddable":true,"href":"https:\/\/www.fleurop-home.ch\/de-ch\/wp-json\/wp\/v2\/product_tag?post=68688"},{"taxonomy":"woo-feed-brand","embeddable":true,"href":"https:\/\/www.fleurop-home.ch\/de-ch\/wp-json\/wp\/v2\/woo-feed-brand?post=68688"}],"curies":[{"name":"wp","href":"https:\/\/api.w.org\/{rel}","templated":true}]}}