{"id":68686,"date":"2025-11-20T16:10:13","date_gmt":"2025-11-20T15:10:13","guid":{"rendered":"https:\/\/www.fleurop-home.ch\/de-ch\/?post_type=product&#038;p=68686"},"modified":"2026-02-05T13:31:57","modified_gmt":"2026-02-05T12:31:57","slug":"2er-set-froehlicher-schneemann","status":"publish","type":"product","link":"https:\/\/www.fleurop-home.ch\/de-ch\/p\/2er-set-froehlicher-schneemann","title":{"rendered":"2er Set fr\u00f6hlicher Schneemann"},"content":{"rendered":"<ul>\n<li>Farbe: Rot, gr\u00fcn, braun, weiss<\/li>\n<li>Ketten aus Holz-\/Silikonperlen<\/li>\n<li>H\u00e4kel Mini-Schneemann ca. 12cm<\/li>\n<li>Clip Schnullerkette aus Holz<\/li>\n<\/ul>\n<p>&nbsp;<\/p>\n<p><strong>VORSICHT:<\/strong><\/p>\n<ul>\n<li>Reinige die Schnullerkette vor dem ersten Gebrauch<\/li>\n<li>Kontrolliere die Schnullerkette und den Schneemann vor jedem Gebrauch<\/li>\n<li>Mechanische Beanspruchung kann zu Abnutzungen f\u00fchren<\/li>\n<li>Bei ersten Anzeichen von M\u00e4ngeln an der Kette\/Schneemann diese sofort entsorgen<\/li>\n<li>Die Schnullerkette niemals verl\u00e4ngern und nur an der Kleidung befestigen<\/li>\n<li>Kette und Schneemann nur unter Aufsicht eines Erwachsenen verwenden<\/li>\n<li>Zum Reinigen mit warmem Wasser absp\u00fclen und trocknen lassen<\/li>\n<li>H\u00e4kelschneemann nicht geeignet f\u00fcr in die Waschmaschine\/Tumbler<\/li>\n<li>Keine Haftung f\u00fcr unsachgem\u00e4ssen Gebrauch<\/li>\n<\/ul>\n<p>&nbsp;<\/p>\n<p>Form und Farbe der Produkte k\u00f6nnen geringf\u00fcgig von den Produktbildern abweichen.<\/p>\n","protected":false},"excerpt":{"rendered":"<p>Unser 2er Set fr\u00f6hlicher Schneemann ist das ideale Geschenk zur Geburt, Taufe oder Babyparty f\u00fcr echte kleine Weihnachtsfans. Es enth\u00e4lt eine Schnullerkette und einen H\u00e4kel Mini-Schneemann.<\/p>\n","protected":false},"featured_media":68687,"template":"","meta":[],"product_brand":[],"product_cat":[939,1208,909,915,59],"product_tag":[336],"woo-feed-brand":[],"class_list":{"0":"post-68686","1":"product","2":"type-product","3":"status-publish","4":"has-post-thumbnail","6":"product_cat-kindergeschenke","7":"product_cat-ueber-25-chf","8":"product_cat-weihnachten","9":"product_cat-wichteln","10":"product_cat-kids","11":"product_tag-teddi-bebe","13":"first","14":"instock","15":"taxable","16":"shipping-taxable","17":"purchasable","18":"product-type-simple"},"_links":{"self":[{"href":"https:\/\/www.fleurop-home.ch\/de-ch\/wp-json\/wp\/v2\/product\/68686","targetHints":{"allow":["GET"]}}],"collection":[{"href":"https:\/\/www.fleurop-home.ch\/de-ch\/wp-json\/wp\/v2\/product"}],"about":[{"href":"https:\/\/www.fleurop-home.ch\/de-ch\/wp-json\/wp\/v2\/types\/product"}],"wp:featuredmedia":[{"embeddable":true,"href":"https:\/\/www.fleurop-home.ch\/de-ch\/wp-json\/wp\/v2\/media\/68687"}],"wp:attachment":[{"href":"https:\/\/www.fleurop-home.ch\/de-ch\/wp-json\/wp\/v2\/media?parent=68686"}],"wp:term":[{"taxonomy":"product_brand","embeddable":true,"href":"https:\/\/www.fleurop-home.ch\/de-ch\/wp-json\/wp\/v2\/product_brand?post=68686"},{"taxonomy":"product_cat","embeddable":true,"href":"https:\/\/www.fleurop-home.ch\/de-ch\/wp-json\/wp\/v2\/product_cat?post=68686"},{"taxonomy":"product_tag","embeddable":true,"href":"https:\/\/www.fleurop-home.ch\/de-ch\/wp-json\/wp\/v2\/product_tag?post=68686"},{"taxonomy":"woo-feed-brand","embeddable":true,"href":"https:\/\/www.fleurop-home.ch\/de-ch\/wp-json\/wp\/v2\/woo-feed-brand?post=68686"}],"curies":[{"name":"wp","href":"https:\/\/api.w.org\/{rel}","templated":true}]}}