{"id":67313,"date":"2025-11-05T17:42:11","date_gmt":"2025-11-05T16:42:11","guid":{"rendered":"https:\/\/www.fleurop-home.ch\/de-ch\/?post_type=product&#038;p=67313"},"modified":"2025-12-19T09:02:16","modified_gmt":"2025-12-19T08:02:16","slug":"geschenkset-burner-schwarz-duftwachs-belle-freesie-litschi","status":"publish","type":"product","link":"https:\/\/www.fleurop-home.ch\/de-ch\/p\/geschenkset-burner-schwarz-duftwachs-belle-freesie-litschi","title":{"rendered":"Geschenkset Burner schwarz &amp; Duftwachs Belle Freesie &amp; Litschi"},"content":{"rendered":"<div class=\"info-block--item\">\n<div><strong>Duftbeschreibung:<\/strong><\/div>\n<div>Eine Mischung aus den blumigen D\u00fcften von Rose, Magnolie, Maigl\u00f6ckchen und einem Hauch von Amber und Lychee<\/div>\n<\/div>\n<div><\/div>\n<div><\/div>\n<div><\/div>\n<div class=\"info-block--item\">\n<div><strong>Anweisungen:<\/strong><\/div>\n<div>Nutze mindestens drei Duftwachspralinen. Platziere die Duftwachspralinen oben in den Wachsbrenner. Stelle den Wachsbrenner frei und auf eine ebene Oberfl\u00e4che. Z\u00fcnde ein Teelicht unten im Wachsbrenner an, lasse die Duftwachspralinen schmelzen und geniessen die herrlichen D\u00fcfte.<\/div>\n<\/div>\n","protected":false},"excerpt":{"rendered":"<p>Ein tolles Geschenkset mit klassischem Duftwachsbrenner gepaart mit den modernen Duftwachspralinen.<\/p>\n","protected":false},"featured_media":67316,"template":"","meta":[],"product_brand":[],"product_cat":[51,23,99,984,993,1208,909,28,916,915,48],"product_tag":[1094],"woo-feed-brand":[],"class_list":{"0":"post-67313","1":"product","2":"type-product","3":"status-publish","4":"has-post-thumbnail","6":"product_cat-raumduefte","7":"product_cat-home-living","8":"product_cat-duftkerzen","9":"product_cat-silvester","10":"product_cat-silvestergeschenke","11":"product_cat-ueber-25-chf","12":"product_cat-weihnachten","13":"product_cat-kerzen-lichter","14":"product_cat-praesente","15":"product_cat-wichteln","16":"product_cat-bad-wellness","17":"product_tag-corinas","19":"first","20":"instock","21":"taxable","22":"shipping-taxable","23":"purchasable","24":"product-type-simple"},"_links":{"self":[{"href":"https:\/\/www.fleurop-home.ch\/de-ch\/wp-json\/wp\/v2\/product\/67313","targetHints":{"allow":["GET"]}}],"collection":[{"href":"https:\/\/www.fleurop-home.ch\/de-ch\/wp-json\/wp\/v2\/product"}],"about":[{"href":"https:\/\/www.fleurop-home.ch\/de-ch\/wp-json\/wp\/v2\/types\/product"}],"wp:featuredmedia":[{"embeddable":true,"href":"https:\/\/www.fleurop-home.ch\/de-ch\/wp-json\/wp\/v2\/media\/67316"}],"wp:attachment":[{"href":"https:\/\/www.fleurop-home.ch\/de-ch\/wp-json\/wp\/v2\/media?parent=67313"}],"wp:term":[{"taxonomy":"product_brand","embeddable":true,"href":"https:\/\/www.fleurop-home.ch\/de-ch\/wp-json\/wp\/v2\/product_brand?post=67313"},{"taxonomy":"product_cat","embeddable":true,"href":"https:\/\/www.fleurop-home.ch\/de-ch\/wp-json\/wp\/v2\/product_cat?post=67313"},{"taxonomy":"product_tag","embeddable":true,"href":"https:\/\/www.fleurop-home.ch\/de-ch\/wp-json\/wp\/v2\/product_tag?post=67313"},{"taxonomy":"woo-feed-brand","embeddable":true,"href":"https:\/\/www.fleurop-home.ch\/de-ch\/wp-json\/wp\/v2\/woo-feed-brand?post=67313"}],"curies":[{"name":"wp","href":"https:\/\/api.w.org\/{rel}","templated":true}]}}