{"id":67297,"date":"2025-11-05T15:02:03","date_gmt":"2025-11-05T14:02:03","guid":{"rendered":"https:\/\/www.fleurop-home.ch\/de-ch\/?post_type=product&#038;p=67297"},"modified":"2025-12-19T09:02:46","modified_gmt":"2025-12-19T08:02:46","slug":"reed-diffuser-inkl-glas-und-staebchen-xxl-1000ml-orange-und-zirbe","status":"publish","type":"product","link":"https:\/\/www.fleurop-home.ch\/de-ch\/p\/reed-diffuser-inkl-glas-und-staebchen-xxl-1000ml-orange-und-zirbe","title":{"rendered":"Reed Diffuser inkl Glas und St\u00e4bchen XXL 1000ml Orange und Zirbe"},"content":{"rendered":"<p>Dieser Ready Set der Duftst\u00e4bchen verbindet Design, Eleganz und Genuss. Dies ist das perfekte Geschenk f\u00fcr gehobene Gastgeber oder gute Kunden.<\/p>\n","protected":false},"excerpt":{"rendered":"<p>Das perfekte Geschenk<\/p>\n","protected":false},"featured_media":67299,"template":"","meta":[],"product_brand":[],"product_cat":[51,48],"product_tag":[1094],"woo-feed-brand":[],"class_list":{"0":"post-67297","1":"product","2":"type-product","3":"status-publish","4":"has-post-thumbnail","6":"product_cat-raumduefte","7":"product_cat-bad-wellness","8":"product_tag-corinas","10":"first","11":"instock","12":"taxable","13":"shipping-taxable","14":"purchasable","15":"product-type-simple"},"_links":{"self":[{"href":"https:\/\/www.fleurop-home.ch\/de-ch\/wp-json\/wp\/v2\/product\/67297","targetHints":{"allow":["GET"]}}],"collection":[{"href":"https:\/\/www.fleurop-home.ch\/de-ch\/wp-json\/wp\/v2\/product"}],"about":[{"href":"https:\/\/www.fleurop-home.ch\/de-ch\/wp-json\/wp\/v2\/types\/product"}],"wp:featuredmedia":[{"embeddable":true,"href":"https:\/\/www.fleurop-home.ch\/de-ch\/wp-json\/wp\/v2\/media\/67299"}],"wp:attachment":[{"href":"https:\/\/www.fleurop-home.ch\/de-ch\/wp-json\/wp\/v2\/media?parent=67297"}],"wp:term":[{"taxonomy":"product_brand","embeddable":true,"href":"https:\/\/www.fleurop-home.ch\/de-ch\/wp-json\/wp\/v2\/product_brand?post=67297"},{"taxonomy":"product_cat","embeddable":true,"href":"https:\/\/www.fleurop-home.ch\/de-ch\/wp-json\/wp\/v2\/product_cat?post=67297"},{"taxonomy":"product_tag","embeddable":true,"href":"https:\/\/www.fleurop-home.ch\/de-ch\/wp-json\/wp\/v2\/product_tag?post=67297"},{"taxonomy":"woo-feed-brand","embeddable":true,"href":"https:\/\/www.fleurop-home.ch\/de-ch\/wp-json\/wp\/v2\/woo-feed-brand?post=67297"}],"curies":[{"name":"wp","href":"https:\/\/api.w.org\/{rel}","templated":true}]}}