{"id":67051,"date":"2025-11-02T20:51:33","date_gmt":"2025-11-02T19:51:33","guid":{"rendered":"https:\/\/www.fleurop-home.ch\/fr-ch\/?post_type=product&#038;p=67051"},"modified":"2026-02-24T13:20:55","modified_gmt":"2026-02-24T12:20:55","slug":"trockenblumenstrauss-sauvage","status":"publish","type":"product","link":"https:\/\/www.fleurop-home.ch\/de-ch\/p\/trockenblumenstrauss-sauvage","title":{"rendered":"Trockenblumenstrauss &#171;Sauvage&#187;"},"content":{"rendered":"<p>Dieser Strauss in herbstlichen Farben mit hellrosa Rosen ist einfach zauberhaft und sorgt f\u00fcr eine sch\u00f6ne \u00dcberraschung.<br \/>\nEin etwas wild anmutender Strauss f\u00fcr einen Geburtstag oder einen anderen Anlass, mit 100 % nat\u00fcrlichen, getrockneten und stabilisierten Blumen, die mehrere Jahre lang ohne Pflege halten, begleitet von einer h\u00fcbschen kleinen Vase, die dir viel Freude bereiten wird.<\/p>\n","protected":false},"excerpt":{"rendered":"<p>Wundersch\u00f6ner Strauss aus getrockneten und stabilisierten Blumen, die Vase ist im Preis inbegriffen.<\/p>\n","protected":false},"featured_media":67052,"template":"","meta":[],"product_brand":[],"product_cat":[117,23,1247],"product_tag":[1135],"woo-feed-brand":[],"class_list":{"0":"post-67051","1":"product","2":"type-product","3":"status-publish","4":"has-post-thumbnail","6":"product_cat-trockenblumen","7":"product_cat-home-living","8":"product_cat-sale","9":"product_tag-mon-reve-fleuri","11":"first","12":"instock","13":"sale","14":"taxable","15":"shipping-taxable","16":"purchasable","17":"product-type-simple"},"_links":{"self":[{"href":"https:\/\/www.fleurop-home.ch\/de-ch\/wp-json\/wp\/v2\/product\/67051","targetHints":{"allow":["GET"]}}],"collection":[{"href":"https:\/\/www.fleurop-home.ch\/de-ch\/wp-json\/wp\/v2\/product"}],"about":[{"href":"https:\/\/www.fleurop-home.ch\/de-ch\/wp-json\/wp\/v2\/types\/product"}],"wp:featuredmedia":[{"embeddable":true,"href":"https:\/\/www.fleurop-home.ch\/de-ch\/wp-json\/wp\/v2\/media\/67052"}],"wp:attachment":[{"href":"https:\/\/www.fleurop-home.ch\/de-ch\/wp-json\/wp\/v2\/media?parent=67051"}],"wp:term":[{"taxonomy":"product_brand","embeddable":true,"href":"https:\/\/www.fleurop-home.ch\/de-ch\/wp-json\/wp\/v2\/product_brand?post=67051"},{"taxonomy":"product_cat","embeddable":true,"href":"https:\/\/www.fleurop-home.ch\/de-ch\/wp-json\/wp\/v2\/product_cat?post=67051"},{"taxonomy":"product_tag","embeddable":true,"href":"https:\/\/www.fleurop-home.ch\/de-ch\/wp-json\/wp\/v2\/product_tag?post=67051"},{"taxonomy":"woo-feed-brand","embeddable":true,"href":"https:\/\/www.fleurop-home.ch\/de-ch\/wp-json\/wp\/v2\/woo-feed-brand?post=67051"}],"curies":[{"name":"wp","href":"https:\/\/api.w.org\/{rel}","templated":true}]}}