{"id":6684,"date":"2020-05-22T11:29:53","date_gmt":"2020-05-22T11:29:53","guid":{"rendered":"https:\/\/www.fleurop-home.ch\/?product=eine-edle-rosenbox-rund-in-rot-mit-7-roten-echten-stabilisierten-rosen-o-ca-15-cm"},"modified":"2026-03-30T09:50:19","modified_gmt":"2026-03-30T07:50:19","slug":"rosenbox-rund-7-rote-rosen-o-ca-15-cm-stabilisiert","status":"publish","type":"product","link":"https:\/\/www.fleurop-home.ch\/de-ch\/p\/rosenbox-rund-7-rote-rosen-o-ca-15-cm-stabilisiert","title":{"rendered":"Rosenbox-Rund 7 rote Rosen \u00d8 ca. 15 cm &#8211; stabilisiert"},"content":{"rendered":"<p><span style=\"font-size: 11pt;\"><strong>Rosenbox &#8211; rund, in rot mit 7 roten, echten, stabilisierten Rosen\u00a0 \u00d8 ca. 15 cm<\/strong><\/span><\/p>\n<p>Wundersch\u00f6ne runde Rosenbox in rot, mit echten, roten Rosen, die mit einer speziellen Methode stabilisiert (haltbar gemacht) wurden.<\/p>\n<p>Die elegante, runde Flower-Box in rot ist mit einem roten Band und zus\u00e4tzlich einem edlen Glasstein geschm\u00fcckt und eignet sich als Geschenk der Liebe zu jedem Anlass, sei es zur Hochzeit, zum Valentinstag oder \u00abeinfach so\u00bb. Die Rosenbox wurde von unserem Floristinnen-Team von Hand und mit viel Liebe gestaltet. Sie eignet sich auch als haltbarer Schmuck und Wohnaccessoire.<\/p>\n<p>Details: 7 Rosen, \u00d8 ca. 15 cm, H ca. 13 cm, ca. 2 -3 Jahre haltbar.<\/p>\n<p><em><strong>Bitte beachte unseren Pflegehinweis:<\/strong> <\/em><\/p>\n<p>Unsere stabilisierten Rosen ben\u00f6tigen weder Pflege noch Wasser. Sie bl\u00fchen \u00fcber Jahre, einfach so. Bei Raumtemperatur und an schattigen Standorten halten unsere stabilisierten Rosenbouquets am l\u00e4ngsten.<\/p>\n<p><em>Die Rosen k\u00f6nnen an Form und Farbe verlieren, wenn man sie: <\/em><\/p>\n<p>bew\u00e4ssert (auf keinen Fall bew\u00e4ssern!), oft oder grob anfasst (Staub mit einem weichen Pinsel entfernen), zu hoher Luftfeuchtigkeit oder direkter Sonneneinstrahlung aussetzt.<\/p>\n","protected":false},"excerpt":{"rendered":"<p>Wundersch\u00f6ne runde rote Rosenbox mit passender roter Schleife und zus\u00e4tzlich einem edlem Glasstein geschm\u00fcckt<\/p>\n","protected":false},"featured_media":6685,"template":"","meta":[],"product_brand":[],"product_cat":[102,23,26],"product_tag":[290],"woo-feed-brand":[],"class_list":{"0":"post-6684","1":"product","2":"type-product","3":"status-publish","4":"has-post-thumbnail","6":"product_cat-infinity-rosen","7":"product_cat-home-living","8":"product_cat-blumen-pflanzen","9":"product_tag-atelier-leutwyler","11":"first","12":"instock","13":"taxable","14":"shipping-taxable","15":"purchasable","16":"product-type-simple"},"_links":{"self":[{"href":"https:\/\/www.fleurop-home.ch\/de-ch\/wp-json\/wp\/v2\/product\/6684","targetHints":{"allow":["GET"]}}],"collection":[{"href":"https:\/\/www.fleurop-home.ch\/de-ch\/wp-json\/wp\/v2\/product"}],"about":[{"href":"https:\/\/www.fleurop-home.ch\/de-ch\/wp-json\/wp\/v2\/types\/product"}],"wp:featuredmedia":[{"embeddable":true,"href":"https:\/\/www.fleurop-home.ch\/de-ch\/wp-json\/wp\/v2\/media\/6685"}],"wp:attachment":[{"href":"https:\/\/www.fleurop-home.ch\/de-ch\/wp-json\/wp\/v2\/media?parent=6684"}],"wp:term":[{"taxonomy":"product_brand","embeddable":true,"href":"https:\/\/www.fleurop-home.ch\/de-ch\/wp-json\/wp\/v2\/product_brand?post=6684"},{"taxonomy":"product_cat","embeddable":true,"href":"https:\/\/www.fleurop-home.ch\/de-ch\/wp-json\/wp\/v2\/product_cat?post=6684"},{"taxonomy":"product_tag","embeddable":true,"href":"https:\/\/www.fleurop-home.ch\/de-ch\/wp-json\/wp\/v2\/product_tag?post=6684"},{"taxonomy":"woo-feed-brand","embeddable":true,"href":"https:\/\/www.fleurop-home.ch\/de-ch\/wp-json\/wp\/v2\/woo-feed-brand?post=6684"}],"curies":[{"name":"wp","href":"https:\/\/api.w.org\/{rel}","templated":true}]}}