{"id":66780,"date":"2025-10-27T22:11:23","date_gmt":"2025-10-27T21:11:23","guid":{"rendered":"https:\/\/www.fleurop-home.ch\/de-ch\/?post_type=product&#038;p=66780"},"modified":"2025-12-19T09:05:11","modified_gmt":"2025-12-19T08:05:11","slug":"kerzenstaender-weiss-orange","status":"publish","type":"product","link":"https:\/\/www.fleurop-home.ch\/de-ch\/p\/kerzenstaender-weiss-orange","title":{"rendered":"Kerzenst\u00e4nder, weiss-orange"},"content":{"rendered":"<p><strong>Material:<\/strong>\u00a0Jesmonite<\/p>\n<p><strong>Handgefertigt:<\/strong> Jedes St\u00fcck ist ein Unikat<\/p>\n<p><strong>Masse:<\/strong> ca. 80mm (B) x 60mm (H), f\u00fcr Kerzen von ca. 25mm \u00d8<\/p>\n<p><strong>Pflegehinweis: <\/strong>Alle Produkte sind wasserabweisend, aber nicht wasserdicht.\u00a0Zum Reinigen mit feuchtem Tuch leicht abwischen, nicht reiben.<\/p>\n<p><strong>Gut zu wissen: <\/strong>Da jedes Produkt handgefertigt ist, k\u00f6nnen Farben und Muster leicht variieren. Aufgrund der Beschaffenheit des Materials sind einige Luftblasen unvermeidbar.<\/p>\n","protected":false},"excerpt":{"rendered":"<p>Dieser Kerzenst\u00e4nder aus Jesmonite bringt Eleganz und Stil in dein Zuhause. Mit den verschiedenen erh\u00e4ltlichen Farben und Mustern ist er ein echter Hingucker in jedem Raum. Der Kerzenst\u00e4nder ist handgefertigt, was jedes St\u00fcck zu einem Unikat macht. Er eignet sich perfekt f\u00fcr den Esstisch, das Wohnzimmer oder als besonderes Highlight in deiner Dekoration.<\/p>\n","protected":false},"featured_media":66781,"template":"","meta":[],"product_brand":[],"product_cat":[104,23,28],"product_tag":[333],"woo-feed-brand":[],"class_list":{"0":"post-66780","1":"product","2":"type-product","3":"status-publish","4":"has-post-thumbnail","6":"product_cat-kerzenhalter","7":"product_cat-home-living","8":"product_cat-kerzen-lichter","9":"product_tag-kiwi-deko","11":"first","12":"instock","13":"taxable","14":"shipping-taxable","15":"purchasable","16":"product-type-simple"},"_links":{"self":[{"href":"https:\/\/www.fleurop-home.ch\/de-ch\/wp-json\/wp\/v2\/product\/66780","targetHints":{"allow":["GET"]}}],"collection":[{"href":"https:\/\/www.fleurop-home.ch\/de-ch\/wp-json\/wp\/v2\/product"}],"about":[{"href":"https:\/\/www.fleurop-home.ch\/de-ch\/wp-json\/wp\/v2\/types\/product"}],"wp:featuredmedia":[{"embeddable":true,"href":"https:\/\/www.fleurop-home.ch\/de-ch\/wp-json\/wp\/v2\/media\/66781"}],"wp:attachment":[{"href":"https:\/\/www.fleurop-home.ch\/de-ch\/wp-json\/wp\/v2\/media?parent=66780"}],"wp:term":[{"taxonomy":"product_brand","embeddable":true,"href":"https:\/\/www.fleurop-home.ch\/de-ch\/wp-json\/wp\/v2\/product_brand?post=66780"},{"taxonomy":"product_cat","embeddable":true,"href":"https:\/\/www.fleurop-home.ch\/de-ch\/wp-json\/wp\/v2\/product_cat?post=66780"},{"taxonomy":"product_tag","embeddable":true,"href":"https:\/\/www.fleurop-home.ch\/de-ch\/wp-json\/wp\/v2\/product_tag?post=66780"},{"taxonomy":"woo-feed-brand","embeddable":true,"href":"https:\/\/www.fleurop-home.ch\/de-ch\/wp-json\/wp\/v2\/woo-feed-brand?post=66780"}],"curies":[{"name":"wp","href":"https:\/\/api.w.org\/{rel}","templated":true}]}}