{"id":66688,"date":"2025-10-24T14:38:03","date_gmt":"2025-10-24T12:38:03","guid":{"rendered":"https:\/\/www.fleurop-home.ch\/?post_type=product&#038;p=66688"},"modified":"2025-12-19T09:05:13","modified_gmt":"2025-12-19T08:05:13","slug":"satinbaender-25mmx25m-bundle","status":"publish","type":"product","link":"https:\/\/www.fleurop-home.ch\/de-ch\/p\/satinbaender-25mmx25m-bundle","title":{"rendered":"Satinb\u00e4nder 25mmx25m (Bundle)"},"content":{"rendered":"<p>Elegante, doppelseitige Satinb\u00e4nder in edlem Braun, dunkelrot und\/ oder gr\u00fcn. Mit einer Breite von 25 mm und einer L\u00e4nge von 25 Metern eignen sie sich ideal f\u00fcr Geschenkverpackungen, Dekorationen, Bastelarbeiten oder festliche Anl\u00e4sse wie Hochzeiten und Weihnachten. Die glatten, gl\u00e4nzenden Oberfl\u00e4chen verleihen jedem Projekt eine hochwertige Note.<\/p>\n","protected":false},"excerpt":{"rendered":"<p>Satinb\u00e4nder in edlem Braun, dunkelrot und\/ oder gr\u00fcn<br \/>\n25mm x 25m<\/p>\n","protected":false},"featured_media":68400,"template":"","meta":[],"product_brand":[],"product_cat":[1193,23,1178,909,911,29],"product_tag":[983],"woo-feed-brand":[],"class_list":{"0":"post-66688","1":"product","2":"type-product","3":"status-publish","4":"has-post-thumbnail","6":"product_cat-baender-tueten","7":"product_cat-home-living","8":"product_cat-diy","9":"product_cat-weihnachten","10":"product_cat-accessoires","11":"product_cat-do-it-yourself","12":"product_tag-selection-by-fleurophome","14":"first","15":"outofstock","16":"featured","17":"taxable","18":"shipping-taxable","19":"product-type-grouped"},"_links":{"self":[{"href":"https:\/\/www.fleurop-home.ch\/de-ch\/wp-json\/wp\/v2\/product\/66688","targetHints":{"allow":["GET"]}}],"collection":[{"href":"https:\/\/www.fleurop-home.ch\/de-ch\/wp-json\/wp\/v2\/product"}],"about":[{"href":"https:\/\/www.fleurop-home.ch\/de-ch\/wp-json\/wp\/v2\/types\/product"}],"wp:featuredmedia":[{"embeddable":true,"href":"https:\/\/www.fleurop-home.ch\/de-ch\/wp-json\/wp\/v2\/media\/68400"}],"wp:attachment":[{"href":"https:\/\/www.fleurop-home.ch\/de-ch\/wp-json\/wp\/v2\/media?parent=66688"}],"wp:term":[{"taxonomy":"product_brand","embeddable":true,"href":"https:\/\/www.fleurop-home.ch\/de-ch\/wp-json\/wp\/v2\/product_brand?post=66688"},{"taxonomy":"product_cat","embeddable":true,"href":"https:\/\/www.fleurop-home.ch\/de-ch\/wp-json\/wp\/v2\/product_cat?post=66688"},{"taxonomy":"product_tag","embeddable":true,"href":"https:\/\/www.fleurop-home.ch\/de-ch\/wp-json\/wp\/v2\/product_tag?post=66688"},{"taxonomy":"woo-feed-brand","embeddable":true,"href":"https:\/\/www.fleurop-home.ch\/de-ch\/wp-json\/wp\/v2\/woo-feed-brand?post=66688"}],"curies":[{"name":"wp","href":"https:\/\/api.w.org\/{rel}","templated":true}]}}