{"id":6638,"date":"2020-05-16T12:39:32","date_gmt":"2020-05-16T12:39:32","guid":{"rendered":"https:\/\/www.fleurop-home.ch\/?product=baumwolle-baumwollzweig-getrocknet-h-ca-5070-cm"},"modified":"2026-03-31T19:44:56","modified_gmt":"2026-03-31T17:44:56","slug":"baumwollzweig-getrocknet","status":"publish","type":"product","link":"https:\/\/www.fleurop-home.ch\/de-ch\/p\/baumwollzweig-getrocknet","title":{"rendered":"Baumwollzweig &#8211; getrocknet"},"content":{"rendered":"<h3>Trockenblumen<br \/>\nDer neue Interior-Trend<\/h3>\n<p>In diesem Jahr sieht man getrocknete Zweige und Blumen h\u00e4ufiger denn je.<br \/>\nSie sind nicht nur eine Herbstdeko, sondern verspr\u00fchen das ganze Jahr \u00fcber ihren Zauber.<br \/>\nGetrocknete Blumen sind sehr angesagt.<br \/>\nOb als Tischdeko oder opulent in grossen Vasen platziert \u2500 Trockenblumen machen sich einzeln und im bunten Bouquet einfach herrlich.<br \/>\nDer riesengrosse Vorteil im Vergleich zu frischen Blumen: Eine Trockenblumen-Deko h\u00e4lt praktisch ewig.<\/p>\n<p>Details des Baumwollzweiges H ca. 50\/70 cm \/ ca. 8-10 Baumwollb\u00fcschel pro Zweig. Der Preis bezieht sich pro Zweig. Baumwollzweige sind ein Naturprodukt und k\u00f6nnen in Anordnung, Farbe und Gr\u00f6sse der einzelnen &#171;Baumwollb\u00fcschel&#187; variieren. Einzelne Baumwollb\u00fcschel k\u00f6nnen im Stiel durch den Trocknungsprozess auch angebrochen sein oder Trockenreste der Knospenh\u00fclle enthalten.<\/p>\n<p>Die Vase und der Strauss aus Baumwollzweigen ist als Idee\/Muster f\u00fcr eine m\u00f6gliche Gestaltung gedacht und geh\u00f6rt nicht zum Produktepreis.<\/p>\n<p><strong>Bitte beachte:<\/strong><br \/>\n\u2022\u00a0\u00a0\u00a0 Packe die Trockenblumen bitte vorsichtig aus. Getrocknete Zweige sind br\u00fcchiger als frische.<br \/>\n\u2022\u00a0\u00a0\u00a0 Trockenblumen sind ein Naturprodukt. Die Str\u00e4usse \/ Einzelblumen werden saisonal individuell zusammengestellt und k\u00f6nnen so in Blumenwahl, Anordnung und Farbe variieren.<br \/>\n\u2022\u00a0\u00a0\u00a0 Es k\u00f6nnte Unterschiede zwischen der abgebildeten Farbe auf der Webseite und der tats\u00e4chlichen Farbe geben. Dies aufgrund von Lichteinfall, Helligkeit des Monitors, Kontrasteinstellung etc.<\/p>\n","protected":false},"excerpt":{"rendered":"<p>Der neue Interior-Trend Baumwolle Trockenblumen; Baumwollzweig trocken, ca. 8-10 Baumwollb\u00fcschel H ca. 50\/70 cm<\/p>\n","protected":false},"featured_media":6639,"template":"","meta":[],"product_brand":[],"product_cat":[117,23],"product_tag":[290],"woo-feed-brand":[],"class_list":{"0":"post-6638","1":"product","2":"type-product","3":"status-publish","4":"has-post-thumbnail","6":"product_cat-trockenblumen","7":"product_cat-home-living","8":"product_tag-atelier-leutwyler","10":"first","11":"instock","12":"featured","13":"taxable","14":"shipping-taxable","15":"purchasable","16":"product-type-simple"},"_links":{"self":[{"href":"https:\/\/www.fleurop-home.ch\/de-ch\/wp-json\/wp\/v2\/product\/6638","targetHints":{"allow":["GET"]}}],"collection":[{"href":"https:\/\/www.fleurop-home.ch\/de-ch\/wp-json\/wp\/v2\/product"}],"about":[{"href":"https:\/\/www.fleurop-home.ch\/de-ch\/wp-json\/wp\/v2\/types\/product"}],"wp:featuredmedia":[{"embeddable":true,"href":"https:\/\/www.fleurop-home.ch\/de-ch\/wp-json\/wp\/v2\/media\/6639"}],"wp:attachment":[{"href":"https:\/\/www.fleurop-home.ch\/de-ch\/wp-json\/wp\/v2\/media?parent=6638"}],"wp:term":[{"taxonomy":"product_brand","embeddable":true,"href":"https:\/\/www.fleurop-home.ch\/de-ch\/wp-json\/wp\/v2\/product_brand?post=6638"},{"taxonomy":"product_cat","embeddable":true,"href":"https:\/\/www.fleurop-home.ch\/de-ch\/wp-json\/wp\/v2\/product_cat?post=6638"},{"taxonomy":"product_tag","embeddable":true,"href":"https:\/\/www.fleurop-home.ch\/de-ch\/wp-json\/wp\/v2\/product_tag?post=6638"},{"taxonomy":"woo-feed-brand","embeddable":true,"href":"https:\/\/www.fleurop-home.ch\/de-ch\/wp-json\/wp\/v2\/woo-feed-brand?post=6638"}],"curies":[{"name":"wp","href":"https:\/\/api.w.org\/{rel}","templated":true}]}}