{"id":6583,"date":"2020-04-06T13:59:27","date_gmt":"2020-04-06T13:59:27","guid":{"rendered":"https:\/\/www.fleurop-home.ch\/?product=edelrosen-orange-50cm-10-stk-blume-3000"},"modified":"2026-04-21T13:08:52","modified_gmt":"2026-04-21T11:08:52","slug":"edelrosen-orange-50cm-10-stk-blume-3000","status":"publish","type":"product","link":"https:\/\/www.fleurop-home.ch\/de-ch\/p\/edelrosen-orange-50cm-10-stk-blume-3000","title":{"rendered":"Edelrosen orange 50cm 10 Stk &#8211; blume 3000"},"content":{"rendered":"<p><strong>Beschreibung:<\/strong><\/p>\n<p>Die Edelrosen aus Ecuador \u00fcberzeugen durch besonders grosse Rosenk\u00f6pfe und eine lange Haltbarkeit. Unverarbeitet geliefert, k\u00f6nnen sie nach Belieben ger\u00fcstet und zu einem individuellen Strauss verarbeitet werden. Bitte beachte, dass die Farbe leicht von der Abbildung abweichen kann.<\/p>\n<p><strong>Haltbarkeit &amp; Fairtrade:<\/strong><\/p>\n<ul>\n<li>Haltbarkeitsgarantie: 7 Tage<\/li>\n<li>100% Fairtrade-zertifiziert<\/li>\n<\/ul>\n<p><strong>Zusammensetzung:<\/strong><\/p>\n<ul>\n<li>10 Edelrosen in Orange<\/li>\n<li>L\u00e4nge: 50 cm<\/li>\n<\/ul>\n","protected":false},"excerpt":{"rendered":"<p>10 Edelrosen aus Ecuador, 50 cm, unger\u00fcstet als Bund. Mit einer Haltbarkeitsgarantie von 7 Tagen und 100% Fairtrade-zertifiziert.<\/p>\n","protected":false},"featured_media":6584,"template":"","meta":[],"product_brand":[],"product_cat":[112,23,797,1024,26],"product_tag":[284],"woo-feed-brand":[],"class_list":{"0":"post-6583","1":"product","2":"type-product","3":"status-publish","4":"has-post-thumbnail","6":"product_cat-schnittblumen","7":"product_cat-home-living","8":"product_cat-muttertag","9":"product_cat-muttertagsdeko","10":"product_cat-blumen-pflanzen","11":"product_tag-blume-3000","13":"first","14":"instock","15":"taxable","16":"shipping-taxable","17":"purchasable","18":"product-type-simple"},"_links":{"self":[{"href":"https:\/\/www.fleurop-home.ch\/de-ch\/wp-json\/wp\/v2\/product\/6583","targetHints":{"allow":["GET"]}}],"collection":[{"href":"https:\/\/www.fleurop-home.ch\/de-ch\/wp-json\/wp\/v2\/product"}],"about":[{"href":"https:\/\/www.fleurop-home.ch\/de-ch\/wp-json\/wp\/v2\/types\/product"}],"wp:featuredmedia":[{"embeddable":true,"href":"https:\/\/www.fleurop-home.ch\/de-ch\/wp-json\/wp\/v2\/media\/6584"}],"wp:attachment":[{"href":"https:\/\/www.fleurop-home.ch\/de-ch\/wp-json\/wp\/v2\/media?parent=6583"}],"wp:term":[{"taxonomy":"product_brand","embeddable":true,"href":"https:\/\/www.fleurop-home.ch\/de-ch\/wp-json\/wp\/v2\/product_brand?post=6583"},{"taxonomy":"product_cat","embeddable":true,"href":"https:\/\/www.fleurop-home.ch\/de-ch\/wp-json\/wp\/v2\/product_cat?post=6583"},{"taxonomy":"product_tag","embeddable":true,"href":"https:\/\/www.fleurop-home.ch\/de-ch\/wp-json\/wp\/v2\/product_tag?post=6583"},{"taxonomy":"woo-feed-brand","embeddable":true,"href":"https:\/\/www.fleurop-home.ch\/de-ch\/wp-json\/wp\/v2\/woo-feed-brand?post=6583"}],"curies":[{"name":"wp","href":"https:\/\/api.w.org\/{rel}","templated":true}]}}